{"id":25865,"date":"2025-11-18T16:36:58","date_gmt":"2025-11-18T13:36:58","guid":{"rendered":"https:\/\/thecey.com\/?post_type=product&#038;p=25865"},"modified":"2025-11-18T16:37:00","modified_gmt":"2025-11-18T13:37:00","slug":"wmf-blender-kitchenminis-mix-on-the-go","status":"publish","type":"product","link":"https:\/\/thecey.com\/en\/urunler\/wmf-blender-kitchenminis-mix-on-the-go\/","title":{"rendered":"WMF Blender Kitchenminis Mix on the go"},"content":{"rendered":"<p>WMF&#8217;nin bu ta\u015f\u0131nabilir blender&#8217;\u0131 ile nereye giderseniz gidin, vitamin dolu, taze ve lezzetli smoothie&#8217;ler i\u00e7in h\u0131zl\u0131 ve m\u00fckemmel sonu\u00e7lar\u0131n keyfini \u00e7\u0131kar\u0131n! WMF&#8217;nin KITCHENminis\u00ae Mix on the Go, g\u00fc\u00e7l\u00fc kar\u0131\u015ft\u0131rmay\u0131 ta\u015f\u0131nabilir bir tasar\u0131mla birle\u015ftiriyor. Tek bir d\u00fc\u011fmeye basarak, meyve ve sebzeleri sadece 40 saniyede, elektriksiz lezzetli bir smoothie&#8217;ye d\u00f6n\u00fc\u015ft\u00fcr\u00fcn. USB kablosuyla \u015farj edin ve 10 kar\u0131\u015ft\u0131rma d\u00f6ng\u00fcs\u00fcne kadar dayan\u0131r. \u00dcstelik t\u00fcm bunlar, \u00e7antan\u0131za kolayca s\u0131\u011fan hafif (500 gram), Cromargan yap\u0131m\u0131 bir blenderda geliyor. Ola\u011fan\u00fcst\u00fc ve ergonomik tasar\u0131m\u0131 hem \u015farj etmesi kolay hem de kullan\u0131m\u0131 g\u00fcvenlidir. WMF KITCHENminis Mix on the Go, \u00fcst k\u0131sm\u0131ndaki bir grav\u00fcr, Max Bask\u0131s\u0131 ve bir k\u0131l\u0131f ile ki\u015fiselle\u015ftirilebilir.<\/p>\n","protected":false},"excerpt":{"rendered":"<p>WMF&#8217;nin bu ta\u015f\u0131nabilir blender&#8217;\u0131 ile nereye giderseniz gidin, vitamin dolu, taze ve lezzetli smoothie&#8217;ler i\u00e7in h\u0131zl\u0131 ve m\u00fckemmel sonu\u00e7lar\u0131n keyfini \u00e7\u0131kar\u0131n! WMF&#8217;nin KITCHENminis\u00ae Mix on the Go, g\u00fc\u00e7l\u00fc kar\u0131\u015ft\u0131rmay\u0131 ta\u015f\u0131nabilir bir tasar\u0131mla birle\u015ftiriyor. Tek bir d\u00fc\u011fmeye basarak, meyve ve sebzeleri sadece 40 saniyede, elektriksiz lezzetli bir smoothie&#8217;ye d\u00f6n\u00fc\u015ft\u00fcr\u00fcn. USB kablosuyla \u015farj edin ve 10 kar\u0131\u015ft\u0131rma&#8230; Devam\u0131<\/p>\n","protected":false},"featured_media":25867,"comment_status":"open","ping_status":"closed","template":"","meta":[],"product_brand":[],"product_cat":[17],"product_tag":[],"class_list":{"0":"post-25865","1":"product","2":"type-product","3":"status-publish","4":"has-post-thumbnail","6":"product_cat-deonet","8":"first","9":"instock","10":"shipping-taxable","11":"product-type-simple"},"_links":{"self":[{"href":"https:\/\/thecey.com\/en\/wp-json\/wp\/v2\/product\/25865\/"}],"collection":[{"href":"https:\/\/thecey.com\/en\/wp-json\/wp\/v2\/product\/"}],"about":[{"href":"https:\/\/thecey.com\/en\/wp-json\/wp\/v2\/types\/product\/"}],"replies":[{"embeddable":true,"href":"https:\/\/thecey.com\/en\/wp-json\/wp\/v2\/comments\/?post=25865"}],"wp:featuredmedia":[{"embeddable":true,"href":"https:\/\/thecey.com\/en\/wp-json\/wp\/v2\/media\/25867\/"}],"wp:attachment":[{"href":"https:\/\/thecey.com\/en\/wp-json\/wp\/v2\/media\/?parent=25865"}],"wp:term":[{"taxonomy":"product_brand","embeddable":true,"href":"https:\/\/thecey.com\/en\/wp-json\/wp\/v2\/product_brand\/?post=25865"},{"taxonomy":"product_cat","embeddable":true,"href":"https:\/\/thecey.com\/en\/wp-json\/wp\/v2\/product_cat\/?post=25865"},{"taxonomy":"product_tag","embeddable":true,"href":"https:\/\/thecey.com\/en\/wp-json\/wp\/v2\/product_tag\/?post=25865"}],"curies":[{"name":"wp","href":"https:\/\/api.w.org\/{rel}","templated":true}]}}