{"id":25804,"date":"2025-11-18T16:17:08","date_gmt":"2025-11-18T13:17:08","guid":{"rendered":"https:\/\/thecey.com\/?post_type=product&#038;p=25804"},"modified":"2025-11-18T16:17:10","modified_gmt":"2025-11-18T13:17:10","slug":"jbl-go-4","status":"publish","type":"product","link":"https:\/\/thecey.com\/en\/urunler\/jbl-go-4\/","title":{"rendered":"JBL GO 4"},"content":{"rendered":"<p>Gitti\u011finiz her yerde JBL Pro sesini dinleyin. Cesur ve renkli JBL Go 4 ultra ta\u015f\u0131nabilir Bluetooth hoparl\u00f6r avucunuza s\u0131\u011far ve zengin, vurucu baslarla net ve y\u00fcksek JBL Pro Ses sunar. Yeni tasarlanan entegre loop \u00f6zelli\u011fi sayesinde her yere kolayca ta\u015f\u0131yabilirsiniz ve \u00e7e\u015fitli renk se\u00e7enekleri sayesinde tarz\u0131n\u0131za uygun olan\u0131 se\u00e7ebilirsiniz. Ayr\u0131ca su ve toz ge\u00e7irmez \u00f6zelli\u011fi sayesinde d\u0131\u015far\u0131 \u00e7\u0131kmaktan da keyif al\u0131r. 7 saate kadar \u00e7alma s\u00fcresiyle, e\u011flenceli bir g\u00fcnl\u00fck gezi veya y\u0131ld\u0131zlar\u0131n alt\u0131nda dinlenirken keyifli anlar ya\u015faman\u0131z\u0131 sa\u011flar. Playtime Boost d\u00fc\u011fmesine bas\u0131n ve en sevdi\u011finiz m\u00fczikleri 2 saat daha dinleyin. Stereo ses i\u00e7in iki Go 4&#8217;\u00fc e\u015fle\u015ftirin veya daha da g\u00fc\u00e7l\u00fc ses i\u00e7in birden fazla JBL Auracast \u00f6zellikli hoparl\u00f6r\u00fc kablosuz olarak ba\u011flay\u0131n. Sesi a\u00e7\u0131n ve m\u00fczi\u011finizin sizi her yere g\u00f6t\u00fcrmesine izin verin. JBL Go 4&#8217;\u00fc tam renkli bir bask\u0131 ve bir k\u0131l\u0131fla ki\u015fiselle\u015ftirin. Ki\u015fiselle\u015ftirilmi\u015f JBL \u00fcr\u00fcnleri i\u00e7in sipari\u015fler, yaln\u0131zca JBL ki\u015fiselle\u015ftirmeyi onaylad\u0131ktan ve imzal\u0131 bir Harman sat\u0131n alma ve sat\u0131\u015f s\u00f6zle\u015fmesi ald\u0131ktan sonra kabul edilir. Ki\u015fiselle\u015ftirilmemi\u015f \u00fcr\u00fcn sipari\u015fleri yaln\u0131zca JBL-HVP s\u00f6zle\u015fmeniz varsa kabul edilir. L\u00fctfen sipari\u015f verirken s\u00f6zle\u015fme numaran\u0131z\u0131 belirtin. Bayi, resmi JBL\/Harman ortakl\u0131\u011f\u0131 Ticari Marka ve M\u00fclkiyet Haklar\u0131n\u0131 kullanamaz.<\/p>\n","protected":false},"excerpt":{"rendered":"<p>Gitti\u011finiz her yerde JBL Pro sesini dinleyin. Cesur ve renkli JBL Go 4 ultra ta\u015f\u0131nabilir Bluetooth hoparl\u00f6r avucunuza s\u0131\u011far ve zengin, vurucu baslarla net ve y\u00fcksek JBL Pro Ses sunar. Yeni tasarlanan entegre loop \u00f6zelli\u011fi sayesinde her yere kolayca ta\u015f\u0131yabilirsiniz ve \u00e7e\u015fitli renk se\u00e7enekleri sayesinde tarz\u0131n\u0131za uygun olan\u0131 se\u00e7ebilirsiniz. Ayr\u0131ca su ve toz ge\u00e7irmez \u00f6zelli\u011fi&#8230; Devam\u0131<\/p>\n","protected":false},"featured_media":25813,"comment_status":"open","ping_status":"closed","template":"","meta":[],"product_brand":[],"product_cat":[17],"product_tag":[],"class_list":{"0":"post-25804","1":"product","2":"type-product","3":"status-publish","4":"has-post-thumbnail","6":"product_cat-deonet","8":"first","9":"instock","10":"shipping-taxable","11":"product-type-simple"},"_links":{"self":[{"href":"https:\/\/thecey.com\/en\/wp-json\/wp\/v2\/product\/25804\/"}],"collection":[{"href":"https:\/\/thecey.com\/en\/wp-json\/wp\/v2\/product\/"}],"about":[{"href":"https:\/\/thecey.com\/en\/wp-json\/wp\/v2\/types\/product\/"}],"replies":[{"embeddable":true,"href":"https:\/\/thecey.com\/en\/wp-json\/wp\/v2\/comments\/?post=25804"}],"wp:featuredmedia":[{"embeddable":true,"href":"https:\/\/thecey.com\/en\/wp-json\/wp\/v2\/media\/25813\/"}],"wp:attachment":[{"href":"https:\/\/thecey.com\/en\/wp-json\/wp\/v2\/media\/?parent=25804"}],"wp:term":[{"taxonomy":"product_brand","embeddable":true,"href":"https:\/\/thecey.com\/en\/wp-json\/wp\/v2\/product_brand\/?post=25804"},{"taxonomy":"product_cat","embeddable":true,"href":"https:\/\/thecey.com\/en\/wp-json\/wp\/v2\/product_cat\/?post=25804"},{"taxonomy":"product_tag","embeddable":true,"href":"https:\/\/thecey.com\/en\/wp-json\/wp\/v2\/product_tag\/?post=25804"}],"curies":[{"name":"wp","href":"https:\/\/api.w.org\/{rel}","templated":true}]}}