{"id":25738,"date":"2025-11-18T16:08:34","date_gmt":"2025-11-18T13:08:34","guid":{"rendered":"https:\/\/thecey.com\/?post_type=product&#038;p=25738"},"modified":"2025-11-18T16:08:36","modified_gmt":"2025-11-18T13:08:36","slug":"fresh-n-rebel-smart-finder","status":"publish","type":"product","link":"https:\/\/thecey.com\/en\/urunler\/fresh-n-rebel-smart-finder\/","title":{"rendered":"Fresh n Rebel Smart Finder"},"content":{"rendered":"<p>Fresh &#8216;n Rebel Ak\u0131ll\u0131 Bulucu ile bir daha asla hi\u00e7bir \u015fey kaybetmeyin! Sa\u011flam, IP67 toz ve suya dayan\u0131kl\u0131 tasar\u0131m\u0131 sayesinde, bu Ak\u0131ll\u0131 Bulucu&#8217;yu kaybetmek istemedi\u011finiz her \u015feye takabilirsiniz. Anahtarlar\u0131n\u0131z\u0131, c\u00fczdan\u0131n\u0131z\u0131 ve hatta evcil hayvan\u0131n\u0131z\u0131 d\u00fc\u015f\u00fcn\u00fcn. Ak\u0131ll\u0131 Bulucu, iPhone, iPad, Mac&#8217;inizdeki Apple Find My uygulamas\u0131na veya Apple Watch&#8217;unuzdaki Find Items uygulamas\u0131na kolayca ba\u011flan\u0131r. Konumunu yak\u0131ndaki iPhone&#8217;lara iletmek i\u00e7in Bluetooth kullan\u0131r. Bu iPhone&#8217;lar bu bilgileri iPhone&#8217;unuza geri g\u00f6nderir, b\u00f6ylece Find My uygulamas\u0131ndaki haritada Find My uygulamas\u0131n\u0131 g\u00f6rebilirsiniz. Ak\u0131ll\u0131 Bulucu, e\u015fyan\u0131z\u0131 geride b\u0131rak\u0131rsan\u0131z ve biri bulursa sizi uyar\u0131r. Ayr\u0131ca, uygulamada basit bir dokunu\u015fla e\u015fyalar\u0131n\u0131z\u0131 bulman\u0131za yard\u0131mc\u0131 olacak y\u00fcksek sesli bir ses \u00e7alabilirsiniz. Fresh &#8216;n Rebel Ak\u0131ll\u0131 Bulucu&#8217;nuzu tam renkli kubbelerle ki\u015fiselle\u015ftirin.<\/p>\n","protected":false},"excerpt":{"rendered":"<p>Fresh &#8216;n Rebel Ak\u0131ll\u0131 Bulucu ile bir daha asla hi\u00e7bir \u015fey kaybetmeyin! Sa\u011flam, IP67 toz ve suya dayan\u0131kl\u0131 tasar\u0131m\u0131 sayesinde, bu Ak\u0131ll\u0131 Bulucu&#8217;yu kaybetmek istemedi\u011finiz her \u015feye takabilirsiniz. Anahtarlar\u0131n\u0131z\u0131, c\u00fczdan\u0131n\u0131z\u0131 ve hatta evcil hayvan\u0131n\u0131z\u0131 d\u00fc\u015f\u00fcn\u00fcn. Ak\u0131ll\u0131 Bulucu, iPhone, iPad, Mac&#8217;inizdeki Apple Find My uygulamas\u0131na veya Apple Watch&#8217;unuzdaki Find Items uygulamas\u0131na kolayca ba\u011flan\u0131r. Konumunu yak\u0131ndaki iPhone&#8217;lara&#8230; Devam\u0131<\/p>\n","protected":false},"featured_media":25739,"comment_status":"open","ping_status":"closed","template":"","meta":[],"product_brand":[],"product_cat":[17],"product_tag":[],"class_list":{"0":"post-25738","1":"product","2":"type-product","3":"status-publish","4":"has-post-thumbnail","6":"product_cat-deonet","8":"first","9":"instock","10":"shipping-taxable","11":"product-type-simple"},"_links":{"self":[{"href":"https:\/\/thecey.com\/en\/wp-json\/wp\/v2\/product\/25738\/"}],"collection":[{"href":"https:\/\/thecey.com\/en\/wp-json\/wp\/v2\/product\/"}],"about":[{"href":"https:\/\/thecey.com\/en\/wp-json\/wp\/v2\/types\/product\/"}],"replies":[{"embeddable":true,"href":"https:\/\/thecey.com\/en\/wp-json\/wp\/v2\/comments\/?post=25738"}],"wp:featuredmedia":[{"embeddable":true,"href":"https:\/\/thecey.com\/en\/wp-json\/wp\/v2\/media\/25739\/"}],"wp:attachment":[{"href":"https:\/\/thecey.com\/en\/wp-json\/wp\/v2\/media\/?parent=25738"}],"wp:term":[{"taxonomy":"product_brand","embeddable":true,"href":"https:\/\/thecey.com\/en\/wp-json\/wp\/v2\/product_brand\/?post=25738"},{"taxonomy":"product_cat","embeddable":true,"href":"https:\/\/thecey.com\/en\/wp-json\/wp\/v2\/product_cat\/?post=25738"},{"taxonomy":"product_tag","embeddable":true,"href":"https:\/\/thecey.com\/en\/wp-json\/wp\/v2\/product_tag\/?post=25738"}],"curies":[{"name":"wp","href":"https:\/\/api.w.org\/{rel}","templated":true}]}}