{"id":25614,"date":"2025-11-06T10:50:54","date_gmt":"2025-11-06T07:50:54","guid":{"rendered":"https:\/\/thecey.com\/urunler\/urun-16\/"},"modified":"2026-04-18T14:44:29","modified_gmt":"2026-04-18T11:44:29","slug":"urun-16","status":"publish","type":"product","link":"https:\/\/thecey.com\/en\/urunler\/urun-16\/","title":{"rendered":"Kablosuz \u015earj Dijital Yaz\u0131 Tahtas\u0131"},"content":{"rendered":"<p>Bambu Logo Alan\u0131<br \/>\n \t6,3 inc Not Alma Ekran\u0131<br \/>\n \t15W H\u0131zl\u0131 \u015earj<br \/>\n \tBluetooth Hoparl\u00f6r<br \/>\n \tA\u011f\u0131rl\u0131k: 243 gr<br \/>\n \t\u00d6l\u00e7\u00fc: 220 x 160 mm<\/p>\n","protected":false},"excerpt":{"rendered":"<p>Bambu Logo Alan\u0131 6,3 inc Not Alma Ekran\u0131 15W H\u0131zl\u0131 \u015earj Bluetooth Hoparl\u00f6r A\u011f\u0131rl\u0131k: 243 gr \u00d6l\u00e7\u00fc: 220 x 160 mm<\/p>\n","protected":false},"featured_media":25615,"comment_status":"open","ping_status":"closed","template":"","meta":[],"product_brand":[],"product_cat":[2275],"product_tag":[],"class_list":{"0":"post-25614","1":"product","2":"type-product","3":"status-publish","4":"has-post-thumbnail","6":"product_cat-thecey-stok-urunler","8":"first","9":"instock","10":"shipping-taxable","11":"purchasable","12":"product-type-variable"},"_links":{"self":[{"href":"https:\/\/thecey.com\/en\/wp-json\/wp\/v2\/product\/25614\/"}],"collection":[{"href":"https:\/\/thecey.com\/en\/wp-json\/wp\/v2\/product\/"}],"about":[{"href":"https:\/\/thecey.com\/en\/wp-json\/wp\/v2\/types\/product\/"}],"replies":[{"embeddable":true,"href":"https:\/\/thecey.com\/en\/wp-json\/wp\/v2\/comments\/?post=25614"}],"wp:featuredmedia":[{"embeddable":true,"href":"https:\/\/thecey.com\/en\/wp-json\/wp\/v2\/media\/25615\/"}],"wp:attachment":[{"href":"https:\/\/thecey.com\/en\/wp-json\/wp\/v2\/media\/?parent=25614"}],"wp:term":[{"taxonomy":"product_brand","embeddable":true,"href":"https:\/\/thecey.com\/en\/wp-json\/wp\/v2\/product_brand\/?post=25614"},{"taxonomy":"product_cat","embeddable":true,"href":"https:\/\/thecey.com\/en\/wp-json\/wp\/v2\/product_cat\/?post=25614"},{"taxonomy":"product_tag","embeddable":true,"href":"https:\/\/thecey.com\/en\/wp-json\/wp\/v2\/product_tag\/?post=25614"}],"curies":[{"name":"wp","href":"https:\/\/api.w.org\/{rel}","templated":true}]}}