{"id":25602,"date":"2025-11-06T10:50:43","date_gmt":"2025-11-06T07:50:43","guid":{"rendered":"https:\/\/thecey.com\/urunler\/urun-15\/"},"modified":"2026-04-21T14:44:19","modified_gmt":"2026-04-21T11:44:19","slug":"urun-15","status":"publish","type":"product","link":"https:\/\/thecey.com\/en\/urunler\/urun-15\/","title":{"rendered":"I\u015f\u0131kl\u0131 Logo Bambu Magsafe 10000 mAh"},"content":{"rendered":"<p>Kapasite: 10000 mAh<br \/>\n \tBambu Y\u00fczey<br \/>\n \t22,5W H\u0131zl\u0131 \u015earj<br \/>\n \t15W Wireless \u015earj<br \/>\n \tY\u00fczde G\u00f6sterge Ekran\u0131<br \/>\n \tLED Logo Alan\u0131<br \/>\n \t\u00c7\u0131k\u0131\u015f: Micro USB<br \/>\n \tGiri\u015f: Type-C<br \/>\n \tA\u011f\u0131rl\u0131k: 203 gr<br \/>\n \t\u00d6l\u00e7\u00fc: 113 x 75 mm<\/p>\n","protected":false},"excerpt":{"rendered":"<p>Kapasite: 10000 mAh Bambu Y\u00fczey 22,5W H\u0131zl\u0131 \u015earj 15W Wireless \u015earj Y\u00fczde G\u00f6sterge Ekran\u0131 LED Logo Alan\u0131 \u00c7\u0131k\u0131\u015f: Micro USB Giri\u015f: Type-C A\u011f\u0131rl\u0131k: 203 gr \u00d6l\u00e7\u00fc: 113 x 75 mm<\/p>\n","protected":false},"featured_media":25603,"comment_status":"open","ping_status":"closed","template":"","meta":[],"product_brand":[],"product_cat":[2275],"product_tag":[],"class_list":{"0":"post-25602","1":"product","2":"type-product","3":"status-publish","4":"has-post-thumbnail","6":"product_cat-thecey-stok-urunler","8":"first","9":"instock","10":"shipping-taxable","11":"purchasable","12":"product-type-variable"},"_links":{"self":[{"href":"https:\/\/thecey.com\/en\/wp-json\/wp\/v2\/product\/25602\/"}],"collection":[{"href":"https:\/\/thecey.com\/en\/wp-json\/wp\/v2\/product\/"}],"about":[{"href":"https:\/\/thecey.com\/en\/wp-json\/wp\/v2\/types\/product\/"}],"replies":[{"embeddable":true,"href":"https:\/\/thecey.com\/en\/wp-json\/wp\/v2\/comments\/?post=25602"}],"wp:featuredmedia":[{"embeddable":true,"href":"https:\/\/thecey.com\/en\/wp-json\/wp\/v2\/media\/25603\/"}],"wp:attachment":[{"href":"https:\/\/thecey.com\/en\/wp-json\/wp\/v2\/media\/?parent=25602"}],"wp:term":[{"taxonomy":"product_brand","embeddable":true,"href":"https:\/\/thecey.com\/en\/wp-json\/wp\/v2\/product_brand\/?post=25602"},{"taxonomy":"product_cat","embeddable":true,"href":"https:\/\/thecey.com\/en\/wp-json\/wp\/v2\/product_cat\/?post=25602"},{"taxonomy":"product_tag","embeddable":true,"href":"https:\/\/thecey.com\/en\/wp-json\/wp\/v2\/product_tag\/?post=25602"}],"curies":[{"name":"wp","href":"https:\/\/api.w.org\/{rel}","templated":true}]}}