{"id":25550,"date":"2025-11-06T10:49:47","date_gmt":"2025-11-06T07:49:47","guid":{"rendered":"https:\/\/thecey.com\/urunler\/urun-14\/"},"modified":"2026-04-22T14:44:24","modified_gmt":"2026-04-22T11:44:24","slug":"urun-14","status":"publish","type":"product","link":"https:\/\/thecey.com\/en\/urunler\/urun-14\/","title":{"rendered":"Cam Matara 500 ml"},"content":{"rendered":"<p>Kapasite: 500 ml<br \/>\n \tA\u011f\u0131rl\u0131k: 380 gr<br \/>\n \tRenkli Koruyucu K\u0131l\u0131f<br \/>\n \t\u00d6l\u00e7\u00fc: 225 mm x 65 mm<\/p>\n","protected":false},"excerpt":{"rendered":"<p>Kapasite: 500 ml A\u011f\u0131rl\u0131k: 380 gr Renkli Koruyucu K\u0131l\u0131f \u00d6l\u00e7\u00fc: 225 mm x 65 mm<\/p>\n","protected":false},"featured_media":25551,"comment_status":"open","ping_status":"closed","template":"","meta":[],"product_brand":[],"product_cat":[2275],"product_tag":[],"class_list":{"0":"post-25550","1":"product","2":"type-product","3":"status-publish","4":"has-post-thumbnail","6":"product_cat-thecey-stok-urunler","8":"first","9":"instock","10":"shipping-taxable","11":"purchasable","12":"product-type-variable"},"_links":{"self":[{"href":"https:\/\/thecey.com\/en\/wp-json\/wp\/v2\/product\/25550\/"}],"collection":[{"href":"https:\/\/thecey.com\/en\/wp-json\/wp\/v2\/product\/"}],"about":[{"href":"https:\/\/thecey.com\/en\/wp-json\/wp\/v2\/types\/product\/"}],"replies":[{"embeddable":true,"href":"https:\/\/thecey.com\/en\/wp-json\/wp\/v2\/comments\/?post=25550"}],"wp:featuredmedia":[{"embeddable":true,"href":"https:\/\/thecey.com\/en\/wp-json\/wp\/v2\/media\/25551\/"}],"wp:attachment":[{"href":"https:\/\/thecey.com\/en\/wp-json\/wp\/v2\/media\/?parent=25550"}],"wp:term":[{"taxonomy":"product_brand","embeddable":true,"href":"https:\/\/thecey.com\/en\/wp-json\/wp\/v2\/product_brand\/?post=25550"},{"taxonomy":"product_cat","embeddable":true,"href":"https:\/\/thecey.com\/en\/wp-json\/wp\/v2\/product_cat\/?post=25550"},{"taxonomy":"product_tag","embeddable":true,"href":"https:\/\/thecey.com\/en\/wp-json\/wp\/v2\/product_tag\/?post=25550"}],"curies":[{"name":"wp","href":"https:\/\/api.w.org\/{rel}","templated":true}]}}