{"id":1554,"date":"2018-11-07T23:16:58","date_gmt":"2018-11-07T20:16:58","guid":{"rendered":"http:\/\/thecey.com\/yeni\/product\/import-placeholder-for-18231\/"},"modified":"2021-01-26T14:03:12","modified_gmt":"2021-01-26T11:03:12","slug":"trozel-klipsli-kalemlerencustomised-clips-pen","status":"publish","type":"product","link":"https:\/\/thecey.com\/en\/urunler\/trozel-klipsli-kalemlerencustomised-clips-pen\/","title":{"rendered":"\u00d6ZEL KL\u0130PSL\u0130 KALEMLER"},"content":{"rendered":"\u00d6zel klipsli kaliteli kalemler.<\/p>\n<p>Malzeme: plastik, bioplastik tercihe ba\u011fl\u0131.<\/p>\n<p>Min. sipari\u015f miktar\u0131: 3000 adet<\/p>\n<p>Teslim s\u00fcresi: 25-30 g\u00fcn","protected":false},"excerpt":{"rendered":"","protected":false},"featured_media":1647,"comment_status":"open","ping_status":"closed","template":"","meta":[],"product_brand":[],"product_cat":[119,424,50,653,304,116],"product_tag":[],"class_list":{"0":"post-1554","1":"product","2":"type-product","3":"status-publish","4":"has-post-thumbnail","6":"product_cat-eko-kalem","7":"product_cat-ihrac-urunleri","8":"product_cat-kalem","9":"product_cat-made-in-turkey","10":"product_cat-thecey","11":"product_cat-tukenmez-kalem","13":"first","14":"instock","15":"shipping-taxable","16":"purchasable","17":"product-type-simple"},"_links":{"self":[{"href":"https:\/\/thecey.com\/en\/wp-json\/wp\/v2\/product\/1554\/"}],"collection":[{"href":"https:\/\/thecey.com\/en\/wp-json\/wp\/v2\/product\/"}],"about":[{"href":"https:\/\/thecey.com\/en\/wp-json\/wp\/v2\/types\/product\/"}],"replies":[{"embeddable":true,"href":"https:\/\/thecey.com\/en\/wp-json\/wp\/v2\/comments\/?post=1554"}],"wp:featuredmedia":[{"embeddable":true,"href":"https:\/\/thecey.com\/en\/wp-json\/wp\/v2\/media\/1647\/"}],"wp:attachment":[{"href":"https:\/\/thecey.com\/en\/wp-json\/wp\/v2\/media\/?parent=1554"}],"wp:term":[{"taxonomy":"product_brand","embeddable":true,"href":"https:\/\/thecey.com\/en\/wp-json\/wp\/v2\/product_brand\/?post=1554"},{"taxonomy":"product_cat","embeddable":true,"href":"https:\/\/thecey.com\/en\/wp-json\/wp\/v2\/product_cat\/?post=1554"},{"taxonomy":"product_tag","embeddable":true,"href":"https:\/\/thecey.com\/en\/wp-json\/wp\/v2\/product_tag\/?post=1554"}],"curies":[{"name":"wp","href":"https:\/\/api.w.org\/{rel}","templated":true}]}}