{"id":1551,"date":"2018-11-07T23:16:58","date_gmt":"2018-11-07T20:16:58","guid":{"rendered":"http:\/\/thecey.com\/yeni\/product\/import-placeholder-for-18202\/"},"modified":"2021-01-26T13:58:52","modified_gmt":"2021-01-26T10:58:52","slug":"trrfid-guvenenrfid-secure","status":"publish","type":"product","link":"https:\/\/thecey.com\/en\/urunler\/trrfid-guvenenrfid-secure\/","title":{"rendered":"RFID G\u00dcVEN"},"content":{"rendered":"G\u00fcn\u00fcm\u00fczde \u00f6zel &#8221;\u015fifresiz&#8221; fonksiyonlu kartlar \u00e7ok kullan\u0131lmaya ba\u015fland\u0131. Tabi bununla ilgili k\u00f6t\u00fc niyetli insanlar da t\u00fcredi. THECEY RFID Koruyucu tam size g\u00f6re. Sadece g\u00fcm\u00fc\u015f ve siyah renk mevcuttur. \u0130stenen lazer bask\u0131 yap\u0131l\u0131r.","protected":false},"excerpt":{"rendered":"<p>Promosyon RFID Kart tutucu THECEY kalitesi ile sizlerle. \u00dcr\u00fcn aluminyum olup sadece lazer bask\u0131 yap\u0131lmaktad\u0131r.<\/p>\n","protected":false},"featured_media":1643,"comment_status":"open","ping_status":"closed","template":"","meta":[],"product_brand":[],"product_cat":[247,304],"product_tag":[768,769,766,767],"class_list":{"0":"post-1551","1":"product","2":"type-product","3":"status-publish","4":"has-post-thumbnail","6":"product_cat-mobil-urunleri","7":"product_cat-thecey","8":"product_tag-promosyon-rfid-kartlik","9":"product_tag-promotional-rfid","10":"product_tag-rfid-koruyucu","11":"product_tag-rfid-protector","13":"first","14":"instock","15":"shipping-taxable","16":"purchasable","17":"product-type-simple"},"_links":{"self":[{"href":"https:\/\/thecey.com\/en\/wp-json\/wp\/v2\/product\/1551\/"}],"collection":[{"href":"https:\/\/thecey.com\/en\/wp-json\/wp\/v2\/product\/"}],"about":[{"href":"https:\/\/thecey.com\/en\/wp-json\/wp\/v2\/types\/product\/"}],"replies":[{"embeddable":true,"href":"https:\/\/thecey.com\/en\/wp-json\/wp\/v2\/comments\/?post=1551"}],"wp:featuredmedia":[{"embeddable":true,"href":"https:\/\/thecey.com\/en\/wp-json\/wp\/v2\/media\/1643\/"}],"wp:attachment":[{"href":"https:\/\/thecey.com\/en\/wp-json\/wp\/v2\/media\/?parent=1551"}],"wp:term":[{"taxonomy":"product_brand","embeddable":true,"href":"https:\/\/thecey.com\/en\/wp-json\/wp\/v2\/product_brand\/?post=1551"},{"taxonomy":"product_cat","embeddable":true,"href":"https:\/\/thecey.com\/en\/wp-json\/wp\/v2\/product_cat\/?post=1551"},{"taxonomy":"product_tag","embeddable":true,"href":"https:\/\/thecey.com\/en\/wp-json\/wp\/v2\/product_tag\/?post=1551"}],"curies":[{"name":"wp","href":"https:\/\/api.w.org\/{rel}","templated":true}]}}