{"id":1500,"date":"2018-11-07T23:15:28","date_gmt":"2018-11-07T20:15:28","guid":{"rendered":"http:\/\/thecey.com\/yeni\/product\/import-placeholder-for-18185\/"},"modified":"2021-01-26T14:12:12","modified_gmt":"2021-01-26T11:12:12","slug":"treva-tezahurat-elencheering-hand-for-festivals","status":"publish","type":"product","link":"https:\/\/thecey.com\/en\/urunler\/treva-tezahurat-elencheering-hand-for-festivals\/","title":{"rendered":"EVA TEZAH\u00dcRAT EL"},"content":{"rendered":"- 40* 40 cm ebat<\/p>\n<p>&#8211; 3 mm 3 mm eva \u00a0malzeme<\/p>\n<p>&#8211; 4 renk ofset bask\u0131<\/p>\n<p>&#8211; selefon kaplama<\/p>\n<p>&#8211; eldiven \u015feklinde giyilebilir","protected":false},"excerpt":{"rendered":"<p>Festivaller i\u00e7in tezah\u00fcrat el.<\/p>\n","protected":false},"featured_media":1631,"comment_status":"open","ping_status":"closed","template":"","meta":[],"product_brand":[],"product_cat":[744,424,653],"product_tag":[],"class_list":{"0":"post-1500","1":"product","2":"type-product","3":"status-publish","4":"has-post-thumbnail","6":"product_cat-baskili-urunler","7":"product_cat-ihrac-urunleri","8":"product_cat-made-in-turkey","10":"first","11":"instock","12":"shipping-taxable","13":"purchasable","14":"product-type-simple"},"_links":{"self":[{"href":"https:\/\/thecey.com\/en\/wp-json\/wp\/v2\/product\/1500\/"}],"collection":[{"href":"https:\/\/thecey.com\/en\/wp-json\/wp\/v2\/product\/"}],"about":[{"href":"https:\/\/thecey.com\/en\/wp-json\/wp\/v2\/types\/product\/"}],"replies":[{"embeddable":true,"href":"https:\/\/thecey.com\/en\/wp-json\/wp\/v2\/comments\/?post=1500"}],"wp:featuredmedia":[{"embeddable":true,"href":"https:\/\/thecey.com\/en\/wp-json\/wp\/v2\/media\/1631\/"}],"wp:attachment":[{"href":"https:\/\/thecey.com\/en\/wp-json\/wp\/v2\/media\/?parent=1500"}],"wp:term":[{"taxonomy":"product_brand","embeddable":true,"href":"https:\/\/thecey.com\/en\/wp-json\/wp\/v2\/product_brand\/?post=1500"},{"taxonomy":"product_cat","embeddable":true,"href":"https:\/\/thecey.com\/en\/wp-json\/wp\/v2\/product_cat\/?post=1500"},{"taxonomy":"product_tag","embeddable":true,"href":"https:\/\/thecey.com\/en\/wp-json\/wp\/v2\/product_tag\/?post=1500"}],"curies":[{"name":"wp","href":"https:\/\/api.w.org\/{rel}","templated":true}]}}