{"id":1490,"date":"2018-11-07T23:15:01","date_gmt":"2018-11-07T20:15:01","guid":{"rendered":"http:\/\/thecey.com\/yeni\/product\/import-placeholder-for-18178\/"},"modified":"2023-06-20T11:28:06","modified_gmt":"2023-06-20T08:28:06","slug":"trkalemli-magnetenmagnet-with-board-marker-pen","status":"publish","type":"product","link":"https:\/\/thecey.com\/en\/urunler\/trkalemli-magnetenmagnet-with-board-marker-pen\/","title":{"rendered":"KALEML\u0130 MAGNET"},"content":{"rendered":"-\u00a0 13*15 cm ebat<\/p>\n<p>&#8211; 0,4 mm magnet<\/p>\n<p>&#8211; ka\u011f\u0131t lamineli<\/p>\n<p>&#8211; 4 renk ofset bask\u0131<\/p>\n<p>&#8211; selefonlu<\/p>\n<p>&#8211; 1 adet ke\u00e7eli kalem","protected":false},"excerpt":{"rendered":"<p>Olduk\u00e7a kullan\u0131\u015fl\u0131 olan promosyonel kalemli magnetler ile kendinizi m\u00fc\u015fterilerinize her daim hat\u0131rlat\u0131n!<\/p>\n","protected":false},"featured_media":1626,"comment_status":"open","ping_status":"closed","template":"","meta":[],"product_brand":[],"product_cat":[425,744,424],"product_tag":[427,370,753],"class_list":{"0":"post-1490","1":"product","2":"type-product","3":"status-publish","4":"has-post-thumbnail","6":"product_cat-arac-kokulari-ve-magnetler","7":"product_cat-baskili-urunler","8":"product_cat-ihrac-urunleri","9":"product_tag-made-in-turkey","10":"product_tag-promotional-magnets","11":"product_tag-promotional-magnets-with-pen","13":"first","14":"instock","15":"shipping-taxable","16":"purchasable","17":"product-type-simple"},"_links":{"self":[{"href":"https:\/\/thecey.com\/en\/wp-json\/wp\/v2\/product\/1490\/"}],"collection":[{"href":"https:\/\/thecey.com\/en\/wp-json\/wp\/v2\/product\/"}],"about":[{"href":"https:\/\/thecey.com\/en\/wp-json\/wp\/v2\/types\/product\/"}],"replies":[{"embeddable":true,"href":"https:\/\/thecey.com\/en\/wp-json\/wp\/v2\/comments\/?post=1490"}],"wp:featuredmedia":[{"embeddable":true,"href":"https:\/\/thecey.com\/en\/wp-json\/wp\/v2\/media\/1626\/"}],"wp:attachment":[{"href":"https:\/\/thecey.com\/en\/wp-json\/wp\/v2\/media\/?parent=1490"}],"wp:term":[{"taxonomy":"product_brand","embeddable":true,"href":"https:\/\/thecey.com\/en\/wp-json\/wp\/v2\/product_brand\/?post=1490"},{"taxonomy":"product_cat","embeddable":true,"href":"https:\/\/thecey.com\/en\/wp-json\/wp\/v2\/product_cat\/?post=1490"},{"taxonomy":"product_tag","embeddable":true,"href":"https:\/\/thecey.com\/en\/wp-json\/wp\/v2\/product_tag\/?post=1490"}],"curies":[{"name":"wp","href":"https:\/\/api.w.org\/{rel}","templated":true}]}}