{"id":1489,"date":"2018-11-07T23:15:01","date_gmt":"2018-11-07T20:15:01","guid":{"rendered":"http:\/\/thecey.com\/yeni\/product\/import-placeholder-for-18176\/"},"modified":"2021-01-26T14:14:36","modified_gmt":"2021-01-26T11:14:36","slug":"trmetalize-oto-gunesligienmetallized-car-sunshade","status":"publish","type":"product","link":"https:\/\/thecey.com\/en\/urunler\/trmetalize-oto-gunesligienmetallized-car-sunshade\/","title":{"rendered":"METAL\u0130ZE OTO G\u00dcNE\u015eL\u0130\u011e\u0130"},"content":{"rendered":"- 60*120 cm ebat<\/p>\n<p>&#8211; k\u00f6p\u00fck metalize kuma\u015f<\/p>\n<p>&#8211; tek renk serigraf bask\u0131","protected":false},"excerpt":{"rendered":"","protected":false},"featured_media":1625,"comment_status":"open","ping_status":"closed","template":"","meta":[],"product_brand":[],"product_cat":[744,424],"product_tag":[427,751,752],"class_list":{"0":"post-1489","1":"product","2":"type-product","3":"status-publish","4":"has-post-thumbnail","6":"product_cat-baskili-urunler","7":"product_cat-ihrac-urunleri","8":"product_tag-made-in-turkey","9":"product_tag-metallized-car-sunshade","10":"product_tag-promotional-car-sunshade","12":"first","13":"instock","14":"shipping-taxable","15":"purchasable","16":"product-type-simple"},"_links":{"self":[{"href":"https:\/\/thecey.com\/en\/wp-json\/wp\/v2\/product\/1489\/"}],"collection":[{"href":"https:\/\/thecey.com\/en\/wp-json\/wp\/v2\/product\/"}],"about":[{"href":"https:\/\/thecey.com\/en\/wp-json\/wp\/v2\/types\/product\/"}],"replies":[{"embeddable":true,"href":"https:\/\/thecey.com\/en\/wp-json\/wp\/v2\/comments\/?post=1489"}],"wp:featuredmedia":[{"embeddable":true,"href":"https:\/\/thecey.com\/en\/wp-json\/wp\/v2\/media\/1625\/"}],"wp:attachment":[{"href":"https:\/\/thecey.com\/en\/wp-json\/wp\/v2\/media\/?parent=1489"}],"wp:term":[{"taxonomy":"product_brand","embeddable":true,"href":"https:\/\/thecey.com\/en\/wp-json\/wp\/v2\/product_brand\/?post=1489"},{"taxonomy":"product_cat","embeddable":true,"href":"https:\/\/thecey.com\/en\/wp-json\/wp\/v2\/product_cat\/?post=1489"},{"taxonomy":"product_tag","embeddable":true,"href":"https:\/\/thecey.com\/en\/wp-json\/wp\/v2\/product_tag\/?post=1489"}],"curies":[{"name":"wp","href":"https:\/\/api.w.org\/{rel}","templated":true}]}}