{"id":1488,"date":"2018-11-07T23:15:01","date_gmt":"2018-11-07T20:15:01","guid":{"rendered":"http:\/\/thecey.com\/yeni\/product\/import-placeholder-for-18172\/"},"modified":"2021-01-26T14:13:58","modified_gmt":"2021-01-26T11:13:58","slug":"trkarton-oto-gunesligiencardboard-car-sunshade","status":"publish","type":"product","link":"https:\/\/thecey.com\/en\/urunler\/trkarton-oto-gunesligiencardboard-car-sunshade\/","title":{"rendered":"KARTON OTO G\u00dcNE\u015eL\u0130\u011e\u0130"},"content":{"rendered":"- 57*121 cm ebat<\/p>\n<p>-230 gr karton<\/p>\n<p>&#8211; 4 renk ofset bask\u0131<\/p>\n<p>&#8211; selefon kaplama","protected":false},"excerpt":{"rendered":"","protected":false},"featured_media":1622,"comment_status":"open","ping_status":"closed","template":"","meta":[],"product_brand":[],"product_cat":[744,424],"product_tag":[],"class_list":{"0":"post-1488","1":"product","2":"type-product","3":"status-publish","4":"has-post-thumbnail","6":"product_cat-baskili-urunler","7":"product_cat-ihrac-urunleri","9":"first","10":"instock","11":"shipping-taxable","12":"purchasable","13":"product-type-simple"},"_links":{"self":[{"href":"https:\/\/thecey.com\/en\/wp-json\/wp\/v2\/product\/1488\/"}],"collection":[{"href":"https:\/\/thecey.com\/en\/wp-json\/wp\/v2\/product\/"}],"about":[{"href":"https:\/\/thecey.com\/en\/wp-json\/wp\/v2\/types\/product\/"}],"replies":[{"embeddable":true,"href":"https:\/\/thecey.com\/en\/wp-json\/wp\/v2\/comments\/?post=1488"}],"wp:featuredmedia":[{"embeddable":true,"href":"https:\/\/thecey.com\/en\/wp-json\/wp\/v2\/media\/1622\/"}],"wp:attachment":[{"href":"https:\/\/thecey.com\/en\/wp-json\/wp\/v2\/media\/?parent=1488"}],"wp:term":[{"taxonomy":"product_brand","embeddable":true,"href":"https:\/\/thecey.com\/en\/wp-json\/wp\/v2\/product_brand\/?post=1488"},{"taxonomy":"product_cat","embeddable":true,"href":"https:\/\/thecey.com\/en\/wp-json\/wp\/v2\/product_cat\/?post=1488"},{"taxonomy":"product_tag","embeddable":true,"href":"https:\/\/thecey.com\/en\/wp-json\/wp\/v2\/product_tag\/?post=1488"}],"curies":[{"name":"wp","href":"https:\/\/api.w.org\/{rel}","templated":true}]}}