{"id":1487,"date":"2018-11-07T23:15:00","date_gmt":"2018-11-07T20:15:00","guid":{"rendered":"http:\/\/thecey.com\/yeni\/product\/import-placeholder-for-18167\/"},"modified":"2021-01-26T14:20:30","modified_gmt":"2021-01-26T11:20:30","slug":"trmasa-sumenientable-pad","status":"publish","type":"product","link":"https:\/\/thecey.com\/en\/urunler\/trmasa-sumenientable-pad\/","title":{"rendered":"MASA S\u00dcMEN\u0130"},"content":{"rendered":"","protected":false},"excerpt":{"rendered":"<p>Flip-top yada takvimli masa s\u00fcmeni olarak da bilinir.<\/p>\n<p>&#8211; 40*60 ebat<\/p>\n<p>&#8211; 2,8 mm nova yada 2,6 mm i\u011fne desen taban<\/p>\n<p>&#8211; 6 yada 12 yaprak ka\u011f\u0131t se\u00e7enekli<\/p>\n<p>&#8211; ka\u011f\u0131tlar 4 renk ofset bask\u0131l\u0131<\/p>\n<p>&#8211; \u00fczerinde 200 micron PVC kapak bulunmaktad\u0131r<\/p>\n<p>&#8211; kapa\u011fa 4 renk UV bask\u0131<\/p>\n<p>&#8211; s\u0131rttan tutkall\u0131<\/p>\n","protected":false},"featured_media":3162,"comment_status":"open","ping_status":"closed","template":"","meta":[],"product_brand":[],"product_cat":[744,424],"product_tag":[933,748,427,447,934,749,750],"class_list":{"0":"post-1487","1":"product","2":"type-product","3":"status-publish","4":"has-post-thumbnail","6":"product_cat-baskili-urunler","7":"product_cat-ihrac-urunleri","8":"product_tag-desk-pad","9":"product_tag-flip-top-table-pad","10":"product_tag-made-in-turkey","11":"product_tag-office-desk-pad","12":"product_tag-printed-desk-pad","13":"product_tag-promotional-table-pad","14":"product_tag-table-pad-with-calendar","16":"first","17":"instock","18":"shipping-taxable","19":"purchasable","20":"product-type-simple"},"_links":{"self":[{"href":"https:\/\/thecey.com\/en\/wp-json\/wp\/v2\/product\/1487\/"}],"collection":[{"href":"https:\/\/thecey.com\/en\/wp-json\/wp\/v2\/product\/"}],"about":[{"href":"https:\/\/thecey.com\/en\/wp-json\/wp\/v2\/types\/product\/"}],"replies":[{"embeddable":true,"href":"https:\/\/thecey.com\/en\/wp-json\/wp\/v2\/comments\/?post=1487"}],"wp:featuredmedia":[{"embeddable":true,"href":"https:\/\/thecey.com\/en\/wp-json\/wp\/v2\/media\/3162\/"}],"wp:attachment":[{"href":"https:\/\/thecey.com\/en\/wp-json\/wp\/v2\/media\/?parent=1487"}],"wp:term":[{"taxonomy":"product_brand","embeddable":true,"href":"https:\/\/thecey.com\/en\/wp-json\/wp\/v2\/product_brand\/?post=1487"},{"taxonomy":"product_cat","embeddable":true,"href":"https:\/\/thecey.com\/en\/wp-json\/wp\/v2\/product_cat\/?post=1487"},{"taxonomy":"product_tag","embeddable":true,"href":"https:\/\/thecey.com\/en\/wp-json\/wp\/v2\/product_tag\/?post=1487"}],"curies":[{"name":"wp","href":"https:\/\/api.w.org\/{rel}","templated":true}]}}