{"id":1485,"date":"2018-11-07T23:15:00","date_gmt":"2018-11-07T20:15:00","guid":{"rendered":"http:\/\/thecey.com\/yeni\/product\/import-placeholder-for-18158\/"},"modified":"2021-01-26T14:38:28","modified_gmt":"2021-01-26T11:38:28","slug":"trflip-top-mouse-padenflip-top-mouse-pad","status":"publish","type":"product","link":"https:\/\/thecey.com\/en\/urunler\/trflip-top-mouse-padenflip-top-mouse-pad\/","title":{"rendered":"FLIP TOP MOUSE PAD"},"content":{"rendered":"- Flip-top yada takvimli mousepad olarak ta bilinir<\/p>\n<p>&#8211; 18*22 ebat<\/p>\n<p>&#8211; 2,8 mm nova yada 2,6 mm i\u011fne desen taban<\/p>\n<p>&#8211; 12 yaprak ka\u011f\u0131ttan olu\u015fmaktad\u0131r<\/p>\n<p>&#8211; ka\u011f\u0131tlar 4 renk ofset bask\u0131l\u0131<\/p>\n<p>&#8211; \u00fczerinde 200 micron PVC kapak bulunmaktad\u0131r<\/p>\n<p>&#8211; kapa\u011fa 4 renk UV bask\u0131<\/p>\n<p>&#8211; s\u0131rttan tutkall\u0131","protected":false},"excerpt":{"rendered":"<p>&#8211; Flip-top yada takvimli mousepad olarak ta bilinir &#8211; 18*22 ebat &#8211; 2,8 mm nova yada 2,6 mm i\u011fne desen taban &#8211; 12 yaprak ka\u011f\u0131ttan olu\u015fmaktad\u0131r &#8211; ka\u011f\u0131tlar 4 renk ofset bask\u0131l\u0131 &#8211; \u00fczerinde 200 micron PVC kapak bulunmaktad\u0131r &#8211; kapa\u011fa 4 renk UV bask\u0131 &#8211; s\u0131rttan tutkall\u0131<\/p>\n","protected":false},"featured_media":1613,"comment_status":"open","ping_status":"closed","template":"","meta":[],"product_brand":[],"product_cat":[744,424],"product_tag":[745,427,746],"class_list":{"0":"post-1485","1":"product","2":"type-product","3":"status-publish","4":"has-post-thumbnail","6":"product_cat-baskili-urunler","7":"product_cat-ihrac-urunleri","8":"product_tag-flip-top-mouse-pad","9":"product_tag-made-in-turkey","10":"product_tag-promotional-mouse-pad","12":"first","13":"instock","14":"shipping-taxable","15":"purchasable","16":"product-type-simple"},"_links":{"self":[{"href":"https:\/\/thecey.com\/en\/wp-json\/wp\/v2\/product\/1485\/"}],"collection":[{"href":"https:\/\/thecey.com\/en\/wp-json\/wp\/v2\/product\/"}],"about":[{"href":"https:\/\/thecey.com\/en\/wp-json\/wp\/v2\/types\/product\/"}],"replies":[{"embeddable":true,"href":"https:\/\/thecey.com\/en\/wp-json\/wp\/v2\/comments\/?post=1485"}],"wp:featuredmedia":[{"embeddable":true,"href":"https:\/\/thecey.com\/en\/wp-json\/wp\/v2\/media\/1613\/"}],"wp:attachment":[{"href":"https:\/\/thecey.com\/en\/wp-json\/wp\/v2\/media\/?parent=1485"}],"wp:term":[{"taxonomy":"product_brand","embeddable":true,"href":"https:\/\/thecey.com\/en\/wp-json\/wp\/v2\/product_brand\/?post=1485"},{"taxonomy":"product_cat","embeddable":true,"href":"https:\/\/thecey.com\/en\/wp-json\/wp\/v2\/product_cat\/?post=1485"},{"taxonomy":"product_tag","embeddable":true,"href":"https:\/\/thecey.com\/en\/wp-json\/wp\/v2\/product_tag\/?post=1485"}],"curies":[{"name":"wp","href":"https:\/\/api.w.org\/{rel}","templated":true}]}}