{"id":1466,"date":"2018-11-07T23:14:33","date_gmt":"2018-11-07T20:14:33","guid":{"rendered":"http:\/\/thecey.com\/yeni\/product\/import-placeholder-for-18155\/"},"modified":"2021-01-26T14:24:04","modified_gmt":"2021-01-26T11:24:04","slug":"trnotluklu-mouse-padenmouse-pad-with-sheets-and-note-pad","status":"publish","type":"product","link":"https:\/\/thecey.com\/en\/urunler\/trnotluklu-mouse-padenmouse-pad-with-sheets-and-note-pad\/","title":{"rendered":"NOTLUKLU MOUSE PAD"},"content":{"rendered":"- Mousepad ayn\u0131 zamanda notluk g\u00f6revi g\u00f6r\u00fcyor<\/p>\n<p>&#8211; 18*22 cm ebat<\/p>\n<p>&#8211; 2,8 mm nova taban yada 2,6 mm i\u011fne desen taban<\/p>\n<p>&#8211; ka\u011f\u0131tlar\u0131n en alt\u0131ndaki tabana 4 renk bask\u0131<\/p>\n<p>&#8211; 40 yapraktan olu\u015fmaktad\u0131r<\/p>\n<p>&#8211; yapraklar tek yada 4 renk ofset bask\u0131l\u0131 olabilir","protected":false},"excerpt":{"rendered":"<p>&#8211; Mousepad ayn\u0131 zamanda notluk g\u00f6revi g\u00f6r\u00fcyor &#8211; 18*22 cm ebat &#8211; 2,8 mm nova taban yada 2,6 mm i\u011fne desen taban &#8211; ka\u011f\u0131tlar\u0131n en alt\u0131ndaki tabana 4 renk bask\u0131 &#8211; 40 yapraktan olu\u015fmaktad\u0131r &#8211; yapraklar tek yada 4 renk ofset bask\u0131l\u0131 olabilir<\/p>\n","protected":false},"featured_media":1611,"comment_status":"open","ping_status":"closed","template":"","meta":[],"product_brand":[],"product_cat":[744,424],"product_tag":[],"class_list":{"0":"post-1466","1":"product","2":"type-product","3":"status-publish","4":"has-post-thumbnail","6":"product_cat-baskili-urunler","7":"product_cat-ihrac-urunleri","9":"first","10":"instock","11":"shipping-taxable","12":"purchasable","13":"product-type-simple"},"_links":{"self":[{"href":"https:\/\/thecey.com\/en\/wp-json\/wp\/v2\/product\/1466\/"}],"collection":[{"href":"https:\/\/thecey.com\/en\/wp-json\/wp\/v2\/product\/"}],"about":[{"href":"https:\/\/thecey.com\/en\/wp-json\/wp\/v2\/types\/product\/"}],"replies":[{"embeddable":true,"href":"https:\/\/thecey.com\/en\/wp-json\/wp\/v2\/comments\/?post=1466"}],"wp:featuredmedia":[{"embeddable":true,"href":"https:\/\/thecey.com\/en\/wp-json\/wp\/v2\/media\/1611\/"}],"wp:attachment":[{"href":"https:\/\/thecey.com\/en\/wp-json\/wp\/v2\/media\/?parent=1466"}],"wp:term":[{"taxonomy":"product_brand","embeddable":true,"href":"https:\/\/thecey.com\/en\/wp-json\/wp\/v2\/product_brand\/?post=1466"},{"taxonomy":"product_cat","embeddable":true,"href":"https:\/\/thecey.com\/en\/wp-json\/wp\/v2\/product_cat\/?post=1466"},{"taxonomy":"product_tag","embeddable":true,"href":"https:\/\/thecey.com\/en\/wp-json\/wp\/v2\/product_tag\/?post=1466"}],"curies":[{"name":"wp","href":"https:\/\/api.w.org\/{rel}","templated":true}]}}