{"id":1463,"date":"2018-11-07T23:14:32","date_gmt":"2018-11-07T20:14:32","guid":{"rendered":"http:\/\/thecey.com\/yeni\/product\/import-placeholder-for-18120\/"},"modified":"2021-01-26T14:40:10","modified_gmt":"2021-01-26T11:40:10","slug":"trthecey-2d-sekilli-anahtarlikenthecey-2d-keyring","status":"publish","type":"product","link":"https:\/\/thecey.com\/en\/urunler\/trthecey-2d-sekilli-anahtarlikenthecey-2d-keyring\/","title":{"rendered":"THECEY- 2D \u015eEK\u0130LL\u0130 ANAHTARLIK"},"content":{"rendered":"2D \u015eekilli anahtarl\u0131k, yumu\u015fak, kaliteli pvc malzemeden \u00fcretilir. \u015eekilli kesim, ve logo veya talep edilen renkli bask\u0131 yap\u0131l\u0131r.","protected":false},"excerpt":{"rendered":"<p>2D \u015eekilli anahtarl\u0131k, yumu\u015fak, kaliteli pvc malzemeden \u00fcretilir. \u015eekilli kesim, ve logo veya talep edilen renkli bask\u0131 yap\u0131l\u0131r.<\/p>\n","protected":false},"featured_media":1601,"comment_status":"open","ping_status":"closed","template":"","meta":[],"product_brand":[],"product_cat":[252,304],"product_tag":[296,586,587,265,255,742,262],"class_list":{"0":"post-1463","1":"product","2":"type-product","3":"status-publish","4":"has-post-thumbnail","6":"product_cat-anahtarlik","7":"product_cat-thecey","8":"product_tag-anahtarlik","9":"product_tag-avrupa-anahtarlik","10":"product_tag-baskili-anahtarlik","11":"product_tag-ozel-anahtarlik","12":"product_tag-promosyon-anahtarlik","13":"product_tag-pvc-anahtarlik","14":"product_tag-sekilli-anahtarlik","16":"first","17":"instock","18":"shipping-taxable","19":"purchasable","20":"product-type-simple"},"_links":{"self":[{"href":"https:\/\/thecey.com\/en\/wp-json\/wp\/v2\/product\/1463\/"}],"collection":[{"href":"https:\/\/thecey.com\/en\/wp-json\/wp\/v2\/product\/"}],"about":[{"href":"https:\/\/thecey.com\/en\/wp-json\/wp\/v2\/types\/product\/"}],"replies":[{"embeddable":true,"href":"https:\/\/thecey.com\/en\/wp-json\/wp\/v2\/comments\/?post=1463"}],"wp:featuredmedia":[{"embeddable":true,"href":"https:\/\/thecey.com\/en\/wp-json\/wp\/v2\/media\/1601\/"}],"wp:attachment":[{"href":"https:\/\/thecey.com\/en\/wp-json\/wp\/v2\/media\/?parent=1463"}],"wp:term":[{"taxonomy":"product_brand","embeddable":true,"href":"https:\/\/thecey.com\/en\/wp-json\/wp\/v2\/product_brand\/?post=1463"},{"taxonomy":"product_cat","embeddable":true,"href":"https:\/\/thecey.com\/en\/wp-json\/wp\/v2\/product_cat\/?post=1463"},{"taxonomy":"product_tag","embeddable":true,"href":"https:\/\/thecey.com\/en\/wp-json\/wp\/v2\/product_tag\/?post=1463"}],"curies":[{"name":"wp","href":"https:\/\/api.w.org\/{rel}","templated":true}]}}