{"id":1462,"date":"2018-11-07T23:14:32","date_gmt":"2018-11-07T20:14:32","guid":{"rendered":"http:\/\/thecey.com\/yeni\/product\/import-placeholder-for-18119\/"},"modified":"2021-01-26T14:36:42","modified_gmt":"2021-01-26T11:36:42","slug":"trrenkli-lazer-kalemencolored-engraved-pen","status":"publish","type":"product","link":"https:\/\/thecey.com\/en\/urunler\/trrenkli-lazer-kalemencolored-engraved-pen\/","title":{"rendered":"RENKL\u0130 LAZER KALEM"},"content":{"rendered":"Farkl\u0131 promosyon kalem arayanlar i\u00e7in tam isabetli \u00fcr\u00fcn. Kaleme yap\u0131lan lazer bask\u0131 basma butonuyla ayn\u0131 renk olmaktad\u0131r. Haydi \u015fimdi sipari\u015f edin.","protected":false},"excerpt":{"rendered":"<p>Basma d\u00fc\u011fmesi ile ayn\u0131 renk lazer bask\u0131l\u0131 metal kalem. Mavi refilli.<\/p>\n","protected":false},"featured_media":1591,"comment_status":"open","ping_status":"closed","template":"","meta":[],"product_brand":[],"product_cat":[122,304,116],"product_tag":[739,554,703,740,741],"class_list":{"0":"post-1462","1":"product","2":"type-product","3":"status-publish","4":"has-post-thumbnail","6":"product_cat-metal-kalem","7":"product_cat-thecey","8":"product_cat-tukenmez-kalem","9":"product_tag-colored-engraved-pen","10":"product_tag-kaliteli-metal-kalem","11":"product_tag-lazer-baskili-kalem","12":"product_tag-promotional-metal-pen-promosyon-metal-kalem","13":"product_tag-renkli-lazer-kalem","15":"first","16":"instock","17":"shipping-taxable","18":"purchasable","19":"product-type-simple"},"_links":{"self":[{"href":"https:\/\/thecey.com\/en\/wp-json\/wp\/v2\/product\/1462\/"}],"collection":[{"href":"https:\/\/thecey.com\/en\/wp-json\/wp\/v2\/product\/"}],"about":[{"href":"https:\/\/thecey.com\/en\/wp-json\/wp\/v2\/types\/product\/"}],"replies":[{"embeddable":true,"href":"https:\/\/thecey.com\/en\/wp-json\/wp\/v2\/comments\/?post=1462"}],"wp:featuredmedia":[{"embeddable":true,"href":"https:\/\/thecey.com\/en\/wp-json\/wp\/v2\/media\/1591\/"}],"wp:attachment":[{"href":"https:\/\/thecey.com\/en\/wp-json\/wp\/v2\/media\/?parent=1462"}],"wp:term":[{"taxonomy":"product_brand","embeddable":true,"href":"https:\/\/thecey.com\/en\/wp-json\/wp\/v2\/product_brand\/?post=1462"},{"taxonomy":"product_cat","embeddable":true,"href":"https:\/\/thecey.com\/en\/wp-json\/wp\/v2\/product_cat\/?post=1462"},{"taxonomy":"product_tag","embeddable":true,"href":"https:\/\/thecey.com\/en\/wp-json\/wp\/v2\/product_tag\/?post=1462"}],"curies":[{"name":"wp","href":"https:\/\/api.w.org\/{rel}","templated":true}]}}