{"id":1457,"date":"2018-11-07T23:14:32","date_gmt":"2018-11-07T20:14:32","guid":{"rendered":"http:\/\/thecey.com\/yeni\/product\/import-placeholder-for-18096\/"},"modified":"2025-11-18T12:44:13","modified_gmt":"2025-11-18T09:44:13","slug":"trlaptop-kamera-kapagienlaptop-camera-cover","status":"publish","type":"product","link":"https:\/\/thecey.com\/en\/urunler\/trlaptop-kamera-kapagienlaptop-camera-cover\/","title":{"rendered":"TheCey &#8211; Web Kamera Kapat\u0131c\u0131 Private"},"content":{"rendered":"Promosyon \u00fcr\u00fcnleri i\u00e7erisinde en pop\u00fcler olan\u0131. \u00d6zel alan\u0131m\u0131z\u0131n gittik\u00e7e darald\u0131\u011f\u0131 bu g\u00fcnlerde herkesin tutaca\u011f\u0131 bir promosyon \u00fcr\u00fcn\u00fc. Bask\u0131n\u0131z her zaman m\u00fc\u015fterinizin ekran\u0131nda. Bask\u0131ya uygun.","protected":false},"excerpt":{"rendered":"<p>Promosyon laptop kamera kapa\u011f\u0131 . Siyah ve Beyaz renk se\u00e7enekleri ile. Slide \u00f6zellikli.<\/p>\n","protected":false},"featured_media":1570,"comment_status":"open","ping_status":"closed","template":"","meta":[],"product_brand":[],"product_cat":[1398,18,1397,247,161,304],"product_tag":[725,726,727,728,1121,574],"class_list":{"0":"post-1457","1":"product","2":"type-product","3":"status-publish","4":"has-post-thumbnail","6":"product_cat-camera-cover","7":"product_cat-elektronik-urunler","8":"product_cat-kamera-kapatici","9":"product_cat-mobil-urunleri","10":"product_cat-tekno-promo-urunler","11":"product_cat-thecey","12":"product_tag-laptop-camera-cover","13":"product_tag-laptop-ekran-kapagi","14":"product_tag-promosyon-kamera-kapagi","15":"product_tag-promotional-camera-cover","16":"product_tag-web-kamera-kapatici","17":"product_tag-webcam-cover","19":"first","20":"instock","21":"shipping-taxable","22":"purchasable","23":"product-type-simple"},"_links":{"self":[{"href":"https:\/\/thecey.com\/en\/wp-json\/wp\/v2\/product\/1457\/"}],"collection":[{"href":"https:\/\/thecey.com\/en\/wp-json\/wp\/v2\/product\/"}],"about":[{"href":"https:\/\/thecey.com\/en\/wp-json\/wp\/v2\/types\/product\/"}],"replies":[{"embeddable":true,"href":"https:\/\/thecey.com\/en\/wp-json\/wp\/v2\/comments\/?post=1457"}],"wp:featuredmedia":[{"embeddable":true,"href":"https:\/\/thecey.com\/en\/wp-json\/wp\/v2\/media\/1570\/"}],"wp:attachment":[{"href":"https:\/\/thecey.com\/en\/wp-json\/wp\/v2\/media\/?parent=1457"}],"wp:term":[{"taxonomy":"product_brand","embeddable":true,"href":"https:\/\/thecey.com\/en\/wp-json\/wp\/v2\/product_brand\/?post=1457"},{"taxonomy":"product_cat","embeddable":true,"href":"https:\/\/thecey.com\/en\/wp-json\/wp\/v2\/product_cat\/?post=1457"},{"taxonomy":"product_tag","embeddable":true,"href":"https:\/\/thecey.com\/en\/wp-json\/wp\/v2\/product_tag\/?post=1457"}],"curies":[{"name":"wp","href":"https:\/\/api.w.org\/{rel}","templated":true}]}}