{"id":1407,"date":"2018-11-07T23:14:10","date_gmt":"2018-11-07T20:14:10","guid":{"rendered":"http:\/\/thecey.com\/yeni\/product\/import-placeholder-for-18047\/"},"modified":"2021-01-26T14:45:41","modified_gmt":"2021-01-26T11:45:41","slug":"trcolor-kalem-ledencolor-pen-red","status":"publish","type":"product","link":"https:\/\/thecey.com\/en\/urunler\/trcolor-kalem-ledencolor-pen-red\/","title":{"rendered":"COLOR LED KALEM"},"content":{"rendered":"Kalem lazer bask\u0131 yapt\u0131\u011f\u0131n\u0131z zaman logo \u0131\u015f\u0131kl\u0131 duruma geliyor. Yaz\u0131m rengi mavi. G\u00f6vde rengi siyah, lacivert ve k\u0131rm\u0131z\u0131 se\u00e7enekleriyle.","protected":false},"excerpt":{"rendered":"<p>Led etkili promosyon touch kalem. (Touch k\u0131sm\u0131nda \u00f6zel koruma kapa\u011f\u0131 vard\u0131r.)<\/p>\n","protected":false},"featured_media":1530,"comment_status":"open","ping_status":"closed","template":"","meta":[],"product_brand":[],"product_cat":[50,304,216,116],"product_tag":[709,703,704,705,710,711,708],"class_list":{"0":"post-1407","1":"product","2":"type-product","3":"status-publish","4":"has-post-thumbnail","6":"product_cat-kalem","7":"product_cat-thecey","8":"product_cat-touch-kalem","9":"product_cat-tukenmez-kalem","10":"product_tag-engraved-pen","11":"product_tag-lazer-baskili-kalem","12":"product_tag-led-kalem","13":"product_tag-led-pen","14":"product_tag-pda-pen","15":"product_tag-promotional-touch-pen","16":"product_tag-touch-pen","18":"first","19":"instock","20":"shipping-taxable","21":"purchasable","22":"product-type-simple"},"_links":{"self":[{"href":"https:\/\/thecey.com\/en\/wp-json\/wp\/v2\/product\/1407\/"}],"collection":[{"href":"https:\/\/thecey.com\/en\/wp-json\/wp\/v2\/product\/"}],"about":[{"href":"https:\/\/thecey.com\/en\/wp-json\/wp\/v2\/types\/product\/"}],"replies":[{"embeddable":true,"href":"https:\/\/thecey.com\/en\/wp-json\/wp\/v2\/comments\/?post=1407"}],"wp:featuredmedia":[{"embeddable":true,"href":"https:\/\/thecey.com\/en\/wp-json\/wp\/v2\/media\/1530\/"}],"wp:attachment":[{"href":"https:\/\/thecey.com\/en\/wp-json\/wp\/v2\/media\/?parent=1407"}],"wp:term":[{"taxonomy":"product_brand","embeddable":true,"href":"https:\/\/thecey.com\/en\/wp-json\/wp\/v2\/product_brand\/?post=1407"},{"taxonomy":"product_cat","embeddable":true,"href":"https:\/\/thecey.com\/en\/wp-json\/wp\/v2\/product_cat\/?post=1407"},{"taxonomy":"product_tag","embeddable":true,"href":"https:\/\/thecey.com\/en\/wp-json\/wp\/v2\/product_tag\/?post=1407"}],"curies":[{"name":"wp","href":"https:\/\/api.w.org\/{rel}","templated":true}]}}