{"id":13951,"date":"2025-09-29T14:37:38","date_gmt":"2025-09-29T11:37:38","guid":{"rendered":"https:\/\/thecey.com\/urunler\/plastik-tukenmez-kalem\/"},"modified":"2026-04-18T14:41:09","modified_gmt":"2026-04-18T11:41:09","slug":"plastik-tukenmez-kalem","status":"publish","type":"product","link":"https:\/\/thecey.com\/en\/urunler\/plastik-tukenmez-kalem\/","title":{"rendered":"T\u00fckenmez Kalem Useit"},"content":{"rendered":"<p>Basmal\u0131 T\u00fckenmez Kalem<br \/>\n1.0 mm Mavi M\u00fcrekkep<br \/>\n30.000 Adet ve \u00dczeri Sipari\u015flerde \u00d6zel Pantone Renk \u00dcretim<\/p>\n","protected":false},"excerpt":{"rendered":"<p>Basmal\u0131 T\u00fckenmez Kalem 1.0 mm Mavi M\u00fcrekkep 30.000 Adet ve \u00dczeri Sipari\u015flerde \u00d6zel Pantone Renk \u00dcretim<\/p>\n","protected":false},"featured_media":13952,"comment_status":"open","ping_status":"closed","template":"","meta":[],"product_brand":[],"product_cat":[2275],"product_tag":[],"class_list":{"0":"post-13951","1":"product","2":"type-product","3":"status-publish","4":"has-post-thumbnail","6":"product_cat-thecey-stok-urunler","8":"first","9":"instock","10":"shipping-taxable","11":"purchasable","12":"product-type-simple"},"_links":{"self":[{"href":"https:\/\/thecey.com\/en\/wp-json\/wp\/v2\/product\/13951\/"}],"collection":[{"href":"https:\/\/thecey.com\/en\/wp-json\/wp\/v2\/product\/"}],"about":[{"href":"https:\/\/thecey.com\/en\/wp-json\/wp\/v2\/types\/product\/"}],"replies":[{"embeddable":true,"href":"https:\/\/thecey.com\/en\/wp-json\/wp\/v2\/comments\/?post=13951"}],"wp:featuredmedia":[{"embeddable":true,"href":"https:\/\/thecey.com\/en\/wp-json\/wp\/v2\/media\/13952\/"}],"wp:attachment":[{"href":"https:\/\/thecey.com\/en\/wp-json\/wp\/v2\/media\/?parent=13951"}],"wp:term":[{"taxonomy":"product_brand","embeddable":true,"href":"https:\/\/thecey.com\/en\/wp-json\/wp\/v2\/product_brand\/?post=13951"},{"taxonomy":"product_cat","embeddable":true,"href":"https:\/\/thecey.com\/en\/wp-json\/wp\/v2\/product_cat\/?post=13951"},{"taxonomy":"product_tag","embeddable":true,"href":"https:\/\/thecey.com\/en\/wp-json\/wp\/v2\/product_tag\/?post=13951"}],"curies":[{"name":"wp","href":"https:\/\/api.w.org\/{rel}","templated":true}]}}