{"id":13938,"date":"2025-09-29T14:34:42","date_gmt":"2025-09-29T11:34:42","guid":{"rendered":"https:\/\/thecey.com\/?post_type=product&#038;p=13938"},"modified":"2025-11-18T16:02:27","modified_gmt":"2025-11-18T13:02:27","slug":"semplice","status":"publish","type":"product","link":"https:\/\/thecey.com\/en\/urunler\/semplice\/","title":{"rendered":"Semplice"},"content":{"rendered":"<div class=\"wpb_text_column\">\n<div class=\"wpb_wrapper\">\n<p><strong>\u00dcr\u00fcn \u00d6zellikleri<\/strong><\/p>\n<\/div>\n<\/div>\n<div class=\"w-post-elm post_content us_custom_1b04de86 without_sections\">\n<p>-15\u00d721 cm<br \/>\n-Defter<br \/>\n-112 Yaprak<br \/>\n-Metal Etiket<br \/>\n-Metal Roller Kalem<\/p>\n<\/div>\n","protected":false},"excerpt":{"rendered":"<p>\u00dcr\u00fcn \u00d6zellikleri -15\u00d721 cm -Defter -112 Yaprak -Metal Etiket -Metal Roller Kalem<\/p>\n","protected":false},"featured_media":13939,"comment_status":"open","ping_status":"closed","template":"","meta":[],"product_brand":[],"product_cat":[2290,2275],"product_tag":[],"class_list":{"0":"post-13938","1":"product","2":"type-product","3":"status-publish","4":"has-post-thumbnail","6":"product_cat-otel-urunleri","7":"product_cat-thecey-stok-urunler","9":"first","10":"instock","11":"shipping-taxable","12":"product-type-simple"},"_links":{"self":[{"href":"https:\/\/thecey.com\/en\/wp-json\/wp\/v2\/product\/13938\/"}],"collection":[{"href":"https:\/\/thecey.com\/en\/wp-json\/wp\/v2\/product\/"}],"about":[{"href":"https:\/\/thecey.com\/en\/wp-json\/wp\/v2\/types\/product\/"}],"replies":[{"embeddable":true,"href":"https:\/\/thecey.com\/en\/wp-json\/wp\/v2\/comments\/?post=13938"}],"wp:featuredmedia":[{"embeddable":true,"href":"https:\/\/thecey.com\/en\/wp-json\/wp\/v2\/media\/13939\/"}],"wp:attachment":[{"href":"https:\/\/thecey.com\/en\/wp-json\/wp\/v2\/media\/?parent=13938"}],"wp:term":[{"taxonomy":"product_brand","embeddable":true,"href":"https:\/\/thecey.com\/en\/wp-json\/wp\/v2\/product_brand\/?post=13938"},{"taxonomy":"product_cat","embeddable":true,"href":"https:\/\/thecey.com\/en\/wp-json\/wp\/v2\/product_cat\/?post=13938"},{"taxonomy":"product_tag","embeddable":true,"href":"https:\/\/thecey.com\/en\/wp-json\/wp\/v2\/product_tag\/?post=13938"}],"curies":[{"name":"wp","href":"https:\/\/api.w.org\/{rel}","templated":true}]}}