{"id":13908,"date":"2025-09-26T16:33:07","date_gmt":"2025-09-26T13:33:07","guid":{"rendered":"https:\/\/thecey.com\/?post_type=product&#038;p=13908"},"modified":"2025-11-18T16:02:30","modified_gmt":"2025-11-18T13:02:30","slug":"defter-daily","status":"publish","type":"product","link":"https:\/\/thecey.com\/en\/urunler\/defter-daily\/","title":{"rendered":"Defter-Daily"},"content":{"rendered":"<div class=\"wpb_text_column\">\n<div class=\"wpb_wrapper\">\n<p><strong>\u00dcr\u00fcn \u00d6zellikleri<\/strong><\/p>\n<\/div>\n<\/div>\n<div class=\"w-post-elm post_content us_custom_1b04de86 without_sections\">\n<p>-Thermo Deri<br \/>\n-15\u00d721 cm<br \/>\n-Terzi Diki\u015f Defter<br \/>\n-70 gr Ivory Ka\u011f\u0131t<br \/>\n-80 Sayfa<br \/>\n-Tek Renk Ofset Bask\u0131<br \/>\n-S\u0131cak Bask\u0131,Lazer Bask\u0131,UV Bask\u0131<\/p>\n<\/div>\n","protected":false},"excerpt":{"rendered":"<p>\u00dcr\u00fcn \u00d6zellikleri -Thermo Deri -15\u00d721 cm -Terzi Diki\u015f Defter -70 gr Ivory Ka\u011f\u0131t -80 Sayfa -Tek Renk Ofset Bask\u0131 -S\u0131cak Bask\u0131,Lazer Bask\u0131,UV Bask\u0131<\/p>\n","protected":false},"featured_media":13909,"comment_status":"open","ping_status":"closed","template":"","meta":[],"product_brand":[],"product_cat":[2275],"product_tag":[],"class_list":{"0":"post-13908","1":"product","2":"type-product","3":"status-publish","4":"has-post-thumbnail","6":"product_cat-thecey-stok-urunler","8":"first","9":"instock","10":"shipping-taxable","11":"product-type-simple"},"_links":{"self":[{"href":"https:\/\/thecey.com\/en\/wp-json\/wp\/v2\/product\/13908\/"}],"collection":[{"href":"https:\/\/thecey.com\/en\/wp-json\/wp\/v2\/product\/"}],"about":[{"href":"https:\/\/thecey.com\/en\/wp-json\/wp\/v2\/types\/product\/"}],"replies":[{"embeddable":true,"href":"https:\/\/thecey.com\/en\/wp-json\/wp\/v2\/comments\/?post=13908"}],"wp:featuredmedia":[{"embeddable":true,"href":"https:\/\/thecey.com\/en\/wp-json\/wp\/v2\/media\/13909\/"}],"wp:attachment":[{"href":"https:\/\/thecey.com\/en\/wp-json\/wp\/v2\/media\/?parent=13908"}],"wp:term":[{"taxonomy":"product_brand","embeddable":true,"href":"https:\/\/thecey.com\/en\/wp-json\/wp\/v2\/product_brand\/?post=13908"},{"taxonomy":"product_cat","embeddable":true,"href":"https:\/\/thecey.com\/en\/wp-json\/wp\/v2\/product_cat\/?post=13908"},{"taxonomy":"product_tag","embeddable":true,"href":"https:\/\/thecey.com\/en\/wp-json\/wp\/v2\/product_tag\/?post=13908"}],"curies":[{"name":"wp","href":"https:\/\/api.w.org\/{rel}","templated":true}]}}