{"id":1336,"date":"2018-11-07T23:13:44","date_gmt":"2018-11-07T20:13:44","guid":{"rendered":"http:\/\/thecey.com\/yeni\/product\/import-placeholder-for-17840\/"},"modified":"2021-01-26T15:46:26","modified_gmt":"2021-01-26T12:46:26","slug":"trpromosyonel-deri-seyahat-kitienpromotional-leather-travel-kit","status":"publish","type":"product","link":"https:\/\/thecey.com\/en\/urunler\/trpromosyonel-deri-seyahat-kitienpromotional-leather-travel-kit\/","title":{"rendered":"DER\u0130 SEYAHAT K\u0130T\u0130"},"content":{"rendered":"PU ve ger\u00e7ek deri se\u00e7enekleri","protected":false},"excerpt":{"rendered":"<p>PU ve ger\u00e7ek deri se\u00e7enekleri<\/p>\n","protected":false},"featured_media":2883,"comment_status":"open","ping_status":"closed","template":"","meta":[],"product_brand":[],"product_cat":[440,424,502,304],"product_tag":[497,500,656,657,658,496],"class_list":{"0":"post-1336","1":"product","2":"type-product","3":"status-publish","4":"has-post-thumbnail","6":"product_cat-deri-urunler","7":"product_cat-ihrac-urunleri","8":"product_cat-seyahat","9":"product_cat-thecey","10":"product_tag-deri-promosyon-urunler","11":"product_tag-leather-promotional-items","12":"product_tag-leather-travel-kit","13":"product_tag-promotional-leather-items","14":"product_tag-promotional-leather-travel-kit","15":"product_tag-quality-leather","17":"first","18":"instock","19":"shipping-taxable","20":"purchasable","21":"product-type-simple"},"_links":{"self":[{"href":"https:\/\/thecey.com\/en\/wp-json\/wp\/v2\/product\/1336\/"}],"collection":[{"href":"https:\/\/thecey.com\/en\/wp-json\/wp\/v2\/product\/"}],"about":[{"href":"https:\/\/thecey.com\/en\/wp-json\/wp\/v2\/types\/product\/"}],"replies":[{"embeddable":true,"href":"https:\/\/thecey.com\/en\/wp-json\/wp\/v2\/comments\/?post=1336"}],"wp:featuredmedia":[{"embeddable":true,"href":"https:\/\/thecey.com\/en\/wp-json\/wp\/v2\/media\/2883\/"}],"wp:attachment":[{"href":"https:\/\/thecey.com\/en\/wp-json\/wp\/v2\/media\/?parent=1336"}],"wp:term":[{"taxonomy":"product_brand","embeddable":true,"href":"https:\/\/thecey.com\/en\/wp-json\/wp\/v2\/product_brand\/?post=1336"},{"taxonomy":"product_cat","embeddable":true,"href":"https:\/\/thecey.com\/en\/wp-json\/wp\/v2\/product_cat\/?post=1336"},{"taxonomy":"product_tag","embeddable":true,"href":"https:\/\/thecey.com\/en\/wp-json\/wp\/v2\/product_tag\/?post=1336"}],"curies":[{"name":"wp","href":"https:\/\/api.w.org\/{rel}","templated":true}]}}