{"id":12563,"date":"2025-09-07T04:54:19","date_gmt":"2025-09-07T01:54:19","guid":{"rendered":"https:\/\/thecey.com\/urunler\/1224-roller-tukenmez-kalem-seti-2\/"},"modified":"2025-09-15T11:45:28","modified_gmt":"2025-09-15T08:45:28","slug":"1224-roller-tukenmez-kalem-seti-2","status":"publish","type":"product","link":"https:\/\/thecey.com\/en\/urunler\/1224-roller-tukenmez-kalem-seti-2\/","title":{"rendered":"1224 &#8211; Roller &#8211; T\u00fckenmez Kalem Seti"},"content":{"rendered":"<p>%20 KDV F\u0130YATA DAH\u0130L DE\u011e\u0130LD\u0130R<\/p>\n","protected":false},"excerpt":{"rendered":"<p>%20 KDV F\u0130YATA DAH\u0130L DE\u011e\u0130LD\u0130R<\/p>\n","protected":false},"featured_media":12564,"comment_status":"open","ping_status":"closed","template":"","meta":[],"product_brand":[],"product_cat":[2275],"product_tag":[],"class_list":{"0":"post-12563","1":"product","2":"type-product","3":"status-publish","4":"has-post-thumbnail","6":"product_cat-thecey-stok-urunler","8":"first","9":"instock","10":"shipping-taxable","11":"purchasable","12":"product-type-simple"},"_links":{"self":[{"href":"https:\/\/thecey.com\/en\/wp-json\/wp\/v2\/product\/12563\/"}],"collection":[{"href":"https:\/\/thecey.com\/en\/wp-json\/wp\/v2\/product\/"}],"about":[{"href":"https:\/\/thecey.com\/en\/wp-json\/wp\/v2\/types\/product\/"}],"replies":[{"embeddable":true,"href":"https:\/\/thecey.com\/en\/wp-json\/wp\/v2\/comments\/?post=12563"}],"wp:featuredmedia":[{"embeddable":true,"href":"https:\/\/thecey.com\/en\/wp-json\/wp\/v2\/media\/12564\/"}],"wp:attachment":[{"href":"https:\/\/thecey.com\/en\/wp-json\/wp\/v2\/media\/?parent=12563"}],"wp:term":[{"taxonomy":"product_brand","embeddable":true,"href":"https:\/\/thecey.com\/en\/wp-json\/wp\/v2\/product_brand\/?post=12563"},{"taxonomy":"product_cat","embeddable":true,"href":"https:\/\/thecey.com\/en\/wp-json\/wp\/v2\/product_cat\/?post=12563"},{"taxonomy":"product_tag","embeddable":true,"href":"https:\/\/thecey.com\/en\/wp-json\/wp\/v2\/product_tag\/?post=12563"}],"curies":[{"name":"wp","href":"https:\/\/api.w.org\/{rel}","templated":true}]}}