{"id":12034,"date":"2025-08-28T14:59:59","date_gmt":"2025-08-28T11:59:59","guid":{"rendered":"https:\/\/thecey.com\/urunler\/e-2-usb-sarjli-elektronik-cakmak\/"},"modified":"2025-08-28T15:01:44","modified_gmt":"2025-08-28T12:01:44","slug":"e-2-usb-sarjli-elektronik-cakmak","status":"publish","type":"product","link":"https:\/\/thecey.com\/en\/urunler\/e-2-usb-sarjli-elektronik-cakmak\/","title":{"rendered":"USB \u015earjl\u0131 Elektronik \u00c7akmak &#8211;  E-LIGHT"},"content":{"rendered":"<p>USB \u015earjl\u0131 \u00c7akmak<\/p>\n","protected":false},"excerpt":{"rendered":"<p>USB \u015earjl\u0131 \u00c7akmak<\/p>\n","protected":false},"featured_media":12035,"comment_status":"open","ping_status":"closed","template":"","meta":[],"product_brand":[],"product_cat":[2275],"product_tag":[],"class_list":{"0":"post-12034","1":"product","2":"type-product","3":"status-publish","4":"has-post-thumbnail","6":"product_cat-thecey-stok-urunler","8":"first","9":"instock","10":"shipping-taxable","11":"purchasable","12":"product-type-simple"},"_links":{"self":[{"href":"https:\/\/thecey.com\/en\/wp-json\/wp\/v2\/product\/12034\/"}],"collection":[{"href":"https:\/\/thecey.com\/en\/wp-json\/wp\/v2\/product\/"}],"about":[{"href":"https:\/\/thecey.com\/en\/wp-json\/wp\/v2\/types\/product\/"}],"replies":[{"embeddable":true,"href":"https:\/\/thecey.com\/en\/wp-json\/wp\/v2\/comments\/?post=12034"}],"wp:featuredmedia":[{"embeddable":true,"href":"https:\/\/thecey.com\/en\/wp-json\/wp\/v2\/media\/12035\/"}],"wp:attachment":[{"href":"https:\/\/thecey.com\/en\/wp-json\/wp\/v2\/media\/?parent=12034"}],"wp:term":[{"taxonomy":"product_brand","embeddable":true,"href":"https:\/\/thecey.com\/en\/wp-json\/wp\/v2\/product_brand\/?post=12034"},{"taxonomy":"product_cat","embeddable":true,"href":"https:\/\/thecey.com\/en\/wp-json\/wp\/v2\/product_cat\/?post=12034"},{"taxonomy":"product_tag","embeddable":true,"href":"https:\/\/thecey.com\/en\/wp-json\/wp\/v2\/product_tag\/?post=12034"}],"curies":[{"name":"wp","href":"https:\/\/api.w.org\/{rel}","templated":true}]}}