{"id":1181,"date":"2018-11-07T23:08:34","date_gmt":"2018-11-07T20:08:34","guid":{"rendered":"http:\/\/thecey.com\/yeni\/product\/import-placeholder-for-17558\/"},"modified":"2024-03-19T07:03:08","modified_gmt":"2024-03-19T04:03:08","slug":"trtohumlu-kapakli-kalem-enseed-pen-with-cap","status":"publish","type":"product","link":"https:\/\/thecey.com\/en\/urunler\/trtohumlu-kapakli-kalem-enseed-pen-with-cap\/","title":{"rendered":"TOHUMLU KAPAKLI KALEM"},"content":{"rendered":"<h4>Gelece\u011fimiz i\u00e7in neden ad\u0131m atm\u0131yoruz?<\/h4>\n<p>Her ge\u00e7en g\u00fcn t\u00fcketti\u011fimiz d\u00fcnyaya yeni bir \u015fey vermeyi herkes ister. Bunu m\u00fc\u015fterilerinize anlatt\u0131\u011f\u0131n\u0131zda se\u00e7imleri g\u00fczel bir gelecek olacakt\u0131r.<\/p>\n<p>&nbsp;<\/p>\n<div id=\"DOLUMTIPI\" class=\"detaykod\"><b>Dolum Tipi :\u00a0<\/b>Toksik madde i\u00e7ermeyen x 20 \/ 1 mm Mavi &#8211; Siyah, x 20 \/ 0.7 mm (ince) Mavi &#8211; Siyah Jel<\/div>\n<div id=\"HAMMADDE\" class=\"detaykod\"><b>Hammadde :\u00a0<\/b>BIOPLA \/ Geri D\u00f6n\u00fc\u015ft\u00fcr\u00fclebilir Hammadde, KRAFT Ka\u011f\u0131t<\/div>\n<div id=\"BASKIALANI\" class=\"detaykod\"><b>Bask\u0131 Alan\u0131 :\u00a0<\/b>a : 7.5&#215;38 mm , b : 8&#215;35 mm<\/div>\n<div id=\"AMBALAJ\" class=\"detaykod\"><b>Ambalaj :\u00a0<\/b>50 adetlik po\u015fet, 1000 adetlik koli.<\/div>\n<div id=\"EBAT\" class=\"detaykod\"><b>Koli Ebatlar\u0131 :\u00a0<\/b>42x32x36 cm<\/div>\n<div id=\"NETAGIRLIK\" class=\"detaykod\"><b>A\u011f\u0131rl\u0131k :\u00a0<\/b>9 Kg.<\/div>","protected":false},"excerpt":{"rendered":"<p>Gelece\u011fimiz i\u00e7in neden ad\u0131m atm\u0131yoruz? Her ge\u00e7en g\u00fcn t\u00fcketti\u011fimiz d\u00fcnyaya yeni bir \u015fey vermeyi herkes ister. Bunu m\u00fc\u015fterilerinize anlatt\u0131\u011f\u0131n\u0131zda se\u00e7imleri g\u00fczel bir gelecek olacakt\u0131r. &nbsp; Dolum Tipi :\u00a0Toksik madde i\u00e7ermeyen x 20 \/ 1 mm Mavi &#8211; Siyah, x 20 \/ 0.7 mm (ince) Mavi &#8211; Siyah Jel Hammadde :\u00a0BIOPLA \/ Geri D\u00f6n\u00fc\u015ft\u00fcr\u00fclebilir Hammadde, KRAFT&#8230; Devam\u0131<\/p>\n","protected":false},"featured_media":1293,"comment_status":"open","ping_status":"closed","template":"","meta":[],"product_brand":[],"product_cat":[231,119,50,304],"product_tag":[557,558,559,560,561,562,563],"class_list":{"0":"post-1181","1":"product","2":"type-product","3":"status-publish","4":"has-post-thumbnail","6":"product_cat-bio-kalem","7":"product_cat-eko-kalem","8":"product_cat-kalem","9":"product_cat-thecey","10":"product_tag-baskili-tohumlu-kalem","11":"product_tag-cam-tohumlu-kalem","12":"product_tag-ladin-tohumlu-kalem","13":"product_tag-promosyon-tohum-kalem","14":"product_tag-promotional-seed-pen","15":"product_tag-seed-pen","16":"product_tag-short-production-time","18":"first","19":"instock","20":"shipping-taxable","21":"purchasable","22":"product-type-simple"},"_links":{"self":[{"href":"https:\/\/thecey.com\/en\/wp-json\/wp\/v2\/product\/1181\/"}],"collection":[{"href":"https:\/\/thecey.com\/en\/wp-json\/wp\/v2\/product\/"}],"about":[{"href":"https:\/\/thecey.com\/en\/wp-json\/wp\/v2\/types\/product\/"}],"replies":[{"embeddable":true,"href":"https:\/\/thecey.com\/en\/wp-json\/wp\/v2\/comments\/?post=1181"}],"wp:featuredmedia":[{"embeddable":true,"href":"https:\/\/thecey.com\/en\/wp-json\/wp\/v2\/media\/1293\/"}],"wp:attachment":[{"href":"https:\/\/thecey.com\/en\/wp-json\/wp\/v2\/media\/?parent=1181"}],"wp:term":[{"taxonomy":"product_brand","embeddable":true,"href":"https:\/\/thecey.com\/en\/wp-json\/wp\/v2\/product_brand\/?post=1181"},{"taxonomy":"product_cat","embeddable":true,"href":"https:\/\/thecey.com\/en\/wp-json\/wp\/v2\/product_cat\/?post=1181"},{"taxonomy":"product_tag","embeddable":true,"href":"https:\/\/thecey.com\/en\/wp-json\/wp\/v2\/product_tag\/?post=1181"}],"curies":[{"name":"wp","href":"https:\/\/api.w.org\/{rel}","templated":true}]}}