{"id":1168,"date":"2018-11-07T23:08:04","date_gmt":"2018-11-07T20:08:04","guid":{"rendered":"http:\/\/thecey.com\/yeni\/product\/import-placeholder-for-17184\/"},"modified":"2022-03-25T16:23:33","modified_gmt":"2022-03-25T13:23:33","slug":"thecey-led-isik-stoklu","status":"publish","type":"product","link":"https:\/\/thecey.com\/en\/urunler\/thecey-led-isik-stoklu\/","title":{"rendered":"TheCey-Led Okuma I\u015f\u0131\u011f\u0131- 016"},"content":{"rendered":"<h4>LED OKUMA I\u015eI\u011eI<\/h4>\n<p>Kaliteli powerbanklerimiz ile ayn\u0131 zamanda size ayd\u0131nl\u0131k veriyoruz. Led soft touch okuma \u0131\u015f\u0131\u011f\u0131m\u0131z kitap okuyanlar i\u00e7in \u00e7ok ideal. Stoklarla k\u0131sa s\u00fcrede teslim.<\/p>\n<p>Boyut:8.5*1.6*0.6cm<\/p>\n<p>Bask\u0131 Alan\u0131: 3.7*0.9cm<\/p>\n<p>Bask\u0131 Metodu: Tampon<\/p>\n","protected":false},"excerpt":{"rendered":"<p>LED OKUMA I\u015eI\u011eI Kaliteli powerbanklerimiz ile ayn\u0131 zamanda size ayd\u0131nl\u0131k veriyoruz. Led soft touch okuma \u0131\u015f\u0131\u011f\u0131m\u0131z kitap okuyanlar i\u00e7in \u00e7ok ideal. Stoklarla k\u0131sa s\u00fcrede teslim. Boyut:8.5*1.6*0.6cm Bask\u0131 Alan\u0131: 3.7*0.9cm Bask\u0131 Metodu: Tampon<\/p>\n","protected":false},"featured_media":964,"comment_status":"open","ping_status":"closed","template":"","meta":[],"product_brand":[],"product_cat":[18,411,161,304],"product_tag":[412,175,417,415,416,418],"class_list":{"0":"post-1168","1":"product","2":"type-product","3":"status-publish","4":"has-post-thumbnail","6":"product_cat-elektronik-urunler","7":"product_cat-okuma-isigi","8":"product_cat-tekno-promo-urunler","9":"product_cat-thecey","10":"product_tag-high-quality-promotion-items","11":"product_tag-kaliteli-promosyon-urunleri","12":"product_tag-led-okuma-isigi","13":"product_tag-promotion-led-light","14":"product_tag-reading-light","15":"product_tag-stoklu-okuma-isigi","17":"first","18":"instock","19":"shipping-taxable","20":"purchasable","21":"product-type-simple"},"_links":{"self":[{"href":"https:\/\/thecey.com\/en\/wp-json\/wp\/v2\/product\/1168\/"}],"collection":[{"href":"https:\/\/thecey.com\/en\/wp-json\/wp\/v2\/product\/"}],"about":[{"href":"https:\/\/thecey.com\/en\/wp-json\/wp\/v2\/types\/product\/"}],"replies":[{"embeddable":true,"href":"https:\/\/thecey.com\/en\/wp-json\/wp\/v2\/comments\/?post=1168"}],"wp:featuredmedia":[{"embeddable":true,"href":"https:\/\/thecey.com\/en\/wp-json\/wp\/v2\/media\/964\/"}],"wp:attachment":[{"href":"https:\/\/thecey.com\/en\/wp-json\/wp\/v2\/media\/?parent=1168"}],"wp:term":[{"taxonomy":"product_brand","embeddable":true,"href":"https:\/\/thecey.com\/en\/wp-json\/wp\/v2\/product_brand\/?post=1168"},{"taxonomy":"product_cat","embeddable":true,"href":"https:\/\/thecey.com\/en\/wp-json\/wp\/v2\/product_cat\/?post=1168"},{"taxonomy":"product_tag","embeddable":true,"href":"https:\/\/thecey.com\/en\/wp-json\/wp\/v2\/product_tag\/?post=1168"}],"curies":[{"name":"wp","href":"https:\/\/api.w.org\/{rel}","templated":true}]}}