{"id":11660,"date":"2025-08-28T13:24:22","date_gmt":"2025-08-28T10:24:22","guid":{"rendered":"https:\/\/thecey.com\/urunler\/kutulu-sarj-kablosu-seti\/"},"modified":"2026-05-01T10:26:09","modified_gmt":"2026-05-01T07:26:09","slug":"kutulu-sarj-kablosu-seti","status":"publish","type":"product","link":"https:\/\/thecey.com\/en\/urunler\/kutulu-sarj-kablosu-seti\/","title":{"rendered":"Kutulu \u015earj Kablosu Seti"},"content":{"rendered":"<p>Android, IOS, Type-C Uyumlu<br \/>\n5V \/ 2.4A<br \/>\nH\u0131zl\u0131 \u015earj 60W.<br \/>\nKablo Uzunlu\u011fu 85cm<\/p>\n","protected":false},"excerpt":{"rendered":"<p>Android, IOS, Type-C Uyumlu 5V \/ 2.4A H\u0131zl\u0131 \u015earj 60W. Kablo Uzunlu\u011fu 85cm<\/p>\n","protected":false},"featured_media":11661,"comment_status":"open","ping_status":"closed","template":"","meta":[],"product_brand":[],"product_cat":[2275],"product_tag":[],"class_list":{"0":"post-11660","1":"product","2":"type-product","3":"status-publish","4":"has-post-thumbnail","6":"product_cat-thecey-stok-urunler","8":"first","9":"instock","10":"shipping-taxable","11":"purchasable","12":"product-type-simple"},"_links":{"self":[{"href":"https:\/\/thecey.com\/en\/wp-json\/wp\/v2\/product\/11660\/"}],"collection":[{"href":"https:\/\/thecey.com\/en\/wp-json\/wp\/v2\/product\/"}],"about":[{"href":"https:\/\/thecey.com\/en\/wp-json\/wp\/v2\/types\/product\/"}],"replies":[{"embeddable":true,"href":"https:\/\/thecey.com\/en\/wp-json\/wp\/v2\/comments\/?post=11660"}],"wp:featuredmedia":[{"embeddable":true,"href":"https:\/\/thecey.com\/en\/wp-json\/wp\/v2\/media\/11661\/"}],"wp:attachment":[{"href":"https:\/\/thecey.com\/en\/wp-json\/wp\/v2\/media\/?parent=11660"}],"wp:term":[{"taxonomy":"product_brand","embeddable":true,"href":"https:\/\/thecey.com\/en\/wp-json\/wp\/v2\/product_brand\/?post=11660"},{"taxonomy":"product_cat","embeddable":true,"href":"https:\/\/thecey.com\/en\/wp-json\/wp\/v2\/product_cat\/?post=11660"},{"taxonomy":"product_tag","embeddable":true,"href":"https:\/\/thecey.com\/en\/wp-json\/wp\/v2\/product_tag\/?post=11660"}],"curies":[{"name":"wp","href":"https:\/\/api.w.org\/{rel}","templated":true}]}}