{"id":11620,"date":"2025-08-27T14:45:19","date_gmt":"2025-08-27T11:45:19","guid":{"rendered":"https:\/\/thecey.com\/urunler\/magsafe-uyumlu-telefon-arkasi-kartlik\/"},"modified":"2026-03-27T12:54:05","modified_gmt":"2026-03-27T09:54:05","slug":"magsafe-uyumlu-telefon-arkasi-kartlik","status":"publish","type":"product","link":"https:\/\/thecey.com\/en\/urunler\/magsafe-uyumlu-telefon-arkasi-kartlik\/","title":{"rendered":"MagSafe Uyumlu Telefon Arkas\u0131 Kartl\u0131k &#8211; MAGSAFE"},"content":{"rendered":"<p>MagSafe Uyumlu Telefon Arkas\u0131 Kartl\u0131k, g\u00fc\u00e7l\u00fc manyetik tasar\u0131m\u0131 ve \u015f\u0131k PU deri malzemesiyle iPhone kullan\u0131c\u0131lar\u0131 i\u00e7in hem fonksiyonel hem de zarif bir \u00e7\u00f6z\u00fcm sunar. Bu\u00a0<strong>yenilik\u00e7i promosyon \u00fcr\u00fcn\u00fc<\/strong>, firman\u0131za \u00f6zel logo bask\u0131s\u0131yla markan\u0131z\u0131n g\u00f6r\u00fcn\u00fcrl\u00fc\u011f\u00fcn\u00fc art\u0131r\u0131rken, m\u00fc\u015fterilerinizin ve \u00e7al\u0131\u015fanlar\u0131n\u0131z\u0131n g\u00fcnl\u00fck hayat\u0131nda s\u00fcrekli yanlar\u0131nda ta\u015f\u0131yacaklar\u0131 de\u011ferli bir hediye alternatifi olu\u015fturur.<\/p>\n<p><strong>MagSafe Uyumlu G\u00fc\u00e7l\u00fc Manyetik Tasar\u0131m<\/strong><\/p>\n<p>Geli\u015fmi\u015f m\u0131knat\u0131s sistemi sayesinde MagSafe uyumlu bu kartl\u0131k, iPhone 12, 13 ve 14 serilerindeki t\u00fcm modellere zahmetsizce yap\u0131\u015f\u0131r. G\u00fc\u00e7l\u00fc tutu\u015f \u00f6zelli\u011fi sayesinde telefonunuzdan d\u00fc\u015fme riski ta\u015f\u0131maz.<\/p>\n<p>Kartl\u0131\u011f\u0131 \u00e7\u0131karmadan telefonunuzu kablosuz olarak \u015farj edebilirsiniz. MagSafe uyumlu k\u0131l\u0131f veya do\u011frudan telefona tak\u0131larak kullan\u0131labilir.<\/p>\n<p><strong>Geni\u015f Kart Ta\u015f\u0131ma Kapasitesi<\/strong><\/p>\n<p>3 adede kadar kart ve bir miktar nakit ta\u015f\u0131mak i\u00e7in tasarlanm\u0131\u015ft\u0131r. \u00d6zel bo\u015fluk k\u0131sm\u0131 sayesinde kartlar\u0131n\u0131za kolayca eri\u015febilirsiniz.<\/p>\n<p>\u0130\u00e7 k\u0131sm\u0131nda bulunan kaymaz y\u00fczey, kartlar\u0131n\u0131z\u0131n sabit durmas\u0131n\u0131 sa\u011flar. Ayr\u0131ca anti-manyetik tabakas\u0131 sayesinde kartlar\u0131n\u0131z\u0131n manyetik etkilerden korunmas\u0131na yard\u0131mc\u0131 olur.<\/p>\n<p><strong>Dayan\u0131kl\u0131 ve \u015e\u0131k PU Deri Malzeme<\/strong><\/p>\n<p>Magsafe kartl\u0131k, kaliteli PU deri kullan\u0131larak \u00fcretilmi\u015ftir. Bu sentetik malzeme, hakiki derinin g\u00f6r\u00fcn\u00fcm ve hissiyat\u0131n\u0131 sunarken, g\u00fcnl\u00fck kullan\u0131mda \u00e7izilmelere ve deformasyonlara kar\u015f\u0131 dayan\u0131kl\u0131l\u0131k sa\u011flar. \u0130nce i\u015f\u00e7ilikle haz\u0131rlanan y\u00fczeyi, estetik g\u00f6r\u00fcn\u00fcm\u00fcn\u00fcn yan\u0131 s\u0131ra uzun \u00f6m\u00fcrl\u00fc bir kullan\u0131m da sunar.<\/p>\n<p><strong>Hafif ve Kompakt Tasar\u0131m<\/strong><\/p>\n<p>Yakla\u015f\u0131k 36 gram a\u011f\u0131rl\u0131\u011f\u0131nda ve ince boyutlar\u0131 sayesinde cebinizde veya \u00e7antan\u0131zda rahat\u00e7a ta\u015f\u0131nabilir.<\/p>\n","protected":false},"excerpt":{"rendered":"<p>MagSafe Uyumlu Telefon Arkas\u0131 Kartl\u0131k, g\u00fc\u00e7l\u00fc manyetik tasar\u0131m\u0131 ve \u015f\u0131k PU deri malzemesiyle iPhone kullan\u0131c\u0131lar\u0131 i\u00e7in hem fonksiyonel hem de zarif bir \u00e7\u00f6z\u00fcm sunar. Bu\u00a0yenilik\u00e7i promosyon \u00fcr\u00fcn\u00fc, firman\u0131za \u00f6zel logo bask\u0131s\u0131yla markan\u0131z\u0131n g\u00f6r\u00fcn\u00fcrl\u00fc\u011f\u00fcn\u00fc art\u0131r\u0131rken, m\u00fc\u015fterilerinizin ve \u00e7al\u0131\u015fanlar\u0131n\u0131z\u0131n g\u00fcnl\u00fck hayat\u0131nda s\u00fcrekli yanlar\u0131nda ta\u015f\u0131yacaklar\u0131 de\u011ferli bir hediye alternatifi olu\u015fturur. MagSafe Uyumlu G\u00fc\u00e7l\u00fc Manyetik Tasar\u0131m Geli\u015fmi\u015f m\u0131knat\u0131s sistemi&#8230; Devam\u0131<\/p>\n","protected":false},"featured_media":36467,"comment_status":"open","ping_status":"closed","template":"","meta":[],"product_brand":[],"product_cat":[2275,2329,2328,2314],"product_tag":[],"class_list":{"0":"post-11620","1":"product","2":"type-product","3":"status-publish","4":"has-post-thumbnail","6":"product_cat-thecey-stok-urunler","7":"product_cat-cuzdan-kartlikteknoloji","8":"product_cat-seyahat-2","9":"product_cat-telefon-aksesuarlari","11":"first","12":"instock","13":"shipping-taxable","14":"purchasable","15":"product-type-variable"},"_links":{"self":[{"href":"https:\/\/thecey.com\/en\/wp-json\/wp\/v2\/product\/11620\/"}],"collection":[{"href":"https:\/\/thecey.com\/en\/wp-json\/wp\/v2\/product\/"}],"about":[{"href":"https:\/\/thecey.com\/en\/wp-json\/wp\/v2\/types\/product\/"}],"replies":[{"embeddable":true,"href":"https:\/\/thecey.com\/en\/wp-json\/wp\/v2\/comments\/?post=11620"}],"wp:featuredmedia":[{"embeddable":true,"href":"https:\/\/thecey.com\/en\/wp-json\/wp\/v2\/media\/36467\/"}],"wp:attachment":[{"href":"https:\/\/thecey.com\/en\/wp-json\/wp\/v2\/media\/?parent=11620"}],"wp:term":[{"taxonomy":"product_brand","embeddable":true,"href":"https:\/\/thecey.com\/en\/wp-json\/wp\/v2\/product_brand\/?post=11620"},{"taxonomy":"product_cat","embeddable":true,"href":"https:\/\/thecey.com\/en\/wp-json\/wp\/v2\/product_cat\/?post=11620"},{"taxonomy":"product_tag","embeddable":true,"href":"https:\/\/thecey.com\/en\/wp-json\/wp\/v2\/product_tag\/?post=11620"}],"curies":[{"name":"wp","href":"https:\/\/api.w.org\/{rel}","templated":true}]}}