{"id":11558,"date":"2025-08-27T14:40:42","date_gmt":"2025-08-27T11:40:42","guid":{"rendered":"https:\/\/thecey.com\/urunler\/magsafe-ozellikli-telefon-arkasi-cuzdan\/"},"modified":"2026-05-04T21:27:24","modified_gmt":"2026-05-04T18:27:24","slug":"magsafe-ozellikli-telefon-arkasi-cuzdan","status":"publish","type":"product","link":"https:\/\/thecey.com\/en\/urunler\/magsafe-ozellikli-telefon-arkasi-cuzdan\/","title":{"rendered":"Magsafe \u00d6zellikli Telefon Arkas\u0131 C\u00fczdan &#8211; MAGWAL"},"content":{"rendered":"<p><strong>MagSafe Uyumlulu\u011fu<\/strong><\/p>\n<p>Bu telefon arkas\u0131 c\u00fczdan, iPhone 12 ve sonras\u0131ndaki MagSafe destekli t\u00fcm modellerle tam uyumludur. G\u00fc\u00e7l\u00fc m\u0131knat\u0131slar\u0131 sayesinde telefonunuzun arkas\u0131na saniyeler i\u00e7inde yerle\u015fir ve g\u00fcvenli bir \u015fekilde sabitlenir. MagSafe teknolojisi, \u015farj s\u0131ras\u0131nda bile bu c\u00fczdan\u0131 kullanman\u0131za olanak tan\u0131r; kablosuz \u015farj cihazlar\u0131yla uyumludur ve c\u00fczdan\u0131 \u00e7\u0131karmadan \u015farj edebilirsiniz.<\/p>\n<p>Dahili g\u00fc\u00e7l\u00fc m\u0131knat\u0131slar\u0131 sayesinde, piyasadaki \u00e7o\u011fu \u00fcr\u00fcnden 5 kata kadar daha g\u00fc\u00e7l\u00fc manyetik tutu\u015f sa\u011flar. Telefonunuza s\u0131k\u0131ca tutunur, d\u00fc\u015fmez veya sars\u0131lmaz.<\/p>\n<p><strong>6 Kart Kapasiteli \u0130nce Tasar\u0131m<\/strong><\/p>\n<p>Toplam 6 kart yuvas\u0131 ve bir nakit b\u00f6lmesi bulunur. Kredi kartlar\u0131n\u0131z\u0131, kimli\u011finizi ve nakit paran\u0131z\u0131 g\u00fcvenle ta\u015f\u0131yabilir, kal\u0131n c\u00fczdan ta\u015f\u0131maktan kurtulabilirsiniz. Minimalist tasar\u0131m\u0131 sayesinde cebinizde veya \u00e7antan\u0131zda rahatl\u0131kla ta\u015f\u0131yabilirsiniz.<\/p>\n<p><strong>Telefon Stand\u0131 \u00d6zelli\u011fi<\/strong><\/p>\n<p>Katlanabilir tasar\u0131m\u0131 sayesinde telefonun arkas\u0131na tak\u0131ld\u0131\u011f\u0131nda, cihaz\u0131 yatay konumda sabit tutarak masa\u00fcst\u00fc stand\u0131 i\u015flevi g\u00f6r\u00fcr.<\/p>\n<p><strong>Ta\u015f\u0131nabilir ve \u00c7ok Ama\u00e7l\u0131 Kullan\u0131m<\/strong><\/p>\n<p>Telefonunuzdan ay\u0131rarak ba\u011f\u0131ms\u0131z c\u00fczdan olarak da kullanabilirsiniz. \u015e\u0131k tasar\u0131m\u0131, g\u00fcnl\u00fck kullan\u0131m i\u00e7in pratik bir \u00e7\u00f6z\u00fcm sunar.<\/p>\n","protected":false},"excerpt":{"rendered":"<p>MagSafe Uyumlulu\u011fu Bu telefon arkas\u0131 c\u00fczdan, iPhone 12 ve sonras\u0131ndaki MagSafe destekli t\u00fcm modellerle tam uyumludur. G\u00fc\u00e7l\u00fc m\u0131knat\u0131slar\u0131 sayesinde telefonunuzun arkas\u0131na saniyeler i\u00e7inde yerle\u015fir ve g\u00fcvenli bir \u015fekilde sabitlenir. MagSafe teknolojisi, \u015farj s\u0131ras\u0131nda bile bu c\u00fczdan\u0131 kullanman\u0131za olanak tan\u0131r; kablosuz \u015farj cihazlar\u0131yla uyumludur ve c\u00fczdan\u0131 \u00e7\u0131karmadan \u015farj edebilirsiniz. Dahili g\u00fc\u00e7l\u00fc m\u0131knat\u0131slar\u0131 sayesinde, piyasadaki \u00e7o\u011fu \u00fcr\u00fcnden&#8230; Devam\u0131<\/p>\n","protected":false},"featured_media":74206,"comment_status":"open","ping_status":"closed","template":"","meta":[],"product_brand":[],"product_cat":[2275,2329,2328,2314],"product_tag":[],"class_list":{"0":"post-11558","1":"product","2":"type-product","3":"status-publish","4":"has-post-thumbnail","6":"product_cat-thecey-stok-urunler","7":"product_cat-cuzdan-kartlikteknoloji","8":"product_cat-seyahat-2","9":"product_cat-telefon-aksesuarlari","11":"first","12":"instock","13":"shipping-taxable","14":"purchasable","15":"product-type-variable"},"_links":{"self":[{"href":"https:\/\/thecey.com\/en\/wp-json\/wp\/v2\/product\/11558\/"}],"collection":[{"href":"https:\/\/thecey.com\/en\/wp-json\/wp\/v2\/product\/"}],"about":[{"href":"https:\/\/thecey.com\/en\/wp-json\/wp\/v2\/types\/product\/"}],"replies":[{"embeddable":true,"href":"https:\/\/thecey.com\/en\/wp-json\/wp\/v2\/comments\/?post=11558"}],"wp:featuredmedia":[{"embeddable":true,"href":"https:\/\/thecey.com\/en\/wp-json\/wp\/v2\/media\/74206\/"}],"wp:attachment":[{"href":"https:\/\/thecey.com\/en\/wp-json\/wp\/v2\/media\/?parent=11558"}],"wp:term":[{"taxonomy":"product_brand","embeddable":true,"href":"https:\/\/thecey.com\/en\/wp-json\/wp\/v2\/product_brand\/?post=11558"},{"taxonomy":"product_cat","embeddable":true,"href":"https:\/\/thecey.com\/en\/wp-json\/wp\/v2\/product_cat\/?post=11558"},{"taxonomy":"product_tag","embeddable":true,"href":"https:\/\/thecey.com\/en\/wp-json\/wp\/v2\/product_tag\/?post=11558"}],"curies":[{"name":"wp","href":"https:\/\/api.w.org\/{rel}","templated":true}]}}