{"id":11551,"date":"2025-08-27T14:38:15","date_gmt":"2025-08-27T11:38:15","guid":{"rendered":"https:\/\/thecey.com\/urunler\/11-fonksiyonlu-cok-amacli-pense\/"},"modified":"2026-05-04T20:27:08","modified_gmt":"2026-05-04T17:27:08","slug":"11-fonksiyonlu-cok-amacli-pense","status":"publish","type":"product","link":"https:\/\/thecey.com\/en\/urunler\/11-fonksiyonlu-cok-amacli-pense\/","title":{"rendered":"11 Fonksiyonlu \u00c7ok Ama\u00e7l\u0131 Pense &#8211; GYVER"},"content":{"rendered":"<p>11 farkl\u0131 fonksiyona sahip bu \u00e7ok ama\u00e7l\u0131 pense, katlanabilir yap\u0131s\u0131 sayesinde ta\u015f\u0131mas\u0131 kolay ve olduk\u00e7a i\u015flevseldir. Hem kamp gibi outdoor aktivitelerde hem de ofis, ev, otomotiv veya sanayi kullan\u0131m\u0131nda g\u00fcvenle tercih edilebilir.<\/p>\n<p>3Cr13 paslanmaz \u00e7elikten \u00fcretilmi\u015f olan g\u00f6vdesi, uzun s\u00fcreli ve sa\u011flam kullan\u0131m sunar. A\u015f\u0131nmaya kar\u015f\u0131 dayan\u0131kl\u0131d\u0131r, \u00e7\u00fcr\u00fcmeye ya da paslanmaya kar\u015f\u0131 diren\u00e7lidir.<\/p>\n<p>Ele tam oturan ergonomik yap\u0131s\u0131 sayesinde kolay kavran\u0131r ve g\u00fcvenli kullan\u0131m sa\u011flar. \u015e\u0131k ve ince tasar\u0131m\u0131 ile ta\u015f\u0131mas\u0131 da olduk\u00e7a pratiktir.<\/p>\n<p>\u00dcr\u00fcn \u00fczerine kal\u0131c\u0131 lazer markalama yap\u0131labilir. Markan\u0131z\u0131 kaliteli ve profesyonel bir \u015fekilde yans\u0131t\u0131r. Bu da \u00fcr\u00fcn\u00fc kurumsal hediyeler ve promosyon kampanyalar\u0131 i\u00e7in ideal hale getirir.<\/p>\n<p>&nbsp;<\/p>\n<p><strong>11 Fonksiyon Tek Bir G\u00f6vdede<\/strong><\/p>\n<p>3Cr13 paslanmaz \u00e7elikten \u00fcretilmi\u015ftir.<\/p>\n<ol>\n<li>Normal pense<\/li>\n<li>Kargaburun<\/li>\n<li>Tel kesici<\/li>\n<li>Kablo s\u0131y\u0131r\u0131c\u0131<\/li>\n<li>B\u0131\u00e7ak<\/li>\n<li>T\u0131rt\u0131kl\u0131 b\u0131\u00e7ak<\/li>\n<li>T\u00f6rp\u00fc<\/li>\n<li>Y\u0131ld\u0131z Tornavida<\/li>\n<li>D\u00fcz tornavida<\/li>\n<li>\u015ei\u015fe a\u00e7aca\u011f\u0131<\/li>\n<li>Testere<\/li>\n<\/ol>\n","protected":false},"excerpt":{"rendered":"<p>11 farkl\u0131 fonksiyona sahip bu \u00e7ok ama\u00e7l\u0131 pense, katlanabilir yap\u0131s\u0131 sayesinde ta\u015f\u0131mas\u0131 kolay ve olduk\u00e7a i\u015flevseldir. Hem kamp gibi outdoor aktivitelerde hem de ofis, ev, otomotiv veya sanayi kullan\u0131m\u0131nda g\u00fcvenle tercih edilebilir. 3Cr13 paslanmaz \u00e7elikten \u00fcretilmi\u015f olan g\u00f6vdesi, uzun s\u00fcreli ve sa\u011flam kullan\u0131m sunar. A\u015f\u0131nmaya kar\u015f\u0131 dayan\u0131kl\u0131d\u0131r, \u00e7\u00fcr\u00fcmeye ya da paslanmaya kar\u015f\u0131 diren\u00e7lidir. Ele tam&#8230; Devam\u0131<\/p>\n","protected":false},"featured_media":74138,"comment_status":"open","ping_status":"closed","template":"","meta":[],"product_brand":[],"product_cat":[2275,2326,2327],"product_tag":[],"class_list":{"0":"post-11551","1":"product","2":"type-product","3":"status-publish","4":"has-post-thumbnail","6":"product_cat-thecey-stok-urunler","7":"product_cat-araclar-aksesuarlar","8":"product_cat-el-aletleri","10":"first","11":"instock","12":"shipping-taxable","13":"purchasable","14":"product-type-simple"},"_links":{"self":[{"href":"https:\/\/thecey.com\/en\/wp-json\/wp\/v2\/product\/11551\/"}],"collection":[{"href":"https:\/\/thecey.com\/en\/wp-json\/wp\/v2\/product\/"}],"about":[{"href":"https:\/\/thecey.com\/en\/wp-json\/wp\/v2\/types\/product\/"}],"replies":[{"embeddable":true,"href":"https:\/\/thecey.com\/en\/wp-json\/wp\/v2\/comments\/?post=11551"}],"wp:featuredmedia":[{"embeddable":true,"href":"https:\/\/thecey.com\/en\/wp-json\/wp\/v2\/media\/74138\/"}],"wp:attachment":[{"href":"https:\/\/thecey.com\/en\/wp-json\/wp\/v2\/media\/?parent=11551"}],"wp:term":[{"taxonomy":"product_brand","embeddable":true,"href":"https:\/\/thecey.com\/en\/wp-json\/wp\/v2\/product_brand\/?post=11551"},{"taxonomy":"product_cat","embeddable":true,"href":"https:\/\/thecey.com\/en\/wp-json\/wp\/v2\/product_cat\/?post=11551"},{"taxonomy":"product_tag","embeddable":true,"href":"https:\/\/thecey.com\/en\/wp-json\/wp\/v2\/product_tag\/?post=11551"}],"curies":[{"name":"wp","href":"https:\/\/api.w.org\/{rel}","templated":true}]}}