{"id":11532,"date":"2025-08-27T14:35:29","date_gmt":"2025-08-27T11:35:29","guid":{"rendered":"https:\/\/thecey.com\/urunler\/type-c-sarjli-cob-led-mini-el-feneri\/"},"modified":"2026-03-27T12:55:04","modified_gmt":"2026-03-27T09:55:04","slug":"type-c-sarjli-cob-led-mini-el-feneri","status":"publish","type":"product","link":"https:\/\/thecey.com\/en\/urunler\/type-c-sarjli-cob-led-mini-el-feneri\/","title":{"rendered":"Type-C \u015earjl\u0131 Led Mini El Feneri &#8211; SHINECO"},"content":{"rendered":"<p>\u015earjl\u0131 COB LED Mini El Feneri, kompakt tasar\u0131m\u0131 ve \u00e7ok i\u015flevli \u00f6zellikleriyle hem pratik hem de etkileyici bir promosyon \u00fcr\u00fcn\u00fcd\u00fcr. G\u00fc\u00e7l\u00fc ayd\u0131nlatma sunan bu \u00fcr\u00fcn, g\u00fc\u00e7l\u00fc m\u0131knat\u0131s\u0131, 180\u00b0 katlanabilir stand\u0131 ve dahili \u015fi\u015fe a\u00e7aca\u011f\u0131 gibi detaylar\u0131yla farkl\u0131 kullan\u0131m alanlar\u0131na hitap eder. Metal y\u00fczeye lazer kaz\u0131ma tekni\u011fiyle i\u015flenen logo, s\u00fcrt\u00fcnme ve a\u015f\u0131nmalara kar\u015f\u0131 dayan\u0131kl\u0131d\u0131r ve uzun s\u00fcreli kal\u0131c\u0131l\u0131k sa\u011flar. Bu \u00f6zelli\u011fi sayesinde, markan\u0131z\u0131 etkileyici ve profesyonel bir \u015fekilde temsil ederek kurumsal hediyelerinizde \u00f6ne \u00e7\u0131kan bir se\u00e7enek olu\u015fturur.<\/p>\n<p>Kamp, bal\u0131k\u00e7\u0131l\u0131k, gece y\u00fcr\u00fcy\u00fc\u015fleri veya acil durumlar gibi \u00e7ok \u00e7e\u015fitli aktivitelerde kullan\u0131labilen bu el feneri, dayan\u0131kl\u0131 yap\u0131s\u0131yla uzun \u00f6m\u00fcrl\u00fcd\u00fcr. 4 farkl\u0131 ayd\u0131nlatma modu, Type-C h\u0131zl\u0131 \u015farj \u00f6zelli\u011fi ve ta\u015f\u0131nabilir tasar\u0131m\u0131yla hem \u00e7al\u0131\u015fanlar hem de m\u00fc\u015fteriler i\u00e7in ideal bir hediyedir.<\/p>\n<h3>6W COB Teknolojisi ile \u00dcst\u00fcn I\u015f\u0131k Performans\u0131<\/h3>\n<p>6W COB LED, hem enerji tasarrufu hem de \u00fcst\u00fcn parlakl\u0131k sa\u011flayan bir teknolojidir. Bu \u00f6zellikleriyle, el feneri gibi ta\u015f\u0131nabilir ayd\u0131nlatma cihazlar\u0131nda ideal bir se\u00e7imdir.<\/p>\n<p>Y\u00fcksek parlakl\u0131k sunan bu mini fener, d\u00f6rt farkl\u0131 \u0131\u015f\u0131k moduna sahiptir: %60 y\u00fcksek \u0131\u015f\u0131k modu, %30 d\u00fc\u015f\u00fck \u0131\u015f\u0131k modu, fla\u015f modu ve uzun basarak %100 s\u00fcper parlak moda ge\u00e7i\u015f yapabilirsiniz. Bu \u00f6zellikler, her durumda ihtiyac\u0131n\u0131za uygun ayd\u0131nlatma sa\u011flar.<\/p>\n<h4>Dahili G\u00fc\u00e7l\u00fc M\u0131knat\u0131s<\/h4>\n<p>Arkas\u0131ndaki g\u00fc\u00e7l\u00fc m\u0131knat\u0131s ile metal y\u00fczeylere kolayca sabitleyebilir, b\u00f6ylece ellerinizi serbest b\u0131rakarak rahat\u00e7a \u00e7al\u0131\u015fabilirsiniz.<\/p>\n<h4>Asmak \u0130\u00e7in Karabina<\/h4>\n<p>\u00dcr\u00fcn\u00fcn \u00fczerinde yer alan karabina sayesinde \u00e7anta, anahtarl\u0131k veya fermuara kolayca tak\u0131larak her zaman yan\u0131n\u0131zda ta\u015f\u0131yabilirsiniz.<\/p>\n<h4>\u015ei\u015fe A\u00e7aca\u011f\u0131<\/h4>\n<p>Pikniklerde, a\u00e7\u0131k hava etkinliklerinde veya g\u00fcnl\u00fck ya\u015famda h\u0131zl\u0131 ve kolay bir \u015fekilde \u015fi\u015felerinizi a\u00e7arak an\u0131n keyfini \u00e7\u0131karabilirsiniz.<\/p>\n<h4>180\u00b0 Katlanabilir Stand<\/h4>\n<p>Bu \u00f6zellik sayesinde \u00fcr\u00fcn\u00fc masa, raf veya d\u00fcz bir y\u00fczey \u00fczerinde g\u00fcvenle kullanabilir, istedi\u011finiz a\u00e7\u0131da kolayca konumland\u0131rabilirsiniz.<\/p>\n<h4>Type-C H\u0131zl\u0131 \u015earj<\/h4>\n<p>150 mAh dahili pil, uzun s\u00fcreli kullan\u0131m imk\u00e2n\u0131 sunarken, Type-C ba\u011flant\u0131 noktas\u0131 sayesinde h\u0131zl\u0131 ve pratik bir \u015fekilde \u015farj edebilirsiniz.<\/p>\n<h4>Tripod Ba\u011flant\u0131 Noktas\u0131<\/h4>\n<p>Tripod veya ba\u011flant\u0131 aparatlar\u0131yla uyumlu vidal\u0131 ba\u011flant\u0131 deli\u011fine sahiptir. Bu \u00f6zellik sayesinde \u00fcr\u00fcn\u00fc bir tripoda monte edebilirsiniz.<\/p>\n<h5>150 mAh Lityum Pil &#8211; Type-C ile \u015earj Edilebilir<\/h5>\n<p>K\u0131rm\u0131z\u0131: \u015earj oluyor<br \/>\nYe\u015fil: \u015earj tamamland\u0131<\/p>\n","protected":false},"excerpt":{"rendered":"<p>\u015earjl\u0131 COB LED Mini El Feneri, kompakt tasar\u0131m\u0131 ve \u00e7ok i\u015flevli \u00f6zellikleriyle hem pratik hem de etkileyici bir promosyon \u00fcr\u00fcn\u00fcd\u00fcr. G\u00fc\u00e7l\u00fc ayd\u0131nlatma sunan bu \u00fcr\u00fcn, g\u00fc\u00e7l\u00fc m\u0131knat\u0131s\u0131, 180\u00b0 katlanabilir stand\u0131 ve dahili \u015fi\u015fe a\u00e7aca\u011f\u0131 gibi detaylar\u0131yla farkl\u0131 kullan\u0131m alanlar\u0131na hitap eder. Metal y\u00fczeye lazer kaz\u0131ma tekni\u011fiyle i\u015flenen logo, s\u00fcrt\u00fcnme ve a\u015f\u0131nmalara kar\u015f\u0131 dayan\u0131kl\u0131d\u0131r ve uzun&#8230; Devam\u0131<\/p>\n","protected":false},"featured_media":36638,"comment_status":"open","ping_status":"closed","template":"","meta":[],"product_brand":[],"product_cat":[2275,2326,2327],"product_tag":[],"class_list":{"0":"post-11532","1":"product","2":"type-product","3":"status-publish","4":"has-post-thumbnail","6":"product_cat-thecey-stok-urunler","7":"product_cat-araclar-aksesuarlar","8":"product_cat-el-aletleri","10":"first","11":"instock","12":"shipping-taxable","13":"purchasable","14":"product-type-simple"},"_links":{"self":[{"href":"https:\/\/thecey.com\/en\/wp-json\/wp\/v2\/product\/11532\/"}],"collection":[{"href":"https:\/\/thecey.com\/en\/wp-json\/wp\/v2\/product\/"}],"about":[{"href":"https:\/\/thecey.com\/en\/wp-json\/wp\/v2\/types\/product\/"}],"replies":[{"embeddable":true,"href":"https:\/\/thecey.com\/en\/wp-json\/wp\/v2\/comments\/?post=11532"}],"wp:featuredmedia":[{"embeddable":true,"href":"https:\/\/thecey.com\/en\/wp-json\/wp\/v2\/media\/36638\/"}],"wp:attachment":[{"href":"https:\/\/thecey.com\/en\/wp-json\/wp\/v2\/media\/?parent=11532"}],"wp:term":[{"taxonomy":"product_brand","embeddable":true,"href":"https:\/\/thecey.com\/en\/wp-json\/wp\/v2\/product_brand\/?post=11532"},{"taxonomy":"product_cat","embeddable":true,"href":"https:\/\/thecey.com\/en\/wp-json\/wp\/v2\/product_cat\/?post=11532"},{"taxonomy":"product_tag","embeddable":true,"href":"https:\/\/thecey.com\/en\/wp-json\/wp\/v2\/product_tag\/?post=11532"}],"curies":[{"name":"wp","href":"https:\/\/api.w.org\/{rel}","templated":true}]}}