{"id":1145,"date":"2018-11-07T23:07:56","date_gmt":"2018-11-07T20:07:56","guid":{"rendered":"http:\/\/thecey.com\/yeni\/product\/import-placeholder-for-16877\/"},"modified":"2021-01-27T11:31:42","modified_gmt":"2021-01-27T08:31:42","slug":"trthecey-baskili-kutularenthecey-printed-gift-box","status":"publish","type":"product","link":"https:\/\/thecey.com\/en\/urunler\/trthecey-baskili-kutularenthecey-printed-gift-box\/","title":{"rendered":"THECEY- BASKILI KUTULAR"},"content":{"rendered":"Bayiilerimizin talepleri do\u011frultusunda T\u00fcrkiye \u00fcretimi bask\u0131l\u0131&amp;bask\u0131s\u0131z alternatif kutular\u0131m\u0131zda mevcuttur.<\/p>\n<p>A\u015fa\u011f\u0131da 5 farkl\u0131 boyutta kutular\u0131m\u0131z\u0131n detaylar\u0131 var.Bu kutulara yald\u0131z bask\u0131 veya lazer bask\u0131 uygulanabilmektedir.<\/p>\n<p>17,5 * 3,5 cm<\/p>\n<div>\u00a013 * 9,5 cm<\/div>\n<div><\/div>\n<div>10,5 * 5,5 cm<\/div>\n<div><\/div>\n<div>\u00a08,5 * 6,5 cm<\/div>\n<div><\/div>\n<div>\u00a07,5 * 5 cm<\/div>\n<div><\/div>\n<p>&nbsp;","protected":false},"excerpt":{"rendered":"<p>Bayiilerimizin talepleri do\u011frultusunda T\u00fcrkiye \u00fcretimi bask\u0131l\u0131&amp;bask\u0131s\u0131z alternatif kutular\u0131m\u0131zda mevcuttur. A\u015fa\u011f\u0131da 5 farkl\u0131 boyutta kutular\u0131m\u0131z\u0131n detaylar\u0131 var.Bu kutulara yald\u0131z bask\u0131 veya lazer bask\u0131 uygulanabilmektedir. 17,5 * 3,5 cm \u00a013 * 9,5 cm 10,5 * 5,5 cm \u00a08,5 * 6,5 cm \u00a07,5 * 5 cm &nbsp;<\/p>\n","protected":false},"featured_media":864,"comment_status":"open","ping_status":"closed","template":"","meta":[],"product_brand":[],"product_cat":[205,304],"product_tag":[371,378,379,380,381,374,291,375,382,383],"class_list":{"0":"post-1145","1":"product","2":"type-product","3":"status-publish","4":"has-post-thumbnail","6":"product_cat-paketleme-ve-aksesuar","7":"product_cat-thecey","8":"product_tag-baskili-kutu","9":"product_tag-foil-printed-box","10":"product_tag-gecme-kapakli-kutu","11":"product_tag-golden-printed-box","12":"product_tag-janjanli-baski","13":"product_tag-printed-box","14":"product_tag-promosyon-urun-kutusu","15":"product_tag-silver-printed-box","16":"product_tag-yaldiz-baski","17":"product_tag-yaldiz-baskili-kutu","19":"first","20":"instock","21":"shipping-taxable","22":"purchasable","23":"product-type-simple"},"_links":{"self":[{"href":"https:\/\/thecey.com\/en\/wp-json\/wp\/v2\/product\/1145\/"}],"collection":[{"href":"https:\/\/thecey.com\/en\/wp-json\/wp\/v2\/product\/"}],"about":[{"href":"https:\/\/thecey.com\/en\/wp-json\/wp\/v2\/types\/product\/"}],"replies":[{"embeddable":true,"href":"https:\/\/thecey.com\/en\/wp-json\/wp\/v2\/comments\/?post=1145"}],"wp:featuredmedia":[{"embeddable":true,"href":"https:\/\/thecey.com\/en\/wp-json\/wp\/v2\/media\/864\/"}],"wp:attachment":[{"href":"https:\/\/thecey.com\/en\/wp-json\/wp\/v2\/media\/?parent=1145"}],"wp:term":[{"taxonomy":"product_brand","embeddable":true,"href":"https:\/\/thecey.com\/en\/wp-json\/wp\/v2\/product_brand\/?post=1145"},{"taxonomy":"product_cat","embeddable":true,"href":"https:\/\/thecey.com\/en\/wp-json\/wp\/v2\/product_cat\/?post=1145"},{"taxonomy":"product_tag","embeddable":true,"href":"https:\/\/thecey.com\/en\/wp-json\/wp\/v2\/product_tag\/?post=1145"}],"curies":[{"name":"wp","href":"https:\/\/api.w.org\/{rel}","templated":true}]}}