{"id":11430,"date":"2025-08-27T14:23:51","date_gmt":"2025-08-27T11:23:51","guid":{"rendered":"https:\/\/thecey.com\/urunler\/cevre-dostu-ici-seramik-disi-celik-termos-bardak-400-ml\/"},"modified":"2026-03-27T12:55:07","modified_gmt":"2026-03-27T09:55:07","slug":"cevre-dostu-ici-seramik-disi-celik-termos-bardak-400-ml","status":"publish","type":"product","link":"https:\/\/thecey.com\/en\/urunler\/cevre-dostu-ici-seramik-disi-celik-termos-bardak-400-ml\/","title":{"rendered":"\u00c7evre Dostu \u0130\u00e7i Seramik D\u0131\u015f\u0131 \u00c7elik Termos Bardak 400 mL &#8211; CABRIA ECO CERAMICA"},"content":{"rendered":"<h3>Logo Bask\u0131l\u0131 \u00c7evre Dostu Termos ile Kal\u0131c\u0131 Etki Yarat\u0131n<\/h3>\n<p>\u00c7evre dostu tasar\u0131m\u0131yla dikkat \u00e7eken\u00a0<strong>BrandCharger<\/strong>\u00a0Calix Ceramica Eco Termos Kupa, i\u00e7 k\u0131sm\u0131nda kullan\u0131lan\u00a0<strong>seramik kaplama<\/strong>\u00a0sayesinde i\u00e7eceklerinize saf bir tat sunar. Y\u00fcksek kaliteli, geri d\u00f6n\u00fc\u015ft\u00fcr\u00fclm\u00fc\u015f 304\u00a0<strong>paslanmaz \u00e7elik<\/strong>\u00a0g\u00f6vdesi, dayan\u0131kl\u0131l\u0131\u011f\u0131 ve zarif g\u00f6r\u00fcn\u00fcm\u00fc bir araya getirirken,\u00a0<strong>BPA i\u00e7ermeyen<\/strong>\u00a0yap\u0131s\u0131yla sa\u011fl\u0131kl\u0131 bir kullan\u0131m sa\u011flar. Bu termos kupa, hem \u00e7al\u0131\u015fanlar\u0131n\u0131z hem de m\u00fc\u015fterileriniz i\u00e7in prestijli bir kurumsal hediye se\u00e7ene\u011fidir.<\/p>\n<p>D\u00fcnyaca \u00fcnl\u00fc BrandCharger markas\u0131n\u0131n yenilik\u00e7i yakla\u015f\u0131m\u0131yla tasarlanan bu termos kupa, hem \u00e7al\u0131\u015fanlar\u0131n\u0131z hem de m\u00fc\u015fterileriniz i\u00e7in \u00f6zel bir hediye sunma f\u0131rsat\u0131 yarat\u0131r. Logo bask\u0131s\u0131 ile \u00f6zelle\u015ftirilen kupalar, markan\u0131z\u0131 her kullan\u0131mda dikkat \u00e7ekici bir \u015fekilde temsil eder.<\/p>\n<h5>RCS Sertifikal\u0131<\/h5>\n<p>Geri D\u00f6n\u00fc\u015f\u00fcm \u0130ddia Standard\u0131 (RCS), geri d\u00f6n\u00fc\u015f\u00fcml\u00fc girdilerin ve denetim zincirinin \u00fc\u00e7\u00fcnc\u00fc taraflarca sertifikaland\u0131r\u0131lmas\u0131 i\u00e7in gereklilikleri belirleyen uluslararas\u0131, iste\u011fe ba\u011fl\u0131 bir standartt\u0131r. RCS&#8217;nin amac\u0131, geri d\u00f6n\u00fc\u015f\u00fcml\u00fc malzemelerin kullan\u0131m\u0131n\u0131 artt\u0131rmak, malzemelerin ger\u00e7ekten geri d\u00f6n\u00fc\u015f\u00fcml\u00fc oldu\u011funa ve son \u00fcr\u00fcnde bulundu\u011funa dair g\u00fcvence vermektir.<\/p>\n<ul>\n<li>4 saat s\u0131cak<\/li>\n<li>12 saat so\u011fuk<\/li>\n<li>18 saat buzlu<\/li>\n<li>400 ml kapasite<\/li>\n<li>Bula\u015f\u0131k makinesinde y\u0131kanabilir<\/li>\n<li>Coppertech\u00a9 \u0130zolasyon<\/li>\n<\/ul>\n<h4>\u00c7ift Duvarl\u0131 \u0130zolasyon<\/h4>\n<p>Coppertech\u00a9 \u00e7ift duvar vakum izolasyonu ile buzlu i\u00e7ecekleriniz 18 saate kadar so\u011fuk, s\u0131cak i\u00e7ecekleriniz ise 4 saate kadar s\u0131cak kal\u0131r.<\/p>\n<h4>Seramik Kaplama<\/h4>\n<p>Seramik kaplama, i\u00e7eceklerinizin en saf haliyle tad\u0131n\u0131 \u00e7\u0131karman\u0131z\u0131 sa\u011flar. Kokusuz, dayan\u0131kl\u0131 ve kolay temizlenebilir yap\u0131s\u0131yla \u00f6ne \u00e7\u0131kan bu kaplama, kahve ve \u00e7ay gibi i\u00e7eceklerin do\u011fal lezzetlerini korur. Ayr\u0131ca, seramik y\u00fczey i\u00e7eceklerin aromas\u0131n\u0131 ve tad\u0131n\u0131 absorbe etmez, b\u00f6ylece her yudum ilk g\u00fcnk\u00fc tazeli\u011fini hissettirir. \u00c7izilmeye kar\u015f\u0131 dayan\u0131kl\u0131 yap\u0131s\u0131yla uzun \u00f6m\u00fcrl\u00fc kullan\u0131m sunar ve i\u00e7eceklerinizi her zaman en iyi lezzetiyle deneyimlemenizi sa\u011flar.<\/p>\n<p><strong><em>BPA \u0130\u00e7ermez<\/em><\/strong><\/p>\n<h4>Geri D\u00f6n\u00fc\u015ft\u00fcr\u00fclm\u00fc\u015f 304\/304 Paslanmaz \u00c7elik<\/h4>\n<p>G\u0131da s\u0131n\u0131f\u0131 geri d\u00f6n\u00fc\u015ft\u00fcr\u00fclm\u00fc\u015f 304\/304 paslanmaz \u00e7elikten \u00fcretilen bu termos bardak, hem dayan\u0131kl\u0131l\u0131\u011f\u0131 hem de \u00e7evre dostu yap\u0131s\u0131yla \u00f6ne \u00e7\u0131kar. Y\u0131llara meydan okuyan sa\u011flaml\u0131\u011f\u0131 sayesinde i\u00e7eceklerinizi g\u00fcvenle saklar, ayn\u0131 zamanda s\u00fcrd\u00fcr\u00fclebilirli\u011fi destekleyen malzeme yap\u0131s\u0131yla markan\u0131z\u0131n \u00e7evre bilincini vurgular. Uzun \u00f6m\u00fcrl\u00fc tasar\u0131m\u0131, g\u00fcnl\u00fck kullan\u0131mda dayan\u0131kl\u0131l\u0131\u011f\u0131n\u0131 koruyarak markan\u0131z\u0131 her kullan\u0131mda g\u00f6r\u00fcn\u00fcr k\u0131lar.<\/p>\n<h4>Tritan Vidal\u0131, S\u0131zd\u0131rmaz Kapak<\/h4>\n<p>Y\u00fcksek dayan\u0131kl\u0131l\u0131\u011f\u0131, leke ile kokuya kar\u015f\u0131 diren\u00e7 \u00f6zellikleriyle bilinen Tritan kapak, s\u0131cak i\u00e7ecekler i\u00e7in m\u00fckemmel bir malzeme tercihidir. Ayr\u0131ca, k\u0131r\u0131lmaya dayan\u0131kl\u0131 yap\u0131s\u0131 sayesinde uzun \u00f6m\u00fcrl\u00fc bir kullan\u0131m sunar ve y\u00fcksek s\u0131cakl\u0131klara kar\u015f\u0131 dayan\u0131kl\u0131d\u0131r.<\/p>\n<p>Tasar\u0131m\u0131, hareket halindeyken i\u00e7eceklerinizi g\u00fcvenle ta\u015f\u0131man\u0131z\u0131 sa\u011flar. Ergonomik \u015fekli sayesinde kapa\u011f\u0131 kolayca a\u00e7abilir ve g\u00fcvenle kapatabilirsiniz. S\u0131zd\u0131rmaz \u00f6zelli\u011fi, i\u00e7ece\u011finizi g\u00fcvenle ta\u015f\u0131man\u0131z\u0131 sa\u011flarken, \u015f\u0131k tasar\u0131m\u0131 termos kupan\u0131n genel estetik g\u00f6r\u00fcn\u00fcm\u00fcne uyum sa\u011flar. Bu \u00f6zellikler, Tritan kapa\u011f\u0131 fonksiyonellik ve \u015f\u0131kl\u0131\u011f\u0131 bir arada sunan m\u00fckemmel bir se\u00e7im haline getirir.<\/p>\n<p>&nbsp;<\/p>\n<h4>LOGO BASKISI NASIL YAPILIR?<\/h4>\n<p>Logonuz lazer kaz\u0131ma ile termosun \u00f6n veya arka y\u00fcz\u00fcne uygulan\u0131r.<\/p>\n","protected":false},"excerpt":{"rendered":"<p>Logo Bask\u0131l\u0131 \u00c7evre Dostu Termos ile Kal\u0131c\u0131 Etki Yarat\u0131n \u00c7evre dostu tasar\u0131m\u0131yla dikkat \u00e7eken\u00a0BrandCharger\u00a0Calix Ceramica Eco Termos Kupa, i\u00e7 k\u0131sm\u0131nda kullan\u0131lan\u00a0seramik kaplama\u00a0sayesinde i\u00e7eceklerinize saf bir tat sunar. Y\u00fcksek kaliteli, geri d\u00f6n\u00fc\u015ft\u00fcr\u00fclm\u00fc\u015f 304\u00a0paslanmaz \u00e7elik\u00a0g\u00f6vdesi, dayan\u0131kl\u0131l\u0131\u011f\u0131 ve zarif g\u00f6r\u00fcn\u00fcm\u00fc bir araya getirirken,\u00a0BPA i\u00e7ermeyen\u00a0yap\u0131s\u0131yla sa\u011fl\u0131kl\u0131 bir kullan\u0131m sa\u011flar. Bu termos kupa, hem \u00e7al\u0131\u015fanlar\u0131n\u0131z hem de m\u00fc\u015fterileriniz i\u00e7in prestijli&#8230; Devam\u0131<\/p>\n","protected":false},"featured_media":36656,"comment_status":"open","ping_status":"closed","template":"","meta":[],"product_brand":[],"product_cat":[2275,2323],"product_tag":[],"class_list":{"0":"post-11430","1":"product","2":"type-product","3":"status-publish","4":"has-post-thumbnail","6":"product_cat-thecey-stok-urunler","7":"product_cat-cevre-dostutermos-bardak-kupa","9":"first","10":"instock","11":"shipping-taxable","12":"purchasable","13":"product-type-simple"},"_links":{"self":[{"href":"https:\/\/thecey.com\/en\/wp-json\/wp\/v2\/product\/11430\/"}],"collection":[{"href":"https:\/\/thecey.com\/en\/wp-json\/wp\/v2\/product\/"}],"about":[{"href":"https:\/\/thecey.com\/en\/wp-json\/wp\/v2\/types\/product\/"}],"replies":[{"embeddable":true,"href":"https:\/\/thecey.com\/en\/wp-json\/wp\/v2\/comments\/?post=11430"}],"wp:featuredmedia":[{"embeddable":true,"href":"https:\/\/thecey.com\/en\/wp-json\/wp\/v2\/media\/36656\/"}],"wp:attachment":[{"href":"https:\/\/thecey.com\/en\/wp-json\/wp\/v2\/media\/?parent=11430"}],"wp:term":[{"taxonomy":"product_brand","embeddable":true,"href":"https:\/\/thecey.com\/en\/wp-json\/wp\/v2\/product_brand\/?post=11430"},{"taxonomy":"product_cat","embeddable":true,"href":"https:\/\/thecey.com\/en\/wp-json\/wp\/v2\/product_cat\/?post=11430"},{"taxonomy":"product_tag","embeddable":true,"href":"https:\/\/thecey.com\/en\/wp-json\/wp\/v2\/product_tag\/?post=11430"}],"curies":[{"name":"wp","href":"https:\/\/api.w.org\/{rel}","templated":true}]}}