{"id":11400,"date":"2025-08-27T14:16:41","date_gmt":"2025-08-27T11:16:41","guid":{"rendered":"https:\/\/thecey.com\/urunler\/360-derece-donebilen-masaustu-telefon-tutucu\/"},"modified":"2026-03-27T12:55:21","modified_gmt":"2026-03-27T09:55:21","slug":"360-derece-donebilen-masaustu-telefon-tutucu","status":"publish","type":"product","link":"https:\/\/thecey.com\/en\/urunler\/360-derece-donebilen-masaustu-telefon-tutucu\/","title":{"rendered":"360 Derece D\u00f6nebilen Masa\u00fcst\u00fc Telefon Tutucu &#8211; DESTAND"},"content":{"rendered":"<p>Bu masa\u00fcst\u00fc telefon tutucu, \u015firketinizin logosunu \u00f6ne \u00e7\u0131karan lazer bask\u0131 tekni\u011fi kullan\u0131larak \u00f6zelle\u015ftirilebilen y\u00fcksek kaliteli bir promosyon \u00fcr\u00fcn\u00fcd\u00fcr. Lazer bask\u0131, logonuzu \u00fcr\u00fcn\u00fcn \u00fczerine kaz\u0131ma tekni\u011fi ile i\u015flenmesini sa\u011flar, bu da \u00fcr\u00fcn\u00fcn profesyonel bir g\u00f6r\u00fcn\u00fcm kazanmas\u0131na ve marka bilinirli\u011finizin art\u0131r\u0131lmas\u0131na yard\u0131mc\u0131 olur. Fuarlar, kurumsal etkinlikler veya m\u00fc\u015fteri ve \u00e7al\u0131\u015fanlara y\u00f6nelik \u00f6zel hediye se\u00e7enekleri i\u00e7in idealdir. Bu \u00fcr\u00fcn\u00fc se\u00e7erek marka de\u011ferinizi art\u0131rabilir ve hedef kitleniz \u00fczerinde kal\u0131c\u0131 bir izlenim b\u0131rakabilirsiniz.<\/p>\n<p><strong>Obsidyen Siyah\u0131<\/strong><\/p>\n<p>Bu \u00fcr\u00fcn siyah renk ve sade g\u00f6r\u00fcn\u00fcm\u00fcyle masan\u0131za \u015f\u0131k bir tarz katar.<\/p>\n<p><strong>Tablet\/Telefon \u0130\u00e7in Evrensel Uyumluluk<\/strong><\/p>\n<p>\u00c7e\u015fitli boyutlarda telefon ve tabletler ile uyumludur.<\/p>\n<p><strong>Yepyeni \u00dc\u00e7 Eksenli Plaka Deste\u011fi<\/strong><\/p>\n<p>G\u00f6r\u00fc\u015f a\u00e7\u0131n\u0131z\u0131 ayarlamak i\u00e7in 360 derece d\u00f6nme ve kald\u0131rma \u00f6zelli\u011fine sahiptir.<\/p>\n<p><strong>\u00dc\u00e7 Eksenli Tasar\u0131m<\/strong><\/p>\n<p>Farkl\u0131 y\u00fckseklik oranlar\u0131na sahip\u00a0 ve ayarlanabilir bir tasar\u0131m\u0131n keyfini \u00e7\u0131kar\u0131n. Destek braketi, daha geni\u015f bir g\u00f6r\u00fcnt\u00fcleme a\u00e7\u0131s\u0131na uyum sa\u011flamak i\u00e7in \u00f6nemli \u00f6l\u00e7\u00fcde geli\u015ftirilmi\u015ftir.<br \/>\n143 mm&#8217;ye kadar y\u00fckselebilir.<\/p>\n<p><strong>\u00c7ok Y\u00f6nl\u00fc Kullan\u0131m<\/strong><\/p>\n<p>\u00c7e\u015fitli senaryolar i\u00e7in ideal olan bu tutucu, pratiklik ve esneklik sunar.<\/p>\n<p><strong>D\u00fcz D\u00f6ner Destek<\/strong><\/p>\n<p>Y\u00fck ta\u015f\u0131ma kapasitesi ve bas\u0131n\u00e7s\u0131z tasar\u0131m\u0131 sayesinde son derece stabil. \u00c7ift metal ile g\u00fc\u00e7lendirilmi\u015f d\u00f6ner eksen. S\u0131k\u0131\u015ft\u0131rma gerektirmez; an\u0131nda sabitlenmesi i\u00e7in cihaz\u0131n\u0131z\u0131 koyman\u0131z yeterlidir.<\/p>\n<p><strong>Sa\u011flam Taban<\/strong><\/p>\n<p>Taban, sabit bir a\u011f\u0131rl\u0131k merkezi sa\u011flamak i\u00e7in kal\u0131nla\u015ft\u0131r\u0131lm\u0131\u015ft\u0131r ve herhangi bir devrilmeyi veya sallanmay\u0131 \u00f6nler.<\/p>\n<p><strong>Basit\u00e7e Bas, Katla ve Sakla<\/strong><\/p>\n<p>Yerden tasarruf sa\u011flayacak ve kolay ta\u015f\u0131nabilecek \u015fekilde tasarlanm\u0131\u015ft\u0131r.<\/p>\n<p><strong>\u00c7ok Fonksiyonlu \u00dc\u00e7\u00fc Bir Arada Tasar\u0131m<\/strong><\/p>\n<p>Bu \u00e7ok y\u00f6nl\u00fc telefon tutucu \u00fc\u00e7 ana i\u015flev sunar:<\/p>\n<ol>\n<li><strong>D\u00f6nd\u00fcrme<\/strong><\/li>\n<li><strong>Y\u00fckselme ve Al\u00e7alma<\/strong><\/li>\n<li><strong>Katlanma<\/strong><\/li>\n<\/ol>\n<p><strong>Geni\u015f Uyumluluk<\/strong><\/p>\n<p>Bu telefon tutucu, hem tabletler hem de cep telefonlar\u0131yla evrensel olarak uyumludur ve geni\u015f kapsaml\u0131 kullan\u0131labilirlik sa\u011flar.<\/p>\n<p><strong>Kaymaz Silikon Ped<\/strong><\/p>\n<p>Cihaz\u0131n geriye yaslanmas\u0131n\u0131 veya devrilmesini \u00f6nlemek i\u00e7in kaymaz bir silikon ped i\u00e7erir.<\/p>\n<p><strong>\u00c7ift Amortis\u00f6rl\u00fc Eksen<\/strong><\/p>\n<p>Sa\u011flam \u00e7elikten yap\u0131lm\u0131\u015f \u00e7ift amortis\u00f6rl\u00fc eksen sayesinde kolay ayarlama yapabilir ve art\u0131r\u0131lm\u0131\u015f stabilite elde edebilirsiniz. Bu yap\u0131 hem dayan\u0131kl\u0131l\u0131\u011f\u0131 hem de uzun \u00f6m\u00fcrl\u00fc kullan\u0131m\u0131 garanti eder.<\/p>\n","protected":false},"excerpt":{"rendered":"<p>Bu masa\u00fcst\u00fc telefon tutucu, \u015firketinizin logosunu \u00f6ne \u00e7\u0131karan lazer bask\u0131 tekni\u011fi kullan\u0131larak \u00f6zelle\u015ftirilebilen y\u00fcksek kaliteli bir promosyon \u00fcr\u00fcn\u00fcd\u00fcr. Lazer bask\u0131, logonuzu \u00fcr\u00fcn\u00fcn \u00fczerine kaz\u0131ma tekni\u011fi ile i\u015flenmesini sa\u011flar, bu da \u00fcr\u00fcn\u00fcn profesyonel bir g\u00f6r\u00fcn\u00fcm kazanmas\u0131na ve marka bilinirli\u011finizin art\u0131r\u0131lmas\u0131na yard\u0131mc\u0131 olur. Fuarlar, kurumsal etkinlikler veya m\u00fc\u015fteri ve \u00e7al\u0131\u015fanlara y\u00f6nelik \u00f6zel hediye se\u00e7enekleri i\u00e7in idealdir. Bu&#8230; Devam\u0131<\/p>\n","protected":false},"featured_media":36726,"comment_status":"open","ping_status":"closed","template":"","meta":[],"product_brand":[],"product_cat":[2275,2324,2321,2314],"product_tag":[],"class_list":{"0":"post-11400","1":"product","2":"type-product","3":"status-publish","4":"has-post-thumbnail","6":"product_cat-thecey-stok-urunler","7":"product_cat-ofis-aksesuarlariteknoloji","8":"product_cat-ofis-malzemeleri","9":"product_cat-telefon-aksesuarlari","11":"first","12":"instock","13":"shipping-taxable","14":"purchasable","15":"product-type-simple"},"_links":{"self":[{"href":"https:\/\/thecey.com\/en\/wp-json\/wp\/v2\/product\/11400\/"}],"collection":[{"href":"https:\/\/thecey.com\/en\/wp-json\/wp\/v2\/product\/"}],"about":[{"href":"https:\/\/thecey.com\/en\/wp-json\/wp\/v2\/types\/product\/"}],"replies":[{"embeddable":true,"href":"https:\/\/thecey.com\/en\/wp-json\/wp\/v2\/comments\/?post=11400"}],"wp:featuredmedia":[{"embeddable":true,"href":"https:\/\/thecey.com\/en\/wp-json\/wp\/v2\/media\/36726\/"}],"wp:attachment":[{"href":"https:\/\/thecey.com\/en\/wp-json\/wp\/v2\/media\/?parent=11400"}],"wp:term":[{"taxonomy":"product_brand","embeddable":true,"href":"https:\/\/thecey.com\/en\/wp-json\/wp\/v2\/product_brand\/?post=11400"},{"taxonomy":"product_cat","embeddable":true,"href":"https:\/\/thecey.com\/en\/wp-json\/wp\/v2\/product_cat\/?post=11400"},{"taxonomy":"product_tag","embeddable":true,"href":"https:\/\/thecey.com\/en\/wp-json\/wp\/v2\/product_tag\/?post=11400"}],"curies":[{"name":"wp","href":"https:\/\/api.w.org\/{rel}","templated":true}]}}