{"id":11377,"date":"2025-08-27T14:13:46","date_gmt":"2025-08-27T11:13:46","guid":{"rendered":"https:\/\/thecey.com\/urunler\/cevre-dostu-celik-termos-bardak-400-ml\/"},"modified":"2026-03-26T15:40:59","modified_gmt":"2026-03-26T12:40:59","slug":"cevre-dostu-celik-termos-bardak-400-ml","status":"publish","type":"product","link":"https:\/\/thecey.com\/en\/urunler\/cevre-dostu-celik-termos-bardak-400-ml\/","title":{"rendered":"\u00c7evre Dostu \u00c7elik Termos Bardak 400 mL &#8211; CALABRIA ECO"},"content":{"rendered":"<p>Calix Eco: L\u00fcks ve s\u00fcrd\u00fcr\u00fclebilirli\u011fi bir araya getiren bu premium vakumlu termos bardak ile tan\u0131\u015f\u0131n. Y\u00fcksek kaliteli geri d\u00f6n\u00fc\u015ft\u00fcr\u00fclm\u00fc\u015f 304 paslanmaz \u00e7elikten \u00fcretilen Calix Eco, sadece \u015f\u0131kl\u0131\u011f\u0131yla de\u011fil, ayn\u0131 zamanda \u00e7evre dostu bir ya\u015fam tarz\u0131na olan ba\u011fl\u0131l\u0131\u011f\u0131yla da dikkat \u00e7eker. Bu \u00fcr\u00fcn, bask\u0131l\u0131 promosyon \u00fcr\u00fcn\u00fc olarak ideal bir se\u00e7enektir.<\/p>\n<p>Termos bardak, s\u0131zd\u0131rmaz vidal\u0131 kapa\u011f\u0131 ile i\u00e7eceklerinizi g\u00fcvenle ta\u015f\u0131man\u0131z\u0131 sa\u011flar. Kullan\u0131m kolayl\u0131\u011f\u0131 i\u00e7in kapak, bir ta\u015f\u0131ma halkas\u0131na sahiptir. Bu pratik detay, \u00e7apraz ask\u0131l\u0131 bir ta\u015f\u0131ma kay\u0131\u015f\u0131n\u0131n (iste\u011fe ba\u011fl\u0131) eklenmesine olanak tan\u0131r, b\u00f6ylece favori i\u00e7ece\u011finizi eller serbest bir \u015fekilde yan\u0131n\u0131zda ta\u015f\u0131yabilirsiniz.<\/p>\n<p>Coppertech\u00a9 \u00e7ift duvar vakum izolasyonu ile buzlu i\u00e7ecekleriniz 18 saate kadar so\u011fuk, s\u0131cak i\u00e7ecekleriniz ise 4 saate kadar s\u0131cak kal\u0131r.<\/p>\n<p>\u0130ster ofiste, ister seyahatte olun, Calix Eco, markan\u0131z\u0131 \u015f\u0131k bir \u015fekilde tan\u0131tman\u0131n yan\u0131 s\u0131ra, i\u00e7eceklerinizi yan\u0131n\u0131zda ta\u015f\u0131man\u0131z i\u00e7in m\u00fckemmel bir yol arkada\u015f\u0131d\u0131r.<\/p>\n<p><strong>RCS Sertifikal\u0131<\/strong><br \/>\nGeri D\u00f6n\u00fc\u015f\u00fcm \u0130ddia Standard\u0131 (RCS), geri d\u00f6n\u00fc\u015f\u00fcml\u00fc girdilerin ve denetim zincirinin \u00fc\u00e7\u00fcnc\u00fc taraflarca sertifikaland\u0131r\u0131lmas\u0131 i\u00e7in gereklilikleri belirleyen uluslararas\u0131, iste\u011fe ba\u011fl\u0131 bir standartt\u0131r. RCS&#8217;nin amac\u0131, geri d\u00f6n\u00fc\u015f\u00fcml\u00fc malzemelerin kullan\u0131m\u0131n\u0131 artt\u0131rmak, malzemelerin ger\u00e7ekten geri d\u00f6n\u00fc\u015f\u00fcml\u00fc oldu\u011funa ve son \u00fcr\u00fcnde bulundu\u011funa dair g\u00fcvence vermektir.<\/p>\n<p>&nbsp;<\/p>\n<ul>\n<li>4 saat s\u0131cak<\/li>\n<li>12 saat so\u011fuk<\/li>\n<li>18 saat buzlu<\/li>\n<li>400 ml kapasite<\/li>\n<li>Bula\u015f\u0131k makinesinde y\u0131kanabilir<\/li>\n<li>Coppertech\u00a9 \u0130zolasyon<\/li>\n<\/ul>\n<p>&nbsp;<\/p>\n<p><strong>Vidal\u0131, S\u0131zd\u0131rmaz Kapak<\/strong><br \/>\nErgonomik \u015fekil ve g\u00fcvenli vidal\u0131 kapa\u011f\u0131, hareket halindeyken favori i\u00e7ece\u011finizi rahat\u00e7a yudumlaman\u0131z\u0131 sa\u011flar.<\/p>\n<p><strong>Geri D\u00f6n\u00fc\u015ft\u00fcr\u00fclm\u00fc\u015f 304\/304 Paslanmaz \u00c7elik, BPA \u0130\u00e7ermez<\/strong><br \/>\nG\u0131da s\u0131n\u0131f\u0131 geri d\u00f6n\u00fc\u015ft\u00fcr\u00fclm\u00fc\u015f 304\/304 paslanmaz \u00e7elikten ustal\u0131kla \u00fcretilen bu termos bardak, uzun \u00f6m\u00fcrl\u00fc ve dayan\u0131kl\u0131d\u0131r, bu da markan\u0131z\u0131n uzun vadede tan\u0131t\u0131m\u0131n\u0131 yapar.<\/p>\n<p><strong>\u00c7ift Duvarl\u0131 \u0130zolasyon<\/strong><br \/>\nCoppertech\u00a9 \u00e7ift duvar vakum izolasyonu ile buzlu i\u00e7ecekleriniz 18 saate kadar so\u011fuk, s\u0131cak i\u00e7ecekleriniz ise 4 saate kadar s\u0131cak kal\u0131r.<\/p>\n<p><strong>Korozyona Dayan\u0131kl\u0131<\/strong><br \/>\n\u00c7elik y\u00fczeyde korozyona dayan\u0131kl\u0131 krom oksit filmi ile korunur. E\u011fer herhangi bir \u015fekilde zarar g\u00f6r\u00fcrse, bu film kendini yeniler.<\/p>\n<p>&nbsp;<\/p>\n<p><strong>LOGO BASKISI NASIL YAPILIR?<\/strong><br \/>\nLogonuz lazer kaz\u0131ma ile termosun \u00f6n veya arka y\u00fcz\u00fcne uygulan\u0131r<\/p>\n","protected":false},"excerpt":{"rendered":"<p>Calix Eco: L\u00fcks ve s\u00fcrd\u00fcr\u00fclebilirli\u011fi bir araya getiren bu premium vakumlu termos bardak ile tan\u0131\u015f\u0131n. Y\u00fcksek kaliteli geri d\u00f6n\u00fc\u015ft\u00fcr\u00fclm\u00fc\u015f 304 paslanmaz \u00e7elikten \u00fcretilen Calix Eco, sadece \u015f\u0131kl\u0131\u011f\u0131yla de\u011fil, ayn\u0131 zamanda \u00e7evre dostu bir ya\u015fam tarz\u0131na olan ba\u011fl\u0131l\u0131\u011f\u0131yla da dikkat \u00e7eker. Bu \u00fcr\u00fcn, bask\u0131l\u0131 promosyon \u00fcr\u00fcn\u00fc olarak ideal bir se\u00e7enektir. Termos bardak, s\u0131zd\u0131rmaz vidal\u0131 kapa\u011f\u0131 ile&#8230; Devam\u0131<\/p>\n","protected":false},"featured_media":33762,"comment_status":"open","ping_status":"closed","template":"","meta":[],"product_brand":[],"product_cat":[2275,2323],"product_tag":[],"class_list":{"0":"post-11377","1":"product","2":"type-product","3":"status-publish","4":"has-post-thumbnail","6":"product_cat-thecey-stok-urunler","7":"product_cat-cevre-dostutermos-bardak-kupa","9":"first","10":"outofstock","11":"shipping-taxable","12":"purchasable","13":"product-type-simple"},"_links":{"self":[{"href":"https:\/\/thecey.com\/en\/wp-json\/wp\/v2\/product\/11377\/"}],"collection":[{"href":"https:\/\/thecey.com\/en\/wp-json\/wp\/v2\/product\/"}],"about":[{"href":"https:\/\/thecey.com\/en\/wp-json\/wp\/v2\/types\/product\/"}],"replies":[{"embeddable":true,"href":"https:\/\/thecey.com\/en\/wp-json\/wp\/v2\/comments\/?post=11377"}],"wp:featuredmedia":[{"embeddable":true,"href":"https:\/\/thecey.com\/en\/wp-json\/wp\/v2\/media\/33762\/"}],"wp:attachment":[{"href":"https:\/\/thecey.com\/en\/wp-json\/wp\/v2\/media\/?parent=11377"}],"wp:term":[{"taxonomy":"product_brand","embeddable":true,"href":"https:\/\/thecey.com\/en\/wp-json\/wp\/v2\/product_brand\/?post=11377"},{"taxonomy":"product_cat","embeddable":true,"href":"https:\/\/thecey.com\/en\/wp-json\/wp\/v2\/product_cat\/?post=11377"},{"taxonomy":"product_tag","embeddable":true,"href":"https:\/\/thecey.com\/en\/wp-json\/wp\/v2\/product_tag\/?post=11377"}],"curies":[{"name":"wp","href":"https:\/\/api.w.org\/{rel}","templated":true}]}}