{"id":11355,"date":"2025-08-27T13:16:40","date_gmt":"2025-08-27T10:16:40","guid":{"rendered":"https:\/\/thecey.com\/urunler\/geri-donusturulmus-aluminyum-roller-kalem\/"},"modified":"2026-04-18T00:27:24","modified_gmt":"2026-04-17T21:27:24","slug":"geri-donusturulmus-aluminyum-roller-kalem","status":"publish","type":"product","link":"https:\/\/thecey.com\/en\/urunler\/geri-donusturulmus-aluminyum-roller-kalem\/","title":{"rendered":"Geri D\u00f6n\u00fc\u015ft\u00fcr\u00fclm\u00fc\u015f Al\u00fcminyum Roller Kalem &#8211; BLANKO ECO"},"content":{"rendered":"<p><strong>BrandCharger<\/strong>\u2019\u0131n tasarlad\u0131\u011f\u0131 bu \u00f6zel roller kalem, Mont Blanc\u2019\u0131n karla kapl\u0131 zirvelerinden ilham alarak s\u00fcrd\u00fcr\u00fclebilir l\u00fcks\u00fc modern \u015f\u0131kl\u0131kla bulu\u015fturuyor. Geri d\u00f6n\u00fc\u015ft\u00fcr\u00fclm\u00fc\u015f al\u00fcminyumdan hassas i\u015f\u00e7ilikle \u00fcretilen g\u00f6vdesi, markan\u0131n \u00e7evreye duyarl\u0131 inovasyon anlay\u0131\u015f\u0131n\u0131 yans\u0131t\u0131rken, kullan\u0131c\u0131ya sofistike bir yaz\u0131m deneyimi sunar.<\/p>\n<p>Buzlu kaplamas\u0131 ve kapakl\u0131 tasar\u0131m\u0131, minimalist \u00e7izgilerle birle\u015ferek hem \u015f\u0131k hem de ergonomik bir tutu\u015f sa\u011flar. \u0130\u00e7indeki Alman m\u00fchendisli\u011fi m\u00fcrekkep, ak\u0131c\u0131 ve kesintisiz bir yaz\u0131m sunarken; \u0130svi\u00e7re \u00fcretimi tungsten karb\u00fcr u\u00e7, dayan\u0131kl\u0131l\u0131k ve tutarl\u0131 performans garanti eder. \u0130ster ofiste, ister toplant\u0131larda ya da\u00a0<strong>kurumsal hediye<\/strong>\u00a0koleksiyonlar\u0131nda olsun, bu roller kalem her zaman g\u00fc\u00e7l\u00fc bir izlenim b\u0131rak\u0131r.<\/p>\n<p><strong>FSC Sertifikal\u0131 Ka\u011f\u0131t<br \/>\n<\/strong>Bu \u00fcr\u00fcnde kullan\u0131lan ka\u011f\u0131tlar, ba\u011f\u0131ms\u0131z \u00fc\u00e7\u00fcnc\u00fc taraflarca denetlenmi\u015f ve FSC\u2019nin kat\u0131 sosyal ve \u00e7evresel standartlar\u0131na uygun \u015fekilde y\u00f6netilen ormanlardan elde edilmi\u015ftir.<\/p>\n<p><strong>S\u00fcrd\u00fcr\u00fclebilirlik Sertifikal\u0131<br \/>\n<\/strong>RCS, geri d\u00f6n\u00fc\u015ft\u00fcr\u00fclm\u00fc\u015f materyallerin kayna\u011f\u0131n\u0131 ve tedarik zincirini belgelendirmek i\u00e7in uluslararas\u0131 bir sertifikasyon standard\u0131d\u0131r. Amac\u0131, geri d\u00f6n\u00fc\u015ft\u00fcr\u00fclm\u00fc\u015f malzeme kullan\u0131m\u0131n\u0131 art\u0131rmakt\u0131r.<\/p>\n<p>&nbsp;<\/p>\n<p><strong>Geri D\u00f6n\u00fc\u015ft\u00fcr\u00fclm\u00fc\u015f Al\u00fcminyum G\u00f6vde<br \/>\n<\/strong>Buzlu kaplamaya sahip hassas i\u015f\u00e7ilikli al\u00fcminyum g\u00f6vde, kaleme premium bir g\u00f6r\u00fcn\u00fcm ve se\u00e7kin bir his kazand\u0131r\u0131r.<\/p>\n<p><strong>\u0130svi\u00e7re Yap\u0131m\u0131 TC Roller U\u00e7<br \/>\n<\/strong>Pirin\u00e7 g\u00f6vdeyle \u00e7evrelenmi\u015f y\u00fcksek kaliteli tungsten karb\u00fcr u\u00e7, ak\u0131c\u0131 ve kesintisiz bir yaz\u0131m deneyimi sa\u011flar.<\/p>\n<p><strong>Alman M\u00fcrekkebi (Siyah Standart)<br \/>\n<\/strong>D\u00fczg\u00fcn ak\u0131\u015f sa\u011flayacak \u015fekilde form\u00fcle edilmi\u015ftir. Da\u011f\u0131lmaya, solmaya ve suya kar\u015f\u0131 dayan\u0131kl\u0131 yap\u0131s\u0131yla belgelerinizin uzun \u00f6m\u00fcrl\u00fc olmas\u0131n\u0131 sa\u011flar.<\/p>\n<p><strong>Buzlu G\u00f6r\u00fcn\u00fcml\u00fc Kaplama<br \/>\n<\/strong>Buz efektli detaylar\u0131yla dikkat \u00e7eken tasar\u0131m, minimalist \u015f\u0131kl\u0131kla birle\u015ferek ergonomik ve konforlu bir kullan\u0131m sunar.<\/p>\n<p>&nbsp;<\/p>\n<p><strong>LOGO BASKISI NASIL YAPILIR?<br \/>\n<\/strong>Logonuz, y\u00fcksek hassasiyetli lazer kaz\u0131ma veya UV bask\u0131 y\u00f6ntemiyle uygulan\u0131r; kal\u0131c\u0131, \u015f\u0131k ve profesyonel bir g\u00f6r\u00fcn\u00fcm elde edilir.<\/p>\n","protected":false},"excerpt":{"rendered":"<p>BrandCharger\u2019\u0131n tasarlad\u0131\u011f\u0131 bu \u00f6zel roller kalem, Mont Blanc\u2019\u0131n karla kapl\u0131 zirvelerinden ilham alarak s\u00fcrd\u00fcr\u00fclebilir l\u00fcks\u00fc modern \u015f\u0131kl\u0131kla bulu\u015fturuyor. Geri d\u00f6n\u00fc\u015ft\u00fcr\u00fclm\u00fc\u015f al\u00fcminyumdan hassas i\u015f\u00e7ilikle \u00fcretilen g\u00f6vdesi, markan\u0131n \u00e7evreye duyarl\u0131 inovasyon anlay\u0131\u015f\u0131n\u0131 yans\u0131t\u0131rken, kullan\u0131c\u0131ya sofistike bir yaz\u0131m deneyimi sunar. Buzlu kaplamas\u0131 ve kapakl\u0131 tasar\u0131m\u0131, minimalist \u00e7izgilerle birle\u015ferek hem \u015f\u0131k hem de ergonomik bir tutu\u015f sa\u011flar. \u0130\u00e7indeki Alman&#8230; Devam\u0131<\/p>\n","protected":false},"featured_media":50357,"comment_status":"open","ping_status":"closed","template":"","meta":[],"product_brand":[],"product_cat":[2275,2319,2320,50,122],"product_tag":[],"class_list":{"0":"post-11355","1":"product","2":"type-product","3":"status-publish","4":"has-post-thumbnail","6":"product_cat-thecey-stok-urunler","7":"product_cat-cevre-dostuofis-malzemeleri","8":"product_cat-imza-kalemiofis-malzemeleri","9":"product_cat-kalem","10":"product_cat-metal-kalem","12":"first","13":"instock","14":"shipping-taxable","15":"purchasable","16":"product-type-simple"},"_links":{"self":[{"href":"https:\/\/thecey.com\/en\/wp-json\/wp\/v2\/product\/11355\/"}],"collection":[{"href":"https:\/\/thecey.com\/en\/wp-json\/wp\/v2\/product\/"}],"about":[{"href":"https:\/\/thecey.com\/en\/wp-json\/wp\/v2\/types\/product\/"}],"replies":[{"embeddable":true,"href":"https:\/\/thecey.com\/en\/wp-json\/wp\/v2\/comments\/?post=11355"}],"wp:featuredmedia":[{"embeddable":true,"href":"https:\/\/thecey.com\/en\/wp-json\/wp\/v2\/media\/50357\/"}],"wp:attachment":[{"href":"https:\/\/thecey.com\/en\/wp-json\/wp\/v2\/media\/?parent=11355"}],"wp:term":[{"taxonomy":"product_brand","embeddable":true,"href":"https:\/\/thecey.com\/en\/wp-json\/wp\/v2\/product_brand\/?post=11355"},{"taxonomy":"product_cat","embeddable":true,"href":"https:\/\/thecey.com\/en\/wp-json\/wp\/v2\/product_cat\/?post=11355"},{"taxonomy":"product_tag","embeddable":true,"href":"https:\/\/thecey.com\/en\/wp-json\/wp\/v2\/product_tag\/?post=11355"}],"curies":[{"name":"wp","href":"https:\/\/api.w.org\/{rel}","templated":true}]}}