{"id":11338,"date":"2025-08-27T13:13:16","date_gmt":"2025-08-27T10:13:16","guid":{"rendered":"https:\/\/thecey.com\/urunler\/brandcharger-aluminyum-bambu-jel-kalem\/"},"modified":"2025-10-16T13:44:55","modified_gmt":"2025-10-16T10:44:55","slug":"brandcharger-aluminyum-bambu-jel-kalem","status":"publish","type":"product","link":"https:\/\/thecey.com\/en\/urunler\/brandcharger-aluminyum-bambu-jel-kalem\/","title":{"rendered":"BrandCharger Al\u00fcminyum &amp; Bambu Jel Kalem &#8211; GEL ECO"},"content":{"rendered":"<p>BrandCharger Al\u00fcminyum &amp; Bambu\u00a0<strong>Jel Kalem<\/strong>, s\u00fcrd\u00fcr\u00fclebilirlik, \u015f\u0131kl\u0131k ve i\u015flevselli\u011fi zarif ve profesyonel bir tasar\u0131mda bir araya getirir. Geri d\u00f6n\u00fc\u015ft\u00fcr\u00fclm\u00fc\u015f al\u00fcminyum g\u00f6vdesi ve do\u011fal bambu detaylar\u0131yla bu kalem, markan\u0131z\u0131n \u00e7evre bilincine olan ba\u011fl\u0131l\u0131\u011f\u0131n\u0131 yans\u0131t\u0131rken \u00fcst\u00fcn bir yaz\u0131m deneyimi sunar.<\/p>\n<p>Parker tipi dolumuyla donat\u0131lm\u0131\u015f olan kalem, sayfada ak\u0131c\u0131 ve kusursuz bir \u015fekilde kayarak her zaman net ve d\u00fczg\u00fcn yazman\u0131z\u0131 sa\u011flar. Hassas i\u015flenmi\u015f al\u00fcminyum g\u00f6vde dayan\u0131kl\u0131l\u0131k ve premium bir his sunarken, bambu detaylar kaleme do\u011fal bir zarafet katar.<\/p>\n<p>Y\u00fcksek kaliteli bir promosyon \u00fcr\u00fcn\u00fc olarak tasarlanan bu BrandCharger kalem, logonuzun hassas lazer markalama ile i\u015flenmesine uygundur ve m\u00fc\u015fterilerinize, \u00e7al\u0131\u015fanlar\u0131n\u0131za veya etkinlik kat\u0131l\u0131mc\u0131lar\u0131na unutulmaz bir hediye sunman\u0131z\u0131 sa\u011flar. Pratik, \u015f\u0131k ve s\u00fcrd\u00fcr\u00fclebilir yap\u0131s\u0131yla performans ve \u00e7evre bilincini \u00f6nemseyen profesyoneller i\u00e7in ideal bir tercihtir.<\/p>\n<p><strong>RCS Sertifikal\u0131<br \/>\n<\/strong>Geri D\u00f6n\u00fc\u015f\u00fcm \u0130ddia Standard\u0131 (RCS), geri d\u00f6n\u00fc\u015f\u00fcml\u00fc girdilerin ve denetim zincirinin \u00fc\u00e7\u00fcnc\u00fc taraflarca sertifikaland\u0131r\u0131lmas\u0131 i\u00e7in gereklilikleri belirleyen uluslararas\u0131, iste\u011fe ba\u011fl\u0131 bir standartt\u0131r. RCS&#8217;nin amac\u0131, geri d\u00f6n\u00fc\u015f\u00fcml\u00fc malzemelerin kullan\u0131m\u0131n\u0131 artt\u0131rmak, malzemelerin ger\u00e7ekten geri d\u00f6n\u00fc\u015f\u00fcml\u00fc oldu\u011funa ve son \u00fcr\u00fcnde bulundu\u011funa dair g\u00fcvence vermektir.<\/p>\n<p><strong>Jel Kalem<br \/>\n<\/strong>BrandCharger Flow Eco, Parker tipi dolumuyla \u00fcst\u00fcn ak\u0131c\u0131l\u0131k ve tutarl\u0131 yaz\u0131m sa\u011flar.<\/p>\n<p><strong>Al\u00fcminyum G\u00f6vde<br \/>\n<\/strong>Hassas i\u015flenmi\u015f al\u00fcminyum g\u00f6vde, premium bir g\u00f6r\u00fcn\u00fcm ve his sunarken s\u00fcrd\u00fcr\u00fclebilir tasar\u0131m\u0131 \u00f6ne \u00e7\u0131kar\u0131r.<\/p>\n<p><strong>\u00c7evre Dostu Bambu Detay\u0131<br \/>\n<\/strong>\u00dcst k\u0131sm\u0131ndaki do\u011fal bambu detay\u0131 kaleme zarif ve \u00e7evre dostu bir dokunu\u015f katar.<\/p>\n<p>&nbsp;<\/p>\n<p><strong>LOGO BASKISI NASIL YAPILIR?<br \/>\n<\/strong>Logonuz, y\u00fcksek hassasiyetli lazer markalama ile kaleme i\u015flenebilir, b\u00f6ylece \u015f\u0131k ve profesyonel bir promosyon \u00fcr\u00fcn\u00fc elde edilir.<\/p>\n","protected":false},"excerpt":{"rendered":"<p>BrandCharger Al\u00fcminyum &amp; Bambu\u00a0Jel Kalem, s\u00fcrd\u00fcr\u00fclebilirlik, \u015f\u0131kl\u0131k ve i\u015flevselli\u011fi zarif ve profesyonel bir tasar\u0131mda bir araya getirir. Geri d\u00f6n\u00fc\u015ft\u00fcr\u00fclm\u00fc\u015f al\u00fcminyum g\u00f6vdesi ve do\u011fal bambu detaylar\u0131yla bu kalem, markan\u0131z\u0131n \u00e7evre bilincine olan ba\u011fl\u0131l\u0131\u011f\u0131n\u0131 yans\u0131t\u0131rken \u00fcst\u00fcn bir yaz\u0131m deneyimi sunar. Parker tipi dolumuyla donat\u0131lm\u0131\u015f olan kalem, sayfada ak\u0131c\u0131 ve kusursuz bir \u015fekilde kayarak her zaman net ve&#8230; Devam\u0131<\/p>\n","protected":false},"featured_media":24146,"comment_status":"open","ping_status":"closed","template":"","meta":[],"product_brand":[],"product_cat":[2275,2319,2320,50,122],"product_tag":[],"class_list":{"0":"post-11338","1":"product","2":"type-product","3":"status-publish","4":"has-post-thumbnail","6":"product_cat-thecey-stok-urunler","7":"product_cat-cevre-dostuofis-malzemeleri","8":"product_cat-imza-kalemiofis-malzemeleri","9":"product_cat-kalem","10":"product_cat-metal-kalem","12":"first","13":"outofstock","14":"shipping-taxable","15":"purchasable","16":"product-type-simple"},"_links":{"self":[{"href":"https:\/\/thecey.com\/en\/wp-json\/wp\/v2\/product\/11338\/"}],"collection":[{"href":"https:\/\/thecey.com\/en\/wp-json\/wp\/v2\/product\/"}],"about":[{"href":"https:\/\/thecey.com\/en\/wp-json\/wp\/v2\/types\/product\/"}],"replies":[{"embeddable":true,"href":"https:\/\/thecey.com\/en\/wp-json\/wp\/v2\/comments\/?post=11338"}],"wp:featuredmedia":[{"embeddable":true,"href":"https:\/\/thecey.com\/en\/wp-json\/wp\/v2\/media\/24146\/"}],"wp:attachment":[{"href":"https:\/\/thecey.com\/en\/wp-json\/wp\/v2\/media\/?parent=11338"}],"wp:term":[{"taxonomy":"product_brand","embeddable":true,"href":"https:\/\/thecey.com\/en\/wp-json\/wp\/v2\/product_brand\/?post=11338"},{"taxonomy":"product_cat","embeddable":true,"href":"https:\/\/thecey.com\/en\/wp-json\/wp\/v2\/product_cat\/?post=11338"},{"taxonomy":"product_tag","embeddable":true,"href":"https:\/\/thecey.com\/en\/wp-json\/wp\/v2\/product_tag\/?post=11338"}],"curies":[{"name":"wp","href":"https:\/\/api.w.org\/{rel}","templated":true}]}}