{"id":11335,"date":"2025-08-27T13:02:09","date_gmt":"2025-08-27T10:02:09","guid":{"rendered":"https:\/\/thecey.com\/urunler\/trend-tornavida-seti\/"},"modified":"2026-04-19T20:41:38","modified_gmt":"2026-04-19T17:41:38","slug":"trend-tornavida-seti","status":"publish","type":"product","link":"https:\/\/thecey.com\/en\/urunler\/trend-tornavida-seti\/","title":{"rendered":"TREND TORNAV\u0130DA SET\u0130"},"content":{"rendered":"<p>\u00dcr\u00fcn Ebad\u0131: 16,4 x 6,8 cm<br \/>Renk: Siyah<br \/>Koli \u0130\u00e7i Adedi: 100<br \/>Koli Ebad\u0131: 36x36x20 cm<br \/>Koli A\u011f\u0131rl\u0131\u011f\u0131: 22,3  kg<\/p>\n<p>Siyah Al\u00fcminyum Kasa<br \/>M\u0131knat\u0131sl\u0131 uclar ve kutu<br \/>S2 \u00c7elik Malzemeden \u00fcretilmi\u015ftir<br \/>A\u015f\u0131nma direnci y\u00fcksek \u00fcr\u00fcn kalitesi<\/p>\n","protected":false},"excerpt":{"rendered":"<p>\u00dcr\u00fcn Ebad\u0131: 16,4 x 6,8 cmRenk: SiyahKoli \u0130\u00e7i Adedi: 100Koli Ebad\u0131: 36x36x20 cmKoli A\u011f\u0131rl\u0131\u011f\u0131: 22,3 kg Siyah Al\u00fcminyum KasaM\u0131knat\u0131sl\u0131 uclar ve kutuS2 \u00c7elik Malzemeden \u00fcretilmi\u015ftirA\u015f\u0131nma direnci y\u00fcksek \u00fcr\u00fcn kalitesi<\/p>\n","protected":false},"featured_media":11336,"comment_status":"open","ping_status":"closed","template":"","meta":[],"product_brand":[],"product_cat":[2275],"product_tag":[],"class_list":{"0":"post-11335","1":"product","2":"type-product","3":"status-publish","4":"has-post-thumbnail","6":"product_cat-thecey-stok-urunler","8":"first","9":"instock","10":"shipping-taxable","11":"purchasable","12":"product-type-simple"},"_links":{"self":[{"href":"https:\/\/thecey.com\/en\/wp-json\/wp\/v2\/product\/11335\/"}],"collection":[{"href":"https:\/\/thecey.com\/en\/wp-json\/wp\/v2\/product\/"}],"about":[{"href":"https:\/\/thecey.com\/en\/wp-json\/wp\/v2\/types\/product\/"}],"replies":[{"embeddable":true,"href":"https:\/\/thecey.com\/en\/wp-json\/wp\/v2\/comments\/?post=11335"}],"wp:featuredmedia":[{"embeddable":true,"href":"https:\/\/thecey.com\/en\/wp-json\/wp\/v2\/media\/11336\/"}],"wp:attachment":[{"href":"https:\/\/thecey.com\/en\/wp-json\/wp\/v2\/media\/?parent=11335"}],"wp:term":[{"taxonomy":"product_brand","embeddable":true,"href":"https:\/\/thecey.com\/en\/wp-json\/wp\/v2\/product_brand\/?post=11335"},{"taxonomy":"product_cat","embeddable":true,"href":"https:\/\/thecey.com\/en\/wp-json\/wp\/v2\/product_cat\/?post=11335"},{"taxonomy":"product_tag","embeddable":true,"href":"https:\/\/thecey.com\/en\/wp-json\/wp\/v2\/product_tag\/?post=11335"}],"curies":[{"name":"wp","href":"https:\/\/api.w.org\/{rel}","templated":true}]}}