{"id":11332,"date":"2025-08-27T12:59:41","date_gmt":"2025-08-27T09:59:41","guid":{"rendered":"https:\/\/thecey.com\/urunler\/cok-fonksiyonlu-kalem-siyah\/"},"modified":"2026-04-19T18:56:57","modified_gmt":"2026-04-19T15:56:57","slug":"cok-fonksiyonlu-kalem-siyah","status":"publish","type":"product","link":"https:\/\/thecey.com\/en\/urunler\/cok-fonksiyonlu-kalem-siyah\/","title":{"rendered":"\u00c7OK FONKS\u0130YONLU KALEM S\u0130YAH"},"content":{"rendered":"<p>\u00dcr\u00fcn Ebad\u0131: 15,3 cm<br \/>Renk: Siyah<br \/>Koli \u0130\u00e7i Adedi: 500<br \/>Koli Ebad\u0131: 36x27x18 cm<br \/>Koli A\u011f\u0131rl\u0131\u011f\u0131: 11,7 kg<\/p>\n<p>Su Terazisi<br \/>10 cm ve 4in\u00e7 Cetvel<br \/>Dokunmatik Telefon Ucu<br \/>D\u00fcz ve Y\u0131ld\u0131z Tornavida<\/p>\n","protected":false},"excerpt":{"rendered":"<p>\u00dcr\u00fcn Ebad\u0131: 15,3 cmRenk: SiyahKoli \u0130\u00e7i Adedi: 500Koli Ebad\u0131: 36x27x18 cmKoli A\u011f\u0131rl\u0131\u011f\u0131: 11,7 kg Su Terazisi10 cm ve 4in\u00e7 CetvelDokunmatik Telefon UcuD\u00fcz ve Y\u0131ld\u0131z Tornavida<\/p>\n","protected":false},"featured_media":11333,"comment_status":"open","ping_status":"closed","template":"","meta":[],"product_brand":[],"product_cat":[2275],"product_tag":[],"class_list":{"0":"post-11332","1":"product","2":"type-product","3":"status-publish","4":"has-post-thumbnail","6":"product_cat-thecey-stok-urunler","8":"first","9":"instock","10":"shipping-taxable","11":"purchasable","12":"product-type-simple"},"_links":{"self":[{"href":"https:\/\/thecey.com\/en\/wp-json\/wp\/v2\/product\/11332\/"}],"collection":[{"href":"https:\/\/thecey.com\/en\/wp-json\/wp\/v2\/product\/"}],"about":[{"href":"https:\/\/thecey.com\/en\/wp-json\/wp\/v2\/types\/product\/"}],"replies":[{"embeddable":true,"href":"https:\/\/thecey.com\/en\/wp-json\/wp\/v2\/comments\/?post=11332"}],"wp:featuredmedia":[{"embeddable":true,"href":"https:\/\/thecey.com\/en\/wp-json\/wp\/v2\/media\/11333\/"}],"wp:attachment":[{"href":"https:\/\/thecey.com\/en\/wp-json\/wp\/v2\/media\/?parent=11332"}],"wp:term":[{"taxonomy":"product_brand","embeddable":true,"href":"https:\/\/thecey.com\/en\/wp-json\/wp\/v2\/product_brand\/?post=11332"},{"taxonomy":"product_cat","embeddable":true,"href":"https:\/\/thecey.com\/en\/wp-json\/wp\/v2\/product_cat\/?post=11332"},{"taxonomy":"product_tag","embeddable":true,"href":"https:\/\/thecey.com\/en\/wp-json\/wp\/v2\/product_tag\/?post=11332"}],"curies":[{"name":"wp","href":"https:\/\/api.w.org\/{rel}","templated":true}]}}