{"id":10933,"date":"2025-08-27T12:33:02","date_gmt":"2025-08-27T09:33:02","guid":{"rendered":"https:\/\/thecey.com\/urunler\/cift-usb-ve-type-c-cikisli-powerbank\/"},"modified":"2026-05-11T13:26:48","modified_gmt":"2026-05-11T10:26:48","slug":"cift-usb-ve-type-c-cikisli-powerbank","status":"publish","type":"product","link":"https:\/\/thecey.com\/en\/urunler\/cift-usb-ve-type-c-cikisli-powerbank\/","title":{"rendered":"\u00c7ift USB ve Type-C \u00c7\u0131k\u0131\u015fl\u0131 Powerbank &#8211; BIANCA"},"content":{"rendered":"<p><strong>E\u015fantiyon Powerbank<\/strong><\/p>\n<p>Firmalar \u00fcrettikleri \u00fcr\u00fcnlerini y\u00e2da hizmetlerini tan\u0131tmak amac\u0131yla e\u015fantiyon yapt\u0131r\u0131rlar. E\u015fantiyon powerbank ise sahip oldu\u011fu geni\u015f bask\u0131 alan\u0131 ile bu amaca en uygun \u00fcr\u00fcnlerden biridir. Powerbank\u2019in \u00fczerine uygulanan y\u00fcksek kalitede UV bask\u0131 ile firma logonuzu ya da vermek istedi\u011finiz mesaj\u0131 i\u00e7eren bir g\u00f6rselin bask\u0131s\u0131n\u0131 yapabiliriz.<\/p>\n<p><strong>Hediyelik Powerbank<\/strong><\/p>\n<p>E\u015fantiyon amac\u0131yla tercih edilen logo bask\u0131l\u0131 powerbank, m\u00fc\u015fterilere ve \u00e7al\u0131\u015fanlara hediye olarak sunuldu\u011fu i\u00e7in bu \u00fcr\u00fcnler hediyelik powerbank olarak da bilinmektedir.<\/p>\n<p>Tercih etti\u011finiz hediyelik powerbank \u00fczerine uygulanan bask\u0131 sonras\u0131nda tamamen firman\u0131z\u0131 temsil edecek bir \u00fcr\u00fcne d\u00f6n\u00fc\u015f\u00fcr. Bu sebeple tercih etti\u011finiz \u00fcr\u00fcn kaliteli ve gerekli g\u00fcvenlik testlerinden ba\u015far\u0131yla ge\u00e7mi\u015f bir \u00fcr\u00fcn olmal\u0131d\u0131r. Aksi takdirde ya\u015fanacak sorunlar firma imaj\u0131na zarar verebilir.<\/p>\n<p>VESTA powerbank uluslararas\u0131 ge\u00e7erlili\u011fe sahip kalite ve g\u00fcvenlik sertifikalar\u0131na sahiptir. Y\u00fcksek kalitede batarya ve devre bile\u015fenlerinden imal edilmi\u015flik. pil kapasitene sahiptir. Hafif ve kompakt boyutta tasarlanm\u0131\u015ft\u0131r.<\/p>\n<p>A\u00e7ma\/kapatma tu\u015fu, \u015farj giri\u015fleri ve \u015farj g\u00f6stergesi \u00fcr\u00fcn\u00fcn yan taraf\u0131nda yer almaktad\u0131r. Bu sayede \u00fcr\u00fcn\u00fcn \u00fcst y\u00fczeyi bo\u015f kald\u0131\u011f\u0131 i\u00e7in y\u00fczeyin tamam\u0131na bask\u0131 yap\u0131labilmektedir.<\/p>\n<p><a href=\"https:\/\/www.webtekno.com\/usb-type-c-nedir-h92683.html\" rel=\"nofollow noopener\" target=\"_blank\">Type-C<\/a>, 2 adet USB ve 1 Micro-USB \u015farj \u00e7\u0131k\u0131\u015flar\u0131na sahiptir. \u00dcr\u00fcn\u00fcn kutusunda 3 in 1 (Micro-USB, Lightning, Type-C) \u00e7oklu \u015farj kablo bulunmaktad\u0131r. Fakat \u00fcr\u00fcnden y\u00fcksek performans alabilmek i\u00e7in; Powerbank\u2019i \u015farj ederken veya ba\u015fka cihazlar\u0131 \u015farj etmek i\u00e7in kullan\u0131rken telefonunuzun orijinal \u015farj kablosunu kullanman\u0131z\u0131 tavsiye ederiz.<\/p>\n<p>\u00dczerinde %100, %75, %50 ve %25 \u015farj doluluk oran\u0131n\u0131 g\u00f6steren 4 katmanl\u0131 pil g\u00f6stergesi mevcuttur. Bu sayede powerbank\u2019in ne kadar \u015farj\u0131 kald\u0131\u011f\u0131n\u0131 takip edebilirsiniz.<\/p>\n<p><strong>Promosyon Powerbank Fiyatlar\u0131<\/strong><\/p>\n<p>VESTA powerbank firmam\u0131z taraf\u0131ndan ithal edilmektedir. Ayn\u0131 zamanda bask\u0131 hizmetini de kendi b\u00fcnyemizde sundu\u011fumuz i\u00e7in promosyon powerbank fiyatlar\u0131m\u0131z rakiplerime oranla daha uygundur.<\/p>\n<p>VESTA stoklu bir model oldu\u011fu i\u00e7in sipari\u015finizi h\u0131zl\u0131ca bask\u0131ya al\u0131p \u00fcr\u00fcn\u00fcn\u00fcz\u00fc en k\u0131sa zamandan sizlere ula\u015ft\u0131rabilmekte ve teslimata kadar s\u00fcreci titizlikle takip etmekteyiz.<\/p>\n<p>Bizi arayarak taleplerinizi payla\u015fabilir ve tecr\u00fcbelerimizden faydalanabilirsiniz. Avantajl\u0131 fiyatlar ile promosyon powerbank yapt\u0131rarak rakiplerinizden bir ad\u0131m \u00f6ne ge\u00e7ebilirsiniz.<\/p>\n","protected":false},"excerpt":{"rendered":"<p>E\u015fantiyon Powerbank Firmalar \u00fcrettikleri \u00fcr\u00fcnlerini y\u00e2da hizmetlerini tan\u0131tmak amac\u0131yla e\u015fantiyon yapt\u0131r\u0131rlar. E\u015fantiyon powerbank ise sahip oldu\u011fu geni\u015f bask\u0131 alan\u0131 ile bu amaca en uygun \u00fcr\u00fcnlerden biridir. Powerbank\u2019in \u00fczerine uygulanan y\u00fcksek kalitede UV bask\u0131 ile firma logonuzu ya da vermek istedi\u011finiz mesaj\u0131 i\u00e7eren bir g\u00f6rselin bask\u0131s\u0131n\u0131 yapabiliriz. Hediyelik Powerbank E\u015fantiyon amac\u0131yla tercih edilen logo bask\u0131l\u0131 powerbank,&#8230; Devam\u0131<\/p>\n","protected":false},"featured_media":84095,"comment_status":"open","ping_status":"closed","template":"","meta":[],"product_brand":[],"product_cat":[2275,2315,2304],"product_tag":[],"class_list":{"0":"post-10933","1":"product","2":"type-product","3":"status-publish","4":"has-post-thumbnail","6":"product_cat-thecey-stok-urunler","7":"product_cat-powerbank","8":"product_cat-teknoloji","10":"first","11":"instock","12":"shipping-taxable","13":"purchasable","14":"product-type-variable","15":"has-default-attributes"},"_links":{"self":[{"href":"https:\/\/thecey.com\/en\/wp-json\/wp\/v2\/product\/10933\/"}],"collection":[{"href":"https:\/\/thecey.com\/en\/wp-json\/wp\/v2\/product\/"}],"about":[{"href":"https:\/\/thecey.com\/en\/wp-json\/wp\/v2\/types\/product\/"}],"replies":[{"embeddable":true,"href":"https:\/\/thecey.com\/en\/wp-json\/wp\/v2\/comments\/?post=10933"}],"wp:featuredmedia":[{"embeddable":true,"href":"https:\/\/thecey.com\/en\/wp-json\/wp\/v2\/media\/84095\/"}],"wp:attachment":[{"href":"https:\/\/thecey.com\/en\/wp-json\/wp\/v2\/media\/?parent=10933"}],"wp:term":[{"taxonomy":"product_brand","embeddable":true,"href":"https:\/\/thecey.com\/en\/wp-json\/wp\/v2\/product_brand\/?post=10933"},{"taxonomy":"product_cat","embeddable":true,"href":"https:\/\/thecey.com\/en\/wp-json\/wp\/v2\/product_cat\/?post=10933"},{"taxonomy":"product_tag","embeddable":true,"href":"https:\/\/thecey.com\/en\/wp-json\/wp\/v2\/product_tag\/?post=10933"}],"curies":[{"name":"wp","href":"https:\/\/api.w.org\/{rel}","templated":true}]}}