{"id":10822,"date":"2025-08-27T12:08:13","date_gmt":"2025-08-27T09:08:13","guid":{"rendered":"https:\/\/thecey.com\/urunler\/telefon-askisi-type-c-60w-sarj-ve-veri-aktarim-kablosu\/"},"modified":"2026-03-27T12:54:55","modified_gmt":"2026-03-27T09:54:55","slug":"telefon-askisi-type-c-60w-sarj-ve-veri-aktarim-kablosu","status":"publish","type":"product","link":"https:\/\/thecey.com\/en\/urunler\/telefon-askisi-type-c-60w-sarj-ve-veri-aktarim-kablosu\/","title":{"rendered":"Telefon Ask\u0131s\u0131, Type-C 60W \u015earj ve Veri Aktar\u0131m Kablosu &#8211; LARY WRISTBAND ECO"},"content":{"rendered":"<h4>S\u00fcrd\u00fcr\u00fclebilir malzemelerle tasarlanm\u0131\u015f \u00e7ok i\u015flevli bir kurumsal hediye<\/h4>\n<p><strong>BrandCharger<\/strong> &#8211; Lany Wristband Charge Eco, dijital \u00e7a\u011f\u0131n mobil kullan\u0131c\u0131lar\u0131 i\u00e7in \u00f6zel olarak geli\u015ftirilen, hem \u015f\u0131k bir telefon ask\u0131s\u0131 hem de y\u00fcksek performansl\u0131 bir \u015farj ve veri aktar\u0131m kablosudur. Type-C giri\u015fli cihazlarla uyumlu olan bu 44 cm uzunlu\u011fundaki kablo, 60W h\u0131zl\u0131 \u015farj deste\u011fi ve USB 2.0 veri aktar\u0131m \u00f6zelli\u011fi ile g\u00fcnl\u00fck kullan\u0131mda maksimum i\u015flevsellik sunar. \u00d6zg\u00fcn tasar\u0131m\u0131 sayesinde kullan\u0131c\u0131lar\u0131n telefonlar\u0131n\u0131 kolayca ta\u015f\u0131mas\u0131na olanak tan\u0131rken, ayn\u0131 zamanda h\u0131zl\u0131 \u015farj ve veri senkronizasyonu gibi ihtiya\u00e7lar\u0131 da tek \u00fcr\u00fcnde birle\u015ftirir.<\/p>\n<p>Geri d\u00f6n\u00fc\u015ft\u00fcr\u00fclm\u00fc\u015f PET \u015fi\u015felerden \u00fcretilen 7 mm kal\u0131nl\u0131\u011f\u0131ndaki \u00f6rg\u00fcl\u00fc kablo yap\u0131s\u0131, \u00fcst\u00fcn dayan\u0131kl\u0131l\u0131k sa\u011flarken \u00e7evre dostu bir yakla\u015f\u0131m\u0131 yans\u0131t\u0131r. G\u00fc\u00e7lendirilmi\u015f \u00f6rg\u00fcl\u00fc d\u0131\u015f kaplama ve al\u00fcminyum g\u00f6vde, \u00fcr\u00fcne uzun \u00f6m\u00fcr ve modern bir g\u00f6r\u00fcn\u00fcm kazand\u0131r\u0131r. Bu yenilik\u00e7i kablo, \u015farj kablosu dostu telefon k\u0131l\u0131flar\u0131yla da uyumludur ve 8 kg\u2019a kadar \u00e7ekme dayan\u0131m\u0131yla g\u00fcvenli kullan\u0131m sunar.<\/p>\n<p>Metal toka \u00fczerine lazer markalama veya kuma\u015f yama \u00fczerine bask\u0131 yap\u0131labilir, b\u00f6ylece kurumsal logonuz her kullan\u0131mda profesyonel \u015fekilde \u00f6ne \u00e7\u0131kar.<\/p>\n<p><strong>RCS Sertifikal\u0131<\/strong><br \/>\nGeri D\u00f6n\u00fc\u015f\u00fcm \u0130ddia Standard\u0131 (RCS), geri d\u00f6n\u00fc\u015f\u00fcml\u00fc girdilerin ve denetim zincirinin \u00fc\u00e7\u00fcnc\u00fc taraflarca sertifikaland\u0131r\u0131lmas\u0131 i\u00e7in gereklilikleri belirleyen uluslararas\u0131, iste\u011fe ba\u011fl\u0131 bir standartt\u0131r. RCS&#8217;nin amac\u0131, geri d\u00f6n\u00fc\u015f\u00fcml\u00fc malzemelerin kullan\u0131m\u0131n\u0131 artt\u0131rmak, malzemelerin ger\u00e7ekten geri d\u00f6n\u00fc\u015f\u00fcml\u00fc oldu\u011funa ve son \u00fcr\u00fcnde bulundu\u011funa dair g\u00fcvence vermektir.<\/p>\n<p><strong>FSC ka\u011f\u0131t<\/strong><br \/>\nBu \u00fcr\u00fcnde kullan\u0131lan ka\u011f\u0131t, FSC\u2019nin sosyal ve \u00e7evresel standartlar\u0131na g\u00f6re y\u00f6netildi\u011fi ba\u011f\u0131ms\u0131z bir \u00fc\u00e7\u00fcnc\u00fc taraf\u00e7a denetlenen ormanlardan temin edilmektedir.<\/p>\n<p>&nbsp;<\/p>\n<p><strong>Telefon Ask\u0131s\u0131 ve \u015earj Kablosu Bir Arada<\/strong><br \/>\nG\u00fcnl\u00fck kullan\u0131m i\u00e7in tasarlanm\u0131\u015f bu \u00fcr\u00fcn, hem pratik bir telefon ask\u0131s\u0131 hem de \u015farj ve veri aktar\u0131m kablosu olarak i\u015flev g\u00f6r\u00fcr.<\/p>\n<p><strong>60W H\u0131zl\u0131 \u015earj ve Veri Aktar\u0131m\u0131<\/strong><br \/>\nUSB-C giri\u015fli cihazlar i\u00e7in 60W&#8217;a kadar h\u0131zl\u0131 \u015farj deste\u011fi ve USB 2.0 veri aktar\u0131m\u0131 ile dosya payla\u015f\u0131m\u0131 ve senkronizasyonu kolayca ger\u00e7ekle\u015ftirilir.<\/p>\n<p><strong>Y\u00fcksek \u00c7ekme Dayan\u0131m\u0131<\/strong><br \/>\n8 kg\u2019a kadar \u00e7ekme dayan\u0131m\u0131na sahip yap\u0131s\u0131 sayesinde, cihaz\u0131n\u0131z\u0131 g\u00fcvenle ta\u015f\u0131man\u0131z\u0131 sa\u011flar. \u00c7o\u011fu telefon k\u0131l\u0131f\u0131 ile uyumludur.<\/p>\n<p><strong>Al\u00fcminyum G\u00f6vde ile \u015e\u0131k ve Dayan\u0131kl\u0131 Tasar\u0131m<\/strong><br \/>\nMat metal y\u00fczey ve al\u00fcminyum g\u00f6vde, \u00fcr\u00fcne zarif bir g\u00f6r\u00fcn\u00fcm kazand\u0131r\u0131rken sa\u011flaml\u0131k sa\u011flar.<\/p>\n<p><strong>G\u00fc\u00e7lendirilmi\u015f \u00d6rg\u00fcl\u00fc Kablo Yap\u0131s\u0131<\/strong><br \/>\n7 mm kal\u0131nl\u0131ktaki \u00f6rg\u00fcl\u00fc kablo, dayan\u0131kl\u0131l\u0131\u011f\u0131 art\u0131r\u0131r ve uzun \u00f6m\u00fcrl\u00fc kullan\u0131m sunar. S\u0131k kullan\u0131mda dahi formunu korur.<\/p>\n<p>&nbsp;<\/p>\n<p><strong>LOGO BASKISI NASIL YAPILIR?<\/strong><br \/>\nLogonuz, metal toka \u00fczerine lazer markalama ile ya da kuma\u015f yama \u00fczerine tampon veya UV bask\u0131 y\u00f6ntemiyle uygulanabilir.<\/p>\n","protected":false},"excerpt":{"rendered":"<p>S\u00fcrd\u00fcr\u00fclebilir malzemelerle tasarlanm\u0131\u015f \u00e7ok i\u015flevli bir kurumsal hediye BrandCharger &#8211; Lany Wristband Charge Eco, dijital \u00e7a\u011f\u0131n mobil kullan\u0131c\u0131lar\u0131 i\u00e7in \u00f6zel olarak geli\u015ftirilen, hem \u015f\u0131k bir telefon ask\u0131s\u0131 hem de y\u00fcksek performansl\u0131 bir \u015farj ve veri aktar\u0131m kablosudur. Type-C giri\u015fli cihazlarla uyumlu olan bu 44 cm uzunlu\u011fundaki kablo, 60W h\u0131zl\u0131 \u015farj deste\u011fi ve USB 2.0 veri&#8230; Devam\u0131<\/p>\n","protected":false},"featured_media":36594,"comment_status":"open","ping_status":"closed","template":"","meta":[],"product_brand":[],"product_cat":[2275,2312,2313,2314],"product_tag":[],"class_list":{"0":"post-10822","1":"product","2":"type-product","3":"status-publish","4":"has-post-thumbnail","6":"product_cat-thecey-stok-urunler","7":"product_cat-cevre-dostuteknoloji","8":"product_cat-sarj-kablosuteknoloji","9":"product_cat-telefon-aksesuarlari","11":"first","12":"instock","13":"shipping-taxable","14":"purchasable","15":"product-type-simple"},"_links":{"self":[{"href":"https:\/\/thecey.com\/en\/wp-json\/wp\/v2\/product\/10822\/"}],"collection":[{"href":"https:\/\/thecey.com\/en\/wp-json\/wp\/v2\/product\/"}],"about":[{"href":"https:\/\/thecey.com\/en\/wp-json\/wp\/v2\/types\/product\/"}],"replies":[{"embeddable":true,"href":"https:\/\/thecey.com\/en\/wp-json\/wp\/v2\/comments\/?post=10822"}],"wp:featuredmedia":[{"embeddable":true,"href":"https:\/\/thecey.com\/en\/wp-json\/wp\/v2\/media\/36594\/"}],"wp:attachment":[{"href":"https:\/\/thecey.com\/en\/wp-json\/wp\/v2\/media\/?parent=10822"}],"wp:term":[{"taxonomy":"product_brand","embeddable":true,"href":"https:\/\/thecey.com\/en\/wp-json\/wp\/v2\/product_brand\/?post=10822"},{"taxonomy":"product_cat","embeddable":true,"href":"https:\/\/thecey.com\/en\/wp-json\/wp\/v2\/product_cat\/?post=10822"},{"taxonomy":"product_tag","embeddable":true,"href":"https:\/\/thecey.com\/en\/wp-json\/wp\/v2\/product_tag\/?post=10822"}],"curies":[{"name":"wp","href":"https:\/\/api.w.org\/{rel}","templated":true}]}}