{"id":10644,"date":"2025-08-27T11:23:50","date_gmt":"2025-08-27T08:23:50","guid":{"rendered":"https:\/\/thecey.com\/urunler\/katlanabilir-manyetik-coklu-kablosuz-sarj-standi-2\/"},"modified":"2026-03-27T12:55:34","modified_gmt":"2026-03-27T09:55:34","slug":"katlanabilir-manyetik-coklu-kablosuz-sarj-standi-2","status":"publish","type":"product","link":"https:\/\/thecey.com\/en\/urunler\/katlanabilir-manyetik-coklu-kablosuz-sarj-standi-2\/","title":{"rendered":"Katlanabilir Manyetik \u00c7oklu Kablosuz \u015earj Stand\u0131 &#8211; TRE"},"content":{"rendered":"<p>\u00dc\u00e7\u00fc Bir Arada Wireless \u015earj Stand\u0131<\/p>\n<h3>\u00dc\u00e7 Cihaz\u0131n\u0131z\u0131 da ayn\u0131 anda kablosuz olarak \u015farj edin!<\/h3>\n<p>Modern ya\u015fam\u0131n\u0131zdaki cihaz-\u015farj karma\u015fas\u0131na bu \u00fcr\u00fcnle son verin. VINGUS Kablosuz \u015farj stand\u0131 \u00fcr\u00fcn\u00fcm\u00fcz, \u00fc\u00e7 cihaz\u0131 da ayn\u0131 anda \u015farj etme imkan\u0131 sunuyor. 2.5W-5W ve 15W kablosuz \u015farj \u00e7\u0131k\u0131\u015f alanlar\u0131 ile bluetooth kulakl\u0131\u011f\u0131n\u0131z\u0131, ak\u0131ll\u0131 saatinizi ve cep telefonunuzu ayn\u0131 anda \u015farj edebilirsiniz.<\/p>\n<h3>Katlanabilir Tasar\u0131m \u0130le Kablosuz \u015earj Stand\u0131n\u0131n Konforunu Deneyimleyin!<\/h3>\n<p>S\u0131radan \u015farj cihazlar\u0131 yerine, hayat\u0131n\u0131z\u0131 kolayla\u015ft\u0131racak \u015f\u0131k ve fonksiyonel bir \u00e7\u00f6z\u00fcm sunuyoruz: Katlanabilir Manyetik \u00c7oklu Kablosuz \u015earj Stand\u0131. Bu yenilik\u00e7i \u015farj stand\u0131, size sadece bir \u015farj cihaz\u0131ndan daha fazlas\u0131n\u0131 vaat ederek; tam bir pratik ya\u015fam tarz\u0131 sunuyor.<\/p>\n<p>Bu \u015farj stand\u0131, \u00fc\u00e7 ayr\u0131 kablosuz \u015farj alan\u0131 ile donat\u0131ld\u0131. \u00dc\u00e7 ayr\u0131 alan\u0131 kullanaca\u011f\u0131n\u0131z zaman stand\u0131 tamamen a\u00e7abilir, kullanmayaca\u011f\u0131n\u0131z zaman rahatl\u0131kla katlayabilirsiniz. Her bir panelin kolayca katlanabilmesi sayesinde, ta\u015f\u0131nabilirli\u011fi sizin i\u00e7in yeniden tan\u0131ml\u0131yor.<\/p>\n<h3>Teknik \u00d6zellikler<\/h3>\n<p>Teknoloji merakl\u0131lar\u0131 ve \u00e7oklu cihaz kullan\u0131c\u0131lar\u0131 i\u00e7in \u00f6zenle tasarlanm\u0131\u015f olan \u00c7oklu Kablosuz \u015earj Stand\u0131m\u0131z, hem kullan\u0131\u015fl\u0131 \u00f6zellikleri hem de kullan\u0131c\u0131 dostu tasar\u0131m\u0131 ile dikkat \u00e7ekiyor. Bu \u00fcr\u00fcn tasarlan\u0131rken, Kullan\u0131m kolayl\u0131\u011f\u0131 ve h\u0131zl\u0131 \u015farj i\u00e7in teknolojinin zirvesinden faydalan\u0131ld\u0131!<\/p>\n<ul>\n<li><strong>Dayan\u0131kl\u0131 Malzeme:<\/strong> \u00dcr\u00fcn \u00fcretim materyali olarak y\u00fcksek kaliteli ABS ve silikon kullan\u0131ld\u0131. Bu \u015farj stand\u0131, \u015f\u0131k g\u00f6r\u00fcn\u00fcm\u00fcn yan\u0131nda uzun s\u00fcreli kullan\u0131m da sunar.<\/li>\n<li><strong>\u00c7oklu \u015earj \u00c7\u0131k\u0131\u015flar\u0131:<\/strong> 2.5W-5W-15W \u015feklindeki \u00fc\u00e7 farkl\u0131 \u015farj \u00e7\u0131k\u0131\u015f\u0131 sayesinde birden fazla cihaz\u0131n\u0131z\u0131 ayn\u0131 anda \u015farj etme olana\u011f\u0131 sa\u011flar.<\/li>\n<li><strong>Katlanabilir Yap\u0131da Tasar\u0131m:<\/strong> Katlanabilir tasar\u0131m\u0131 sayesinde bu \u015farj stand\u0131 kullan\u0131lmad\u0131\u011f\u0131 zamanlarda minimum alan kaplar.<\/li>\n<li><strong>H\u0131zl\u0131 \u015earj Deste\u011fi:<\/strong> 15W kablosuz \u015farj \u00e7\u0131k\u0131\u015f\u0131 ile ak\u0131ll\u0131 telefonlar\u0131n\u0131za h\u0131zl\u0131 \u015farj deste\u011fi sunar. Cihazlar\u0131n\u0131z\u0131 kablosuz ve h\u0131zl\u0131 bir \u015fekilde \u015farj edebilirsiniz.<\/li>\n<li><strong>Uyumlu G\u00fc\u00e7 Giri\u015fi:<\/strong> \u015earj Stand\u0131n\u0131n g\u00fc\u00e7 giri\u015fi yeni nesil Type-C ile tasarland\u0131. DC 9V\/2A Type-C giri\u015fi bulunur.<\/li>\n<\/ul>\n<h3>Markan\u0131za \u00f6zel bask\u0131l\u0131 bir kablosuz \u015farj stand\u0131na ne dersiniz?<\/h3>\n<p>Bu kablosuz \u015farj stand\u0131, markan\u0131z i\u00e7in lazer kaz\u0131ma bask\u0131s\u0131yla \u00f6zelle\u015ftirilebilir.<br \/>\nKurumsal kimli\u011finizi bu prestijli \u00fcr\u00fcn ile her yere ta\u015f\u0131y\u0131n. \u00dcst\u00fcn kalitede bir \u015farj deneyimi ya\u015fatan bu \u00fcr\u00fcn; hediye etti\u011finiz m\u00fc\u015fterilerinizi veya \u00e7al\u0131\u015fanlar\u0131n\u0131z\u0131 olduk\u00e7a mutlu edecek. \u00dcr\u00fcn \u00fczerine firma logonuzu veya \u00f6zel slogan\u0131n\u0131z\u0131 ekleyerek markan\u0131z\u0131 \u00f6ne \u00e7\u0131karabilir, en iyi \u015fekilde tan\u0131tabilirsiniz.<br \/>\nBu \u00f6zelle\u015ftirme se\u00e7ene\u011fi, m\u00fc\u015fterilerinize, \u00e7al\u0131\u015fanlar\u0131n\u0131za veya i\u015f ortaklar\u0131n\u0131za \u00f6zel bir hediye sunman\u0131n yan\u0131 s\u0131ra, konferanslar, fuarlar ve kurumsal etkinlikler i\u00e7in m\u00fckemmel bir promosyon \u00fcr\u00fcn\u00fcd\u00fcr.<\/p>\n","protected":false},"excerpt":{"rendered":"<p>\u00dc\u00e7\u00fc Bir Arada Wireless \u015earj Stand\u0131 \u00dc\u00e7 Cihaz\u0131n\u0131z\u0131 da ayn\u0131 anda kablosuz olarak \u015farj edin! Modern ya\u015fam\u0131n\u0131zdaki cihaz-\u015farj karma\u015fas\u0131na bu \u00fcr\u00fcnle son verin. VINGUS Kablosuz \u015farj stand\u0131 \u00fcr\u00fcn\u00fcm\u00fcz, \u00fc\u00e7 cihaz\u0131 da ayn\u0131 anda \u015farj etme imkan\u0131 sunuyor. 2.5W-5W ve 15W kablosuz \u015farj \u00e7\u0131k\u0131\u015f alanlar\u0131 ile bluetooth kulakl\u0131\u011f\u0131n\u0131z\u0131, ak\u0131ll\u0131 saatinizi ve cep telefonunuzu ayn\u0131 anda \u015farj&#8230; Devam\u0131<\/p>\n","protected":false},"featured_media":36742,"comment_status":"open","ping_status":"closed","template":"","meta":[],"product_brand":[],"product_cat":[2275,2308,2304],"product_tag":[],"class_list":{"0":"post-10644","1":"product","2":"type-product","3":"status-publish","4":"has-post-thumbnail","6":"product_cat-thecey-stok-urunler","7":"product_cat-kablosuz-sarj","8":"product_cat-teknoloji","10":"first","11":"instock","12":"shipping-taxable","13":"purchasable","14":"product-type-variable"},"_links":{"self":[{"href":"https:\/\/thecey.com\/en\/wp-json\/wp\/v2\/product\/10644\/"}],"collection":[{"href":"https:\/\/thecey.com\/en\/wp-json\/wp\/v2\/product\/"}],"about":[{"href":"https:\/\/thecey.com\/en\/wp-json\/wp\/v2\/types\/product\/"}],"replies":[{"embeddable":true,"href":"https:\/\/thecey.com\/en\/wp-json\/wp\/v2\/comments\/?post=10644"}],"wp:featuredmedia":[{"embeddable":true,"href":"https:\/\/thecey.com\/en\/wp-json\/wp\/v2\/media\/36742\/"}],"wp:attachment":[{"href":"https:\/\/thecey.com\/en\/wp-json\/wp\/v2\/media\/?parent=10644"}],"wp:term":[{"taxonomy":"product_brand","embeddable":true,"href":"https:\/\/thecey.com\/en\/wp-json\/wp\/v2\/product_brand\/?post=10644"},{"taxonomy":"product_cat","embeddable":true,"href":"https:\/\/thecey.com\/en\/wp-json\/wp\/v2\/product_cat\/?post=10644"},{"taxonomy":"product_tag","embeddable":true,"href":"https:\/\/thecey.com\/en\/wp-json\/wp\/v2\/product_tag\/?post=10644"}],"curies":[{"name":"wp","href":"https:\/\/api.w.org\/{rel}","templated":true}]}}