{"id":10379,"date":"2025-03-05T10:16:08","date_gmt":"2025-03-05T07:16:08","guid":{"rendered":"https:\/\/thecey.com\/?post_type=product&#038;p=10379"},"modified":"2025-03-05T10:16:08","modified_gmt":"2025-03-05T07:16:08","slug":"cocuk-pancolari","status":"publish","type":"product","link":"https:\/\/thecey.com\/en\/urunler\/cocuk-pancolari\/","title":{"rendered":"\u00c7ocuk Pan\u00e7olar\u0131"},"content":{"rendered":"","protected":false},"excerpt":{"rendered":"","protected":false},"featured_media":10357,"comment_status":"open","ping_status":"closed","template":"","meta":[],"product_brand":[],"product_cat":[822,2303],"product_tag":[],"class_list":{"0":"post-10379","1":"product","2":"type-product","3":"status-publish","4":"has-post-thumbnail","6":"product_cat-tekstil-urunleri","7":"product_cat-cocuk-pancolari","9":"first","10":"instock","11":"shipping-taxable","12":"product-type-simple"},"_links":{"self":[{"href":"https:\/\/thecey.com\/en\/wp-json\/wp\/v2\/product\/10379\/"}],"collection":[{"href":"https:\/\/thecey.com\/en\/wp-json\/wp\/v2\/product\/"}],"about":[{"href":"https:\/\/thecey.com\/en\/wp-json\/wp\/v2\/types\/product\/"}],"replies":[{"embeddable":true,"href":"https:\/\/thecey.com\/en\/wp-json\/wp\/v2\/comments\/?post=10379"}],"wp:featuredmedia":[{"embeddable":true,"href":"https:\/\/thecey.com\/en\/wp-json\/wp\/v2\/media\/10357\/"}],"wp:attachment":[{"href":"https:\/\/thecey.com\/en\/wp-json\/wp\/v2\/media\/?parent=10379"}],"wp:term":[{"taxonomy":"product_brand","embeddable":true,"href":"https:\/\/thecey.com\/en\/wp-json\/wp\/v2\/product_brand\/?post=10379"},{"taxonomy":"product_cat","embeddable":true,"href":"https:\/\/thecey.com\/en\/wp-json\/wp\/v2\/product_cat\/?post=10379"},{"taxonomy":"product_tag","embeddable":true,"href":"https:\/\/thecey.com\/en\/wp-json\/wp\/v2\/product_tag\/?post=10379"}],"curies":[{"name":"wp","href":"https:\/\/api.w.org\/{rel}","templated":true}]}}