{"id":10351,"date":"2025-02-26T14:41:51","date_gmt":"2025-02-26T11:41:51","guid":{"rendered":"https:\/\/thecey.com\/?post_type=product&#038;p=10351"},"modified":"2025-02-26T14:41:51","modified_gmt":"2025-02-26T11:41:51","slug":"premium-turk-bayragi-masa-standi","status":"publish","type":"product","link":"https:\/\/thecey.com\/en\/urunler\/premium-turk-bayragi-masa-standi\/","title":{"rendered":"Premium T\u00fcrk Bayra\u011f\u0131 Masa Stand\u0131"},"content":{"rendered":"","protected":false},"excerpt":{"rendered":"","protected":false},"featured_media":10345,"comment_status":"open","ping_status":"closed","template":"","meta":[],"product_brand":[],"product_cat":[935],"product_tag":[],"class_list":{"0":"post-10351","1":"product","2":"type-product","3":"status-publish","4":"has-post-thumbnail","6":"product_cat-essiz-urunler","8":"first","9":"instock","10":"shipping-taxable","11":"product-type-simple"},"_links":{"self":[{"href":"https:\/\/thecey.com\/en\/wp-json\/wp\/v2\/product\/10351\/"}],"collection":[{"href":"https:\/\/thecey.com\/en\/wp-json\/wp\/v2\/product\/"}],"about":[{"href":"https:\/\/thecey.com\/en\/wp-json\/wp\/v2\/types\/product\/"}],"replies":[{"embeddable":true,"href":"https:\/\/thecey.com\/en\/wp-json\/wp\/v2\/comments\/?post=10351"}],"wp:featuredmedia":[{"embeddable":true,"href":"https:\/\/thecey.com\/en\/wp-json\/wp\/v2\/media\/10345\/"}],"wp:attachment":[{"href":"https:\/\/thecey.com\/en\/wp-json\/wp\/v2\/media\/?parent=10351"}],"wp:term":[{"taxonomy":"product_brand","embeddable":true,"href":"https:\/\/thecey.com\/en\/wp-json\/wp\/v2\/product_brand\/?post=10351"},{"taxonomy":"product_cat","embeddable":true,"href":"https:\/\/thecey.com\/en\/wp-json\/wp\/v2\/product_cat\/?post=10351"},{"taxonomy":"product_tag","embeddable":true,"href":"https:\/\/thecey.com\/en\/wp-json\/wp\/v2\/product_tag\/?post=10351"}],"curies":[{"name":"wp","href":"https:\/\/api.w.org\/{rel}","templated":true}]}}