{"id":10103,"date":"2024-11-04T16:17:07","date_gmt":"2024-11-04T13:17:07","guid":{"rendered":"https:\/\/thecey.com\/?post_type=product&#038;p=10103"},"modified":"2025-10-07T15:45:56","modified_gmt":"2025-10-07T12:45:56","slug":"stanley-the-iceflow-flip-straw-pipetli-termos-bardak-089-lt","status":"publish","type":"product","link":"https:\/\/thecey.com\/en\/urunler\/stanley-the-iceflow-flip-straw-pipetli-termos-bardak-089-lt\/","title":{"rendered":"IceFlow\u2122 Flip Straw Tumbler Pipetli Termos | 0.60 L"},"content":{"rendered":"","protected":false},"excerpt":{"rendered":"<p>Kapasite: 0,89 Lt.<\/p>\n<p>Boyutlar: 24,8 x 10,4 x 9 cm.<\/p>\n<p>A\u011f\u0131rl\u0131k:600 gr.<\/p>\n<p>So\u011fuk\u00a012 Saat<\/p>\n<p>Buzlu \u0130\u00e7ecekler:\u00a048 Saat<\/p>\n","protected":false},"featured_media":17055,"comment_status":"open","ping_status":"closed","template":"","meta":[],"product_brand":[],"product_cat":[2299],"product_tag":[],"class_list":{"0":"post-10103","1":"product","2":"type-product","3":"status-publish","4":"has-post-thumbnail","6":"product_cat-stainley","8":"first","9":"instock","10":"shipping-taxable","11":"product-type-simple"},"_links":{"self":[{"href":"https:\/\/thecey.com\/en\/wp-json\/wp\/v2\/product\/10103\/"}],"collection":[{"href":"https:\/\/thecey.com\/en\/wp-json\/wp\/v2\/product\/"}],"about":[{"href":"https:\/\/thecey.com\/en\/wp-json\/wp\/v2\/types\/product\/"}],"replies":[{"embeddable":true,"href":"https:\/\/thecey.com\/en\/wp-json\/wp\/v2\/comments\/?post=10103"}],"wp:featuredmedia":[{"embeddable":true,"href":"https:\/\/thecey.com\/en\/wp-json\/wp\/v2\/media\/17055\/"}],"wp:attachment":[{"href":"https:\/\/thecey.com\/en\/wp-json\/wp\/v2\/media\/?parent=10103"}],"wp:term":[{"taxonomy":"product_brand","embeddable":true,"href":"https:\/\/thecey.com\/en\/wp-json\/wp\/v2\/product_brand\/?post=10103"},{"taxonomy":"product_cat","embeddable":true,"href":"https:\/\/thecey.com\/en\/wp-json\/wp\/v2\/product_cat\/?post=10103"},{"taxonomy":"product_tag","embeddable":true,"href":"https:\/\/thecey.com\/en\/wp-json\/wp\/v2\/product_tag\/?post=10103"}],"curies":[{"name":"wp","href":"https:\/\/api.w.org\/{rel}","templated":true}]}}