{"id":10079,"date":"2024-11-04T12:41:40","date_gmt":"2024-11-04T09:41:40","guid":{"rendered":"https:\/\/thecey.com\/?post_type=product&#038;p=10079"},"modified":"2024-11-04T12:41:40","modified_gmt":"2024-11-04T09:41:40","slug":"yil-basi-coraplari","status":"publish","type":"product","link":"https:\/\/thecey.com\/en\/urunler\/yil-basi-coraplari\/","title":{"rendered":"Y\u0131l Ba\u015f\u0131 \u00c7oraplar\u0131"},"content":{"rendered":"","protected":false},"excerpt":{"rendered":"<p>So\u011fuk k\u0131\u015f g\u00fcnlerine s\u0131cakl\u0131k kat\u0131n! \u00d6zel y\u0131lba\u015f\u0131 temal\u0131 desenleri ve yumu\u015fak dokusuyla bu \u00e7oraplar, hem \u015f\u0131k hem de rahat bir hediye alternatifi sunuyor. Sevdiklerinizi mutlu edecek, yeni y\u0131l\u0131n enerjisini ta\u015f\u0131yan harika bir hediye se\u00e7ene\u011fi!<\/p>\n","protected":false},"featured_media":10084,"comment_status":"open","ping_status":"closed","template":"","meta":[],"product_brand":[],"product_cat":[822],"product_tag":[],"class_list":{"0":"post-10079","1":"product","2":"type-product","3":"status-publish","4":"has-post-thumbnail","6":"product_cat-tekstil-urunleri","8":"first","9":"instock","10":"shipping-taxable","11":"product-type-simple"},"_links":{"self":[{"href":"https:\/\/thecey.com\/en\/wp-json\/wp\/v2\/product\/10079\/"}],"collection":[{"href":"https:\/\/thecey.com\/en\/wp-json\/wp\/v2\/product\/"}],"about":[{"href":"https:\/\/thecey.com\/en\/wp-json\/wp\/v2\/types\/product\/"}],"replies":[{"embeddable":true,"href":"https:\/\/thecey.com\/en\/wp-json\/wp\/v2\/comments\/?post=10079"}],"wp:featuredmedia":[{"embeddable":true,"href":"https:\/\/thecey.com\/en\/wp-json\/wp\/v2\/media\/10084\/"}],"wp:attachment":[{"href":"https:\/\/thecey.com\/en\/wp-json\/wp\/v2\/media\/?parent=10079"}],"wp:term":[{"taxonomy":"product_brand","embeddable":true,"href":"https:\/\/thecey.com\/en\/wp-json\/wp\/v2\/product_brand\/?post=10079"},{"taxonomy":"product_cat","embeddable":true,"href":"https:\/\/thecey.com\/en\/wp-json\/wp\/v2\/product_cat\/?post=10079"},{"taxonomy":"product_tag","embeddable":true,"href":"https:\/\/thecey.com\/en\/wp-json\/wp\/v2\/product_tag\/?post=10079"}],"curies":[{"name":"wp","href":"https:\/\/api.w.org\/{rel}","templated":true}]}}