{"id":10055,"date":"2024-10-08T10:51:24","date_gmt":"2024-10-08T07:51:24","guid":{"rendered":"https:\/\/thecey.com\/?post_type=product&#038;p=10055"},"modified":"2024-10-08T11:41:14","modified_gmt":"2024-10-08T08:41:14","slug":"arac-ici-el-supurgesi","status":"publish","type":"product","link":"https:\/\/thecey.com\/en\/urunler\/arac-ici-el-supurgesi\/","title":{"rendered":"Ara\u00e7 \u0130\u00e7i El S\u00fcp\u00fcrgesi"},"content":{"rendered":"<p>Y\u00fczey Malzemesi Plastik ABS<br \/>\nToz Haznesi Kapasitesi 0.4L<br \/>\n\u015earj Y\u00f6netimi 7,4V Type-C \u015earj<br \/>\nAnma Gerilimi Type-C7.4V<br \/>\nAnma G\u00fcc\u00fc 90W<br \/>\nVakum Derecesi 12000PA<br \/>\n\u015earj S\u00fcresi 3 saat<br \/>\nPil Kapasitesi 4000 Mah<br \/>\nG\u00fcr\u00fclt\u00fc \u226470dB<br \/>\n\u0130ki Kadameli \u00c7ekim G\u00fcc\u00fc.<\/p>\n","protected":false},"excerpt":{"rendered":"<p>Y\u00fczey Malzemesi Plastik ABS Toz Haznesi Kapasitesi 0.4L \u015earj Y\u00f6netimi 7,4V Type-C \u015earj Anma Gerilimi Type-C7.4V Anma G\u00fcc\u00fc 90W Vakum Derecesi 12000PA \u015earj S\u00fcresi 3 saat Pil Kapasitesi 4000 Mah G\u00fcr\u00fclt\u00fc \u226470dB \u0130ki Kadameli \u00c7ekim G\u00fcc\u00fc.<\/p>\n","protected":false},"featured_media":10056,"comment_status":"open","ping_status":"closed","template":"","meta":[],"product_brand":[],"product_cat":[18],"product_tag":[],"class_list":{"0":"post-10055","1":"product","2":"type-product","3":"status-publish","4":"has-post-thumbnail","6":"product_cat-elektronik-urunler","8":"first","9":"instock","10":"shipping-taxable","11":"product-type-simple"},"_links":{"self":[{"href":"https:\/\/thecey.com\/en\/wp-json\/wp\/v2\/product\/10055\/"}],"collection":[{"href":"https:\/\/thecey.com\/en\/wp-json\/wp\/v2\/product\/"}],"about":[{"href":"https:\/\/thecey.com\/en\/wp-json\/wp\/v2\/types\/product\/"}],"replies":[{"embeddable":true,"href":"https:\/\/thecey.com\/en\/wp-json\/wp\/v2\/comments\/?post=10055"}],"wp:featuredmedia":[{"embeddable":true,"href":"https:\/\/thecey.com\/en\/wp-json\/wp\/v2\/media\/10056\/"}],"wp:attachment":[{"href":"https:\/\/thecey.com\/en\/wp-json\/wp\/v2\/media\/?parent=10055"}],"wp:term":[{"taxonomy":"product_brand","embeddable":true,"href":"https:\/\/thecey.com\/en\/wp-json\/wp\/v2\/product_brand\/?post=10055"},{"taxonomy":"product_cat","embeddable":true,"href":"https:\/\/thecey.com\/en\/wp-json\/wp\/v2\/product_cat\/?post=10055"},{"taxonomy":"product_tag","embeddable":true,"href":"https:\/\/thecey.com\/en\/wp-json\/wp\/v2\/product_tag\/?post=10055"}],"curies":[{"name":"wp","href":"https:\/\/api.w.org\/{rel}","templated":true}]}}